{"id":1812,"date":"2025-08-14T17:25:29","date_gmt":"2025-08-14T17:25:29","guid":{"rendered":"https:\/\/yurtkaya.com\/%d8%a7%d9%84%d8%b5%d8%ad%d8%a9-%d9%88%d8%a7%d9%84%d8%b3%d9%84%d8%a7%d9%85%d8%a9-%d8%a7%d9%84%d9%85%d9%87%d9%86%d9%8a%d8%a9\/"},"modified":"2025-08-14T17:25:29","modified_gmt":"2025-08-14T17:25:29","slug":"%d8%a7%d9%84%d8%b5%d8%ad%d8%a9-%d9%88%d8%a7%d9%84%d8%b3%d9%84%d8%a7%d9%85%d8%a9-%d8%a7%d9%84%d9%85%d9%87%d9%86%d9%8a%d8%a9","status":"publish","type":"page","link":"https:\/\/yurtkaya.com\/ar\/%d8%a7%d9%84%d8%b5%d8%ad%d8%a9-%d9%88%d8%a7%d9%84%d8%b3%d9%84%d8%a7%d9%85%d8%a9-%d8%a7%d9%84%d9%85%d9%87%d9%86%d9%8a%d8%a9\/","title":{"rendered":"\u0627\u0644\u0635\u062d\u0629 \u0648\u0627\u0644\u0633\u0644\u0627\u0645\u0629 \u0627\u0644\u0645\u0647\u0646\u064a\u0629"},"content":{"rendered":"\n\t<section class=\"section\" id=\"section_2061960346\">\n\t\t<div class=\"section-bg fill\" >\n\t\t\t<img loading=\"lazy\" decoding=\"async\" width=\"1400\" height=\"875\" src=\"https:\/\/yurtkaya.com\/wp-content\/uploads\/2025\/08\/29.jpg\" class=\"bg attachment- size-\" alt=\"\" \/>\t\t\t\t\t\t\n\t\t\t\n\n\t\t<\/div>\n\n\t\t\n\n\t\t<div class=\"section-content relative\">\n\t\t\t\n\t\t<\/div>\n\n\t\t\n<style>\n#section_2061960346 {\n  padding-top: 30px;\n  padding-bottom: 30px;\n  min-height: 300px;\n}\n#section_2061960346 .section-bg img {\n  object-position: 64% 49%;\n}\n@media (min-width:550px) {\n  #section_2061960346 {\n    min-height: 400px;\n  }\n}\n@media (min-width:850px) {\n  #section_2061960346 {\n    min-height: 500px;\n  }\n}\n<\/style>\n\t<\/section>\n\t\n\n\t<section class=\"section\" id=\"section_1538877171\">\n\t\t<div class=\"section-bg fill\" >\n\t\t\t\t\t\t\t\t\t\n\t\t\t\n\n\t\t<\/div>\n\n\t\t\n\n\t\t<div class=\"section-content relative\">\n\t\t\t\n<div class=\"row align-center\"  id=\"row-1570665076\">\n\n\t<div id=\"col-1185181491\" class=\"col medium-12 small-12 large-6\"  >\n\t\t\t\t<div class=\"col-inner\"  >\n\t\t\t\n\t\t\t\n\t<div id=\"gap-1190946582\" class=\"gap-element clearfix\" style=\"display:block; height:auto;\">\n\t\t\n<style>\n#gap-1190946582 {\n  padding-top: 10px;\n}\n@media (min-width:550px) {\n  #gap-1190946582 {\n    padding-top: 20px;\n  }\n}\n@media (min-width:850px) {\n  #gap-1190946582 {\n    padding-top: 30px;\n  }\n}\n<\/style>\n\t<\/div>\n\t\n\t<div id=\"text-2374791017\" class=\"text\">\n\t\t\n<h2 data-start=\"107\" data-end=\"140\"><strong data-start=\"110\" data-end=\"138\">\u0633\u064a\u0627\u0633\u062a\u0646\u0627 \u0644\u0644\u0633\u0644\u0627\u0645\u0629 \u0627\u0644\u0645\u0647\u0646\u064a\u0629<\/strong><\/h2>\n\t\t\n<style>\n#text-2374791017 {\n  font-size: 1.55rem;\n}\n<\/style>\n\t<\/div>\n\t\n<p data-start=\"142\" data-end=\"444\">\u062a\u062a\u0628\u0646\u0649 \u0634\u0631\u0643\u062a\u0646\u0627 \u0627\u0644\u0645\u0628\u062f\u0623 \u0627\u0644\u0623\u0633\u0627\u0633\u064a \u0627\u0644\u0645\u062a\u0645\u062b\u0644 \u0641\u064a \u062a\u0637\u0628\u064a\u0642 \u0642\u0648\u0627\u0639\u062f <strong data-start=\"177\" data-end=\"204\">\u0627\u0644\u0635\u062d\u0629 \u0648\u0627\u0644\u0633\u0644\u0627\u0645\u0629 \u0627\u0644\u0645\u0647\u0646\u064a\u0629<\/strong> \u0639\u0644\u0649 \u0623\u0639\u0644\u0649 \u0645\u0633\u062a\u0648\u0649 \u0641\u064a \u062c\u0645\u064a\u0639 \u0627\u0644\u0645\u0634\u0627\u0631\u064a\u0639 \u0627\u0644\u062a\u064a \u062a\u0642\u0648\u0645 \u0628\u062a\u0646\u0641\u064a\u0630\u0647\u0627. \u0647\u062f\u0641\u0646\u0627 \u0647\u0648 \u0645\u0648\u0627\u0635\u0644\u0629 \u0623\u0646\u0634\u0637\u062a\u0646\u0627 \u0628\u0647\u062f\u0641 \u0635\u0641\u0631 \u062d\u0648\u0627\u062f\u062b \u0639\u0645\u0644\u060c \u0645\u0646 \u062e\u0644\u0627\u0644 \u0636\u0645\u0627\u0646 \u0633\u0644\u0627\u0645\u0629 \u0645\u0648\u0638\u0641\u064a\u0646\u0627 \u0648\u0634\u0631\u0643\u0627\u0626\u0646\u0627 \u0648\u062c\u0645\u064a\u0639 \u0627\u0644\u0623\u0634\u062e\u0627\u0635 \u0627\u0644\u0645\u0648\u062c\u0648\u062f\u064a\u0646 \u0641\u064a \u0645\u0646\u0637\u0642\u0629 \u0627\u0644\u0645\u0634\u0631\u0648\u0639.<\/p>\n\t\t<\/div>\n\t\t\t\t\n<style>\n#col-1185181491 > .col-inner {\n  padding: 0px 10% 0px 0px;\n}\n<\/style>\n\t<\/div>\n\n\t\n\n\t<div id=\"col-763611505\" class=\"col medium-12 small-12 large-6\"  >\n\t\t\t\t<div class=\"col-inner\" style=\"background-color:rgb(241, 241, 241);\" >\n\t\t\t\n\t<div class=\"is-border\"\n\t\tstyle=\"border-color:rgb(73, 193, 147);border-width:10px 0px 0px 0px;\">\n\t<\/div>\n\t\t\t\n\t<div id=\"text-3507642275\" class=\"text\">\n\t\t\n<h3>\u0641\u064a \u062c\u0645\u064a\u0639 \u0645\u0648\u0627\u0642\u0639 \u0627\u0644\u0628\u0646\u0627\u0621 \u0644\u062f\u064a\u0646\u0627 \u0648\u0648\u0641\u0642\u0627\u064b \u0644\u0645\u0639\u0627\u064a\u064a\u0631 \u0627\u0644\u0633\u0644\u0627\u0645\u0629 \u0627\u0644\u0645\u0647\u0646\u064a\u0629 \u0627\u0644\u0648\u0637\u0646\u064a\u0629 \u0648\u0627\u0644\u062f\u0648\u0644\u064a\u0629\u060c \u064a\u062a\u0645:<\/h3>\n\t\t\n<style>\n#text-3507642275 {\n  font-size: 1.25rem;\n}\n<\/style>\n\t<\/div>\n\t\n<ul>\n\u00a0\t<\/p>\n<li>\u0625\u062c\u0631\u0627\u0621 <strong data-start=\"537\" data-end=\"556\">\u062a\u062d\u0644\u064a\u0644\u0627\u062a \u0627\u0644\u0645\u062e\u0627\u0637\u0631<\/strong> \u0628\u0634\u0643\u0644 \u0645\u0646\u062a\u0638\u0645.<\/li>\n<p>\u00a0\t<\/p>\n<li>\u062a\u0648\u0641\u064a\u0631 <strong data-start=\"597\" data-end=\"634\">\u062a\u062f\u0631\u064a\u0628\u0627\u062a \u062f\u0648\u0631\u064a\u0629 \u0644\u0644\u0633\u0644\u0627\u0645\u0629 \u0627\u0644\u0645\u0647\u0646\u064a\u0629<\/strong> \u0644\u0644\u0645\u0648\u0638\u0641\u064a\u0646.<\/li>\n<p>\u00a0\t<\/p>\n<li>\u062a\u0623\u0645\u064a\u0646 <strong data-start=\"648\" data-end=\"679\">\u0645\u0639\u062f\u0627\u062a \u0627\u0644\u062d\u0645\u0627\u064a\u0629 \u0627\u0644\u0634\u062e\u0635\u064a\u0629<\/strong> \u0628\u0627\u0644\u0643\u0627\u0645\u0644 \u0648\u0645\u0631\u0627\u0642\u0628\u0629 \u0627\u0633\u062a\u062e\u062f\u0627\u0645\u0647\u0627.<\/li>\n<p>\u00a0\t<\/p>\n<li>\u0625\u0639\u062f\u0627\u062f \u062e\u0637\u0637 \u0639\u0645\u0644 \u0644\u0644\u0637\u0648\u0627\u0631\u0626 \u0648\u062a\u0637\u0628\u064a\u0642\u0647\u0627 \u0645\u0646 \u062e\u0644\u0627\u0644 \u0627\u0644\u062a\u062f\u0631\u064a\u0628\u0627\u062a.<\/li>\n<p>\u00a0\t<\/p>\n<li>\u062e\u0644\u0642 \u062b\u0642\u0627\u0641\u0629 \u0639\u0645\u0644 \u0648\u0627\u0639\u064a\u0629 \u0628\u064a\u0626\u064a\u0627\u064b \u0648\u0627\u062c\u062a\u0645\u0627\u0639\u064a\u0627\u064b.<\/li>\n<\/ul>\n\t\t<\/div>\n\t\t\t\t\n<style>\n#col-763611505 > .col-inner {\n  padding: 15% 10% 5% 10%;\n  margin: 0 0px 0px 0px;\n}\n@media (min-width:550px) {\n  #col-763611505 > .col-inner {\n    padding: 10% 10% 8% 10%;\n  }\n}\n@media (min-width:850px) {\n  #col-763611505 > .col-inner {\n    padding: 15% 15% 10% 15%;\n    margin: -172px 0px 0px 0px;\n  }\n}\n<\/style>\n\t<\/div>\n\n\t\n<\/div>\n\t\t<\/div>\n\n\t\t\n<style>\n#section_1538877171 {\n  padding-top: 30px;\n  padding-bottom: 30px;\n}\n<\/style>\n\t<\/section>\n\t\n\n\t<section class=\"section\" id=\"section_2031423986\">\n\t\t<div class=\"section-bg fill\" >\n\t\t\t\t\t\t\t\t\t\n\t\t\t\n\n\t\t<\/div>\n\n\t\t\n\n\t\t<div class=\"section-content relative\">\n\t\t\t\n\t<div id=\"gap-596483023\" class=\"gap-element clearfix\" style=\"display:block; height:auto;\">\n\t\t\n<style>\n#gap-596483023 {\n  padding-top: 30px;\n}\n<\/style>\n\t<\/div>\n\t\n<div class=\"row row-small align-equal\"  id=\"row-151733786\">\n\n\t<div id=\"col-2144614375\" class=\"col medium-7 small-12 large-8\"  >\n\t\t\t\t<div class=\"col-inner\"  >\n\t\t\t\n\t\t\t\n\n  <div class=\"banner has-hover\" id=\"banner-891194752\">\n          <div class=\"banner-inner fill\">\n        <div class=\"banner-bg fill\" >\n            <img loading=\"lazy\" decoding=\"async\" width=\"1020\" height=\"638\" src=\"https:\/\/yurtkaya.com\/wp-content\/uploads\/2025\/08\/26-1280x800.jpg\" class=\"bg attachment-large size-large\" alt=\"\" \/>                                    \n                    <\/div>\n\t\t\n        <div class=\"banner-layers container\">\n            <div class=\"fill banner-link\"><\/div>            \n   <div id=\"text-box-1542606325\" class=\"text-box banner-layer x50 md-x50 lg-x50 y50 md-y50 lg-y50 res-text\">\n                                <div class=\"text-box-content text dark\">\n              \n              <div class=\"text-inner text-center\">\n                  \n              <\/div>\n           <\/div>\n                            \n<style>\n#text-box-1542606325 {\n  width: 60%;\n}\n#text-box-1542606325 .text-box-content {\n  font-size: 100%;\n}\n@media (min-width:550px) {\n  #text-box-1542606325 {\n    width: 60%;\n  }\n}\n<\/style>\n    <\/div>\n \n        <\/div>\n      <\/div>\n\n            \n<style>\n#banner-891194752 {\n  padding-top: 250px;\n  background-color: rgba(255, 255, 255, 0);\n}\n#banner-891194752 .banner-bg img {\n  object-position: 53% 60%;\n}\n@media (min-width:550px) {\n  #banner-891194752 {\n    padding-top: 400px;\n  }\n}\n<\/style>\n  <\/div>\n\n\n\t\t<\/div>\n\t\t\t\t\t<\/div>\n\n\t\n\n\t<div id=\"col-114689553\" class=\"col medium-5 small-12 large-4\"  >\n\t\t\t\t<div class=\"col-inner text-center\"  >\n\t\t\t\n\t<div class=\"is-border\"\n\t\tstyle=\"border-color:rgb(39, 54, 71);border-width:2px 2px 2px 2px;\">\n\t<\/div>\n\t\t\t\n\t<div id=\"gap-1794631032\" class=\"gap-element clearfix\" style=\"display:block; height:auto;\">\n\t\t\n<style>\n#gap-1794631032 {\n  padding-top: 20px;\n}\n@media (min-width:550px) {\n  #gap-1794631032 {\n    padding-top: 60px;\n  }\n}\n<\/style>\n\t<\/div>\n\t\n\t<div id=\"text-2288945401\" class=\"text\">\n\t\t\n<p>\u0641\u064a \u0643\u0644 \u0645\u0634\u0631\u0648\u0639\u060c \u0646\u0639\u0645\u0644 \u0628\u0645\u0628\u062f\u0623 <strong data-start=\"919\" data-end=\"935\">\u201c\u0627\u0644\u0625\u0646\u0633\u0627\u0646 \u0623\u0648\u0644\u0627\u064b\u201d<\/strong>\u060c \u0648\u0646\u0636\u0645\u0646 \u0627\u0633\u062a\u0645\u0631\u0627\u0631\u064a\u0629 \u0627\u0644\u0639\u0645\u0644 \u0648\u0633\u0644\u0627\u0645\u0629 \u0645\u0648\u0638\u0641\u064a\u0646\u0627 \u0645\u0646 \u062e\u0644\u0627\u0644 \u062a\u0648\u0641\u064a\u0631 \u0628\u064a\u0626\u0629 \u0639\u0645\u0644 \u0622\u0645\u0646\u0629.<\/p>\n\t\t\n<style>\n#text-2288945401 {\n  font-size: 1rem;\n}\n<\/style>\n\t<\/div>\n\t\n\t\t<\/div>\n\t\t\t\t\n<style>\n#col-114689553 > .col-inner {\n  padding: 15% 15% 15% 15%;\n}\n<\/style>\n\t<\/div>\n\n\t\n<\/div>\n\t\t<\/div>\n\n\t\t\n<style>\n#section_2031423986 {\n  padding-top: 30px;\n  padding-bottom: 30px;\n}\n<\/style>\n\t<\/section>\n\t\n","protected":false},"excerpt":{"rendered":"","protected":false},"author":1,"featured_media":0,"parent":0,"menu_order":0,"comment_status":"closed","ping_status":"closed","template":"page-blank.php","meta":{"pagelayer_contact_templates":[],"_pagelayer_content":"","footnotes":""},"class_list":["post-1812","page","type-page","status-publish","hentry"],"yoast_head":"<!-- This site is optimized with the Yoast SEO plugin v27.2 - https:\/\/yoast.com\/product\/yoast-seo-wordpress\/ -->\n<title>\u0627\u0644\u0635\u062d\u0629 \u0648\u0627\u0644\u0633\u0644\u0627\u0645\u0629 \u0627\u0644\u0645\u0647\u0646\u064a\u0629 - YURT KAYA \u0130N\u015eAAT<\/title>\n<meta name=\"robots\" content=\"index, follow, max-snippet:-1, max-image-preview:large, max-video-preview:-1\" \/>\n<link rel=\"canonical\" href=\"https:\/\/yurtkaya.com\/isg\/\" \/>\n<meta property=\"og:locale\" content=\"ar_AR\" \/>\n<meta property=\"og:type\" content=\"article\" \/>\n<meta property=\"og:title\" content=\"\u0627\u0644\u0635\u062d\u0629 \u0648\u0627\u0644\u0633\u0644\u0627\u0645\u0629 \u0627\u0644\u0645\u0647\u0646\u064a\u0629 - YURT KAYA \u0130N\u015eAAT\" \/>\n<meta property=\"og:url\" content=\"https:\/\/yurtkaya.com\/isg\/\" \/>\n<meta property=\"og:site_name\" content=\"YURT KAYA \u0130N\u015eAAT\" \/>\n<meta name=\"twitter:card\" content=\"summary_large_image\" \/>\n<meta name=\"twitter:label1\" content=\"\u0648\u0642\u062a \u0627\u0644\u0642\u0631\u0627\u0621\u0629 \u0627\u0644\u0645\u064f\u0642\u062f\u0651\u0631\" \/>\n\t<meta name=\"twitter:data1\" content=\"\u062f\u0642\u064a\u0642\u0629 \u0648\u0627\u062d\u062f\u0629\" \/>\n<script type=\"application\/ld+json\" class=\"yoast-schema-graph\">{\"@context\":\"https:\/\/schema.org\",\"@graph\":[{\"@type\":\"WebPage\",\"@id\":\"https:\/\/yurtkaya.com\/isg\/\",\"url\":\"https:\/\/yurtkaya.com\/isg\/\",\"name\":\"\u0627\u0644\u0635\u062d\u0629 \u0648\u0627\u0644\u0633\u0644\u0627\u0645\u0629 \u0627\u0644\u0645\u0647\u0646\u064a\u0629 - YURT KAYA \u0130N\u015eAAT\",\"isPartOf\":{\"@id\":\"https:\/\/yurtkaya.com\/#website\"},\"datePublished\":\"2025-08-14T17:25:29+00:00\",\"breadcrumb\":{\"@id\":\"https:\/\/yurtkaya.com\/isg\/#breadcrumb\"},\"inLanguage\":\"ar\",\"potentialAction\":[{\"@type\":\"ReadAction\",\"target\":[\"https:\/\/yurtkaya.com\/isg\/\"]}]},{\"@type\":\"BreadcrumbList\",\"@id\":\"https:\/\/yurtkaya.com\/isg\/#breadcrumb\",\"itemListElement\":[{\"@type\":\"ListItem\",\"position\":1,\"name\":\"Anasayfa\",\"item\":\"https:\/\/yurtkaya.com\/ar\/\"},{\"@type\":\"ListItem\",\"position\":2,\"name\":\"\u0627\u0644\u0635\u062d\u0629 \u0648\u0627\u0644\u0633\u0644\u0627\u0645\u0629 \u0627\u0644\u0645\u0647\u0646\u064a\u0629\"}]},{\"@type\":\"WebSite\",\"@id\":\"https:\/\/yurtkaya.com\/#website\",\"url\":\"https:\/\/yurtkaya.com\/\",\"name\":\"YURTKAYA M\u00dcHEND\u0130SL\u0130K VE \u0130N\u015eAAT L\u0130M\u0130TED \u015e\u0130RKET\u0130\",\"description\":\"https:\/\/yurtkaya.com\/\",\"publisher\":{\"@id\":\"https:\/\/yurtkaya.com\/#organization\"},\"potentialAction\":[{\"@type\":\"SearchAction\",\"target\":{\"@type\":\"EntryPoint\",\"urlTemplate\":\"https:\/\/yurtkaya.com\/?s={search_term_string}\"},\"query-input\":{\"@type\":\"PropertyValueSpecification\",\"valueRequired\":true,\"valueName\":\"search_term_string\"}}],\"inLanguage\":\"ar\"},{\"@type\":\"Organization\",\"@id\":\"https:\/\/yurtkaya.com\/#organization\",\"name\":\"YURTKAYA \u0130N\u015eAAT MUHEND\u0130SL\u0130K\",\"alternateName\":\"YURTKAYA \u0130N\u015eAAT\",\"url\":\"https:\/\/yurtkaya.com\/\",\"logo\":{\"@type\":\"ImageObject\",\"inLanguage\":\"ar\",\"@id\":\"https:\/\/yurtkaya.com\/#\/schema\/logo\/image\/\",\"url\":\"https:\/\/yurtkaya.com\/wp-content\/uploads\/2025\/08\/cropped-3.png\",\"contentUrl\":\"https:\/\/yurtkaya.com\/wp-content\/uploads\/2025\/08\/cropped-3.png\",\"width\":512,\"height\":512,\"caption\":\"YURTKAYA \u0130N\u015eAAT MUHEND\u0130SL\u0130K\"},\"image\":{\"@id\":\"https:\/\/yurtkaya.com\/#\/schema\/logo\/image\/\"}}]}<\/script>\n<!-- \/ Yoast SEO plugin. -->","yoast_head_json":{"title":"\u0627\u0644\u0635\u062d\u0629 \u0648\u0627\u0644\u0633\u0644\u0627\u0645\u0629 \u0627\u0644\u0645\u0647\u0646\u064a\u0629 - YURT KAYA \u0130N\u015eAAT","robots":{"index":"index","follow":"follow","max-snippet":"max-snippet:-1","max-image-preview":"max-image-preview:large","max-video-preview":"max-video-preview:-1"},"canonical":"https:\/\/yurtkaya.com\/isg\/","og_locale":"ar_AR","og_type":"article","og_title":"\u0627\u0644\u0635\u062d\u0629 \u0648\u0627\u0644\u0633\u0644\u0627\u0645\u0629 \u0627\u0644\u0645\u0647\u0646\u064a\u0629 - YURT KAYA \u0130N\u015eAAT","og_url":"https:\/\/yurtkaya.com\/isg\/","og_site_name":"YURT KAYA \u0130N\u015eAAT","twitter_card":"summary_large_image","twitter_misc":{"\u0648\u0642\u062a \u0627\u0644\u0642\u0631\u0627\u0621\u0629 \u0627\u0644\u0645\u064f\u0642\u062f\u0651\u0631":"\u062f\u0642\u064a\u0642\u0629 \u0648\u0627\u062d\u062f\u0629"},"schema":{"@context":"https:\/\/schema.org","@graph":[{"@type":"WebPage","@id":"https:\/\/yurtkaya.com\/isg\/","url":"https:\/\/yurtkaya.com\/isg\/","name":"\u0627\u0644\u0635\u062d\u0629 \u0648\u0627\u0644\u0633\u0644\u0627\u0645\u0629 \u0627\u0644\u0645\u0647\u0646\u064a\u0629 - YURT KAYA \u0130N\u015eAAT","isPartOf":{"@id":"https:\/\/yurtkaya.com\/#website"},"datePublished":"2025-08-14T17:25:29+00:00","breadcrumb":{"@id":"https:\/\/yurtkaya.com\/isg\/#breadcrumb"},"inLanguage":"ar","potentialAction":[{"@type":"ReadAction","target":["https:\/\/yurtkaya.com\/isg\/"]}]},{"@type":"BreadcrumbList","@id":"https:\/\/yurtkaya.com\/isg\/#breadcrumb","itemListElement":[{"@type":"ListItem","position":1,"name":"Anasayfa","item":"https:\/\/yurtkaya.com\/ar\/"},{"@type":"ListItem","position":2,"name":"\u0627\u0644\u0635\u062d\u0629 \u0648\u0627\u0644\u0633\u0644\u0627\u0645\u0629 \u0627\u0644\u0645\u0647\u0646\u064a\u0629"}]},{"@type":"WebSite","@id":"https:\/\/yurtkaya.com\/#website","url":"https:\/\/yurtkaya.com\/","name":"YURTKAYA M\u00dcHEND\u0130SL\u0130K VE \u0130N\u015eAAT L\u0130M\u0130TED \u015e\u0130RKET\u0130","description":"https:\/\/yurtkaya.com\/","publisher":{"@id":"https:\/\/yurtkaya.com\/#organization"},"potentialAction":[{"@type":"SearchAction","target":{"@type":"EntryPoint","urlTemplate":"https:\/\/yurtkaya.com\/?s={search_term_string}"},"query-input":{"@type":"PropertyValueSpecification","valueRequired":true,"valueName":"search_term_string"}}],"inLanguage":"ar"},{"@type":"Organization","@id":"https:\/\/yurtkaya.com\/#organization","name":"YURTKAYA \u0130N\u015eAAT MUHEND\u0130SL\u0130K","alternateName":"YURTKAYA \u0130N\u015eAAT","url":"https:\/\/yurtkaya.com\/","logo":{"@type":"ImageObject","inLanguage":"ar","@id":"https:\/\/yurtkaya.com\/#\/schema\/logo\/image\/","url":"https:\/\/yurtkaya.com\/wp-content\/uploads\/2025\/08\/cropped-3.png","contentUrl":"https:\/\/yurtkaya.com\/wp-content\/uploads\/2025\/08\/cropped-3.png","width":512,"height":512,"caption":"YURTKAYA \u0130N\u015eAAT MUHEND\u0130SL\u0130K"},"image":{"@id":"https:\/\/yurtkaya.com\/#\/schema\/logo\/image\/"}}]}},"_links":{"self":[{"href":"https:\/\/yurtkaya.com\/ar\/wp-json\/wp\/v2\/pages\/1812","targetHints":{"allow":["GET"]}}],"collection":[{"href":"https:\/\/yurtkaya.com\/ar\/wp-json\/wp\/v2\/pages"}],"about":[{"href":"https:\/\/yurtkaya.com\/ar\/wp-json\/wp\/v2\/types\/page"}],"author":[{"embeddable":true,"href":"https:\/\/yurtkaya.com\/ar\/wp-json\/wp\/v2\/users\/1"}],"replies":[{"embeddable":true,"href":"https:\/\/yurtkaya.com\/ar\/wp-json\/wp\/v2\/comments?post=1812"}],"version-history":[{"count":0,"href":"https:\/\/yurtkaya.com\/ar\/wp-json\/wp\/v2\/pages\/1812\/revisions"}],"wp:attachment":[{"href":"https:\/\/yurtkaya.com\/ar\/wp-json\/wp\/v2\/media?parent=1812"}],"curies":[{"name":"wp","href":"https:\/\/api.w.org\/{rel}","templated":true}]}}