{"id":1848,"date":"2016-02-15T20:47:32","date_gmt":"2016-02-15T20:47:32","guid":{"rendered":"https:\/\/yurtkaya.com\/referanslar\/"},"modified":"2025-12-15T21:42:12","modified_gmt":"2025-12-15T21:42:12","slug":"referanslar","status":"publish","type":"page","link":"https:\/\/yurtkaya.com\/az\/referanslar\/","title":{"rendered":"Referanslar"},"content":{"rendered":"\n  <div class=\"banner has-hover has-parallax\" id=\"banner-1541290862\">\n          <div class=\"banner-inner fill\">\n        <div class=\"banner-bg fill\" data-parallax=\"-2\" data-parallax-container=\".banner\" data-parallax-background>\n            <img loading=\"lazy\" decoding=\"async\" width=\"1020\" height=\"574\" src=\"https:\/\/yurtkaya.com\/wp-content\/uploads\/2025\/08\/1.jpg\" class=\"bg attachment-large size-large\" alt=\"\" \/>                        <div class=\"overlay\"><\/div>            \n                    <\/div>\n\t\t\n        <div class=\"banner-layers container\">\n            <div class=\"fill banner-link\"><\/div>            \n   <div id=\"text-box-797863990\" class=\"text-box banner-layer x50 md-x50 lg-x50 y50 md-y50 lg-y50 res-text\">\n                                <div class=\"text-box-content text dark\">\n              \n              <div class=\"text-inner text-center\">\n                  \n<h2 class=\"uppercase\">Referanslar<\/h2>\n<p data-start=\"53\" data-end=\"155\"><strong data-start=\"53\" data-end=\"153\">&#8220;Bu g\u00fcn\u0259d\u0259k etibar v\u0259 m\u0259mnuniyy\u0259tl\u0259 tamamlad\u0131\u011f\u0131m\u0131z layih\u0259l\u0259rd\u0259n b\u0259zil\u0259rini sizinl\u0259 b\u00f6l\u00fc\u015f\u00fcr\u00fck.&#8221;<\/strong><\/p>\n              <\/div>\n           <\/div>\n                            \n<style>\n#text-box-797863990 {\n  width: 81%;\n}\n#text-box-797863990 .text-box-content {\n  font-size: 100%;\n}\n@media (min-width:550px) {\n  #text-box-797863990 {\n    width: 68%;\n  }\n}\n<\/style>\n    <\/div>\n \n        <\/div>\n      <\/div>\n\n            \n<style>\n#banner-1541290862 {\n  padding-top: 368px;\n}\n#banner-1541290862 .overlay {\n  background-color: rgba(0, 0, 0, 0.27);\n}\n@media (min-width:550px) {\n  #banner-1541290862 {\n    padding-top: 300px;\n  }\n}\n<\/style>\n  <\/div>\n\n\n\n  \n    <div id=\"gallery-635413622\" class=\"row large-columns-4 medium-columns-3 small-columns-2 row-xsmall row-masonry\" data-packery-options='{\"itemSelector\": \".col\", \"gutter\": 0, \"presentageWidth\" : true}'>\n\n  <div class=\"gallery-col col\" >\n          <div class=\"col-inner\">\n            <a class=\"image-lightbox lightbox-gallery\" href=\"https:\/\/yurtkaya.com\/wp-content\/uploads\/2025\/12\/emin-evim-logo.jpg\" title=\"\">            <div class=\"box has-hover gallery-box box-normal\">\n              <div class=\"box-image\" >\n                <img loading=\"lazy\" decoding=\"async\" width=\"400\" height=\"400\" src=\"https:\/\/yurtkaya.com\/wp-content\/uploads\/2025\/12\/emin-evim-logo-400x400.jpg\" class=\"attachment-medium size-medium\" alt=\"\" ids=\"2788,545,549,547,548,546,479,550,476,477,478\" style=\"normal\" lightbox_image_size=\"original\" type=\"masonry\" col_spacing=\"xsmall\" srcset=\"https:\/\/yurtkaya.com\/wp-content\/uploads\/2025\/12\/emin-evim-logo-400x400.jpg 400w, https:\/\/yurtkaya.com\/wp-content\/uploads\/2025\/12\/emin-evim-logo-800x800.jpg 800w, https:\/\/yurtkaya.com\/wp-content\/uploads\/2025\/12\/emin-evim-logo-280x280.jpg 280w, https:\/\/yurtkaya.com\/wp-content\/uploads\/2025\/12\/emin-evim-logo-768x768.jpg 768w, https:\/\/yurtkaya.com\/wp-content\/uploads\/2025\/12\/emin-evim-logo-1536x1536.jpg 1536w, https:\/\/yurtkaya.com\/wp-content\/uploads\/2025\/12\/emin-evim-logo.jpg 1772w\" sizes=\"auto, (max-width: 400px) 100vw, 400px\" \/>                                                              <\/div>\n              <div class=\"box-text text-left\" >\n                 <p><\/p>\n              <\/div>\n            <\/div>\n            <\/a>          <\/div>\n         <\/div><div class=\"gallery-col col\" >\n          <div class=\"col-inner\">\n            <a class=\"image-lightbox lightbox-gallery\" href=\"https:\/\/yurtkaya.com\/wp-content\/uploads\/2025\/08\/1-2.jpg\" title=\"\">            <div class=\"box has-hover gallery-box box-normal\">\n              <div class=\"box-image\" >\n                <img loading=\"lazy\" decoding=\"async\" width=\"400\" height=\"400\" src=\"https:\/\/yurtkaya.com\/wp-content\/uploads\/2025\/08\/1-2-400x400.jpg\" class=\"attachment-medium size-medium\" alt=\"\" ids=\"2788,545,549,547,548,546,479,550,476,477,478\" style=\"normal\" lightbox_image_size=\"original\" type=\"masonry\" col_spacing=\"xsmall\" srcset=\"https:\/\/yurtkaya.com\/wp-content\/uploads\/2025\/08\/1-2-400x400.jpg 400w, https:\/\/yurtkaya.com\/wp-content\/uploads\/2025\/08\/1-2-280x280.jpg 280w, https:\/\/yurtkaya.com\/wp-content\/uploads\/2025\/08\/1-2.jpg 500w\" sizes=\"auto, (max-width: 400px) 100vw, 400px\" \/>                                                              <\/div>\n              <div class=\"box-text text-left\" >\n                 <p><\/p>\n              <\/div>\n            <\/div>\n            <\/a>          <\/div>\n         <\/div><div class=\"gallery-col col\" >\n          <div class=\"col-inner\">\n            <a class=\"image-lightbox lightbox-gallery\" href=\"https:\/\/yurtkaya.com\/wp-content\/uploads\/2025\/08\/5-1.jpg\" title=\"\">            <div class=\"box has-hover gallery-box box-normal\">\n              <div class=\"box-image\" >\n                <img loading=\"lazy\" decoding=\"async\" width=\"400\" height=\"400\" src=\"https:\/\/yurtkaya.com\/wp-content\/uploads\/2025\/08\/5-1-400x400.jpg\" class=\"attachment-medium size-medium\" alt=\"\" ids=\"2788,545,549,547,548,546,479,550,476,477,478\" style=\"normal\" lightbox_image_size=\"original\" type=\"masonry\" col_spacing=\"xsmall\" srcset=\"https:\/\/yurtkaya.com\/wp-content\/uploads\/2025\/08\/5-1-400x400.jpg 400w, https:\/\/yurtkaya.com\/wp-content\/uploads\/2025\/08\/5-1-280x280.jpg 280w, https:\/\/yurtkaya.com\/wp-content\/uploads\/2025\/08\/5-1.jpg 500w\" sizes=\"auto, (max-width: 400px) 100vw, 400px\" \/>                                                              <\/div>\n              <div class=\"box-text text-left\" >\n                 <p><\/p>\n              <\/div>\n            <\/div>\n            <\/a>          <\/div>\n         <\/div><div class=\"gallery-col col\" >\n          <div class=\"col-inner\">\n            <a class=\"image-lightbox lightbox-gallery\" href=\"https:\/\/yurtkaya.com\/wp-content\/uploads\/2025\/08\/3-2.jpg\" title=\"\">            <div class=\"box has-hover gallery-box box-normal\">\n              <div class=\"box-image\" >\n                <img loading=\"lazy\" decoding=\"async\" width=\"400\" height=\"400\" src=\"https:\/\/yurtkaya.com\/wp-content\/uploads\/2025\/08\/3-2-400x400.jpg\" class=\"attachment-medium size-medium\" alt=\"\" ids=\"2788,545,549,547,548,546,479,550,476,477,478\" style=\"normal\" lightbox_image_size=\"original\" type=\"masonry\" col_spacing=\"xsmall\" srcset=\"https:\/\/yurtkaya.com\/wp-content\/uploads\/2025\/08\/3-2-400x400.jpg 400w, https:\/\/yurtkaya.com\/wp-content\/uploads\/2025\/08\/3-2-280x280.jpg 280w, https:\/\/yurtkaya.com\/wp-content\/uploads\/2025\/08\/3-2.jpg 500w\" sizes=\"auto, (max-width: 400px) 100vw, 400px\" \/>                                                              <\/div>\n              <div class=\"box-text text-left\" >\n                 <p><\/p>\n              <\/div>\n            <\/div>\n            <\/a>          <\/div>\n         <\/div><div class=\"gallery-col col\" >\n          <div class=\"col-inner\">\n            <a class=\"image-lightbox lightbox-gallery\" href=\"https:\/\/yurtkaya.com\/wp-content\/uploads\/2025\/08\/4-2.jpg\" title=\"\">            <div class=\"box has-hover gallery-box box-normal\">\n              <div class=\"box-image\" >\n                <img loading=\"lazy\" decoding=\"async\" width=\"400\" height=\"400\" src=\"https:\/\/yurtkaya.com\/wp-content\/uploads\/2025\/08\/4-2-400x400.jpg\" class=\"attachment-medium size-medium\" alt=\"\" ids=\"2788,545,549,547,548,546,479,550,476,477,478\" style=\"normal\" lightbox_image_size=\"original\" type=\"masonry\" col_spacing=\"xsmall\" srcset=\"https:\/\/yurtkaya.com\/wp-content\/uploads\/2025\/08\/4-2-400x400.jpg 400w, https:\/\/yurtkaya.com\/wp-content\/uploads\/2025\/08\/4-2-280x280.jpg 280w, https:\/\/yurtkaya.com\/wp-content\/uploads\/2025\/08\/4-2.jpg 500w\" sizes=\"auto, (max-width: 400px) 100vw, 400px\" \/>                                                              <\/div>\n              <div class=\"box-text text-left\" >\n                 <p><\/p>\n              <\/div>\n            <\/div>\n            <\/a>          <\/div>\n         <\/div><div class=\"gallery-col col\" >\n          <div class=\"col-inner\">\n            <a class=\"image-lightbox lightbox-gallery\" href=\"https:\/\/yurtkaya.com\/wp-content\/uploads\/2025\/08\/2-2.jpg\" title=\"\">            <div class=\"box has-hover gallery-box box-normal\">\n              <div class=\"box-image\" >\n                <img loading=\"lazy\" decoding=\"async\" width=\"400\" height=\"400\" src=\"https:\/\/yurtkaya.com\/wp-content\/uploads\/2025\/08\/2-2-400x400.jpg\" class=\"attachment-medium size-medium\" alt=\"\" ids=\"2788,545,549,547,548,546,479,550,476,477,478\" style=\"normal\" lightbox_image_size=\"original\" type=\"masonry\" col_spacing=\"xsmall\" srcset=\"https:\/\/yurtkaya.com\/wp-content\/uploads\/2025\/08\/2-2-400x400.jpg 400w, https:\/\/yurtkaya.com\/wp-content\/uploads\/2025\/08\/2-2-280x280.jpg 280w, https:\/\/yurtkaya.com\/wp-content\/uploads\/2025\/08\/2-2.jpg 500w\" sizes=\"auto, (max-width: 400px) 100vw, 400px\" \/>                                                              <\/div>\n              <div class=\"box-text text-left\" >\n                 <p><\/p>\n              <\/div>\n            <\/div>\n            <\/a>          <\/div>\n         <\/div><div class=\"gallery-col col\" >\n          <div class=\"col-inner\">\n            <a class=\"image-lightbox lightbox-gallery\" href=\"https:\/\/yurtkaya.com\/wp-content\/uploads\/2025\/08\/4-1.jpg\" title=\"\">            <div class=\"box has-hover gallery-box box-normal\">\n              <div class=\"box-image\" >\n                <img loading=\"lazy\" decoding=\"async\" width=\"400\" height=\"400\" src=\"https:\/\/yurtkaya.com\/wp-content\/uploads\/2025\/08\/4-1-400x400.jpg\" class=\"attachment-medium size-medium\" alt=\"\" ids=\"2788,545,549,547,548,546,479,550,476,477,478\" style=\"normal\" lightbox_image_size=\"original\" type=\"masonry\" col_spacing=\"xsmall\" srcset=\"https:\/\/yurtkaya.com\/wp-content\/uploads\/2025\/08\/4-1-400x400.jpg 400w, https:\/\/yurtkaya.com\/wp-content\/uploads\/2025\/08\/4-1-280x280.jpg 280w, https:\/\/yurtkaya.com\/wp-content\/uploads\/2025\/08\/4-1.jpg 500w\" sizes=\"auto, (max-width: 400px) 100vw, 400px\" \/>                                                              <\/div>\n              <div class=\"box-text text-left\" >\n                 <p><\/p>\n              <\/div>\n            <\/div>\n            <\/a>          <\/div>\n         <\/div><div class=\"gallery-col col\" >\n          <div class=\"col-inner\">\n            <a class=\"image-lightbox lightbox-gallery\" href=\"https:\/\/yurtkaya.com\/wp-content\/uploads\/2025\/08\/6-1.jpg\" title=\"\">            <div class=\"box has-hover gallery-box box-normal\">\n              <div class=\"box-image\" >\n                <img loading=\"lazy\" decoding=\"async\" width=\"400\" height=\"400\" src=\"https:\/\/yurtkaya.com\/wp-content\/uploads\/2025\/08\/6-1-400x400.jpg\" class=\"attachment-medium size-medium\" alt=\"\" ids=\"2788,545,549,547,548,546,479,550,476,477,478\" style=\"normal\" lightbox_image_size=\"original\" type=\"masonry\" col_spacing=\"xsmall\" srcset=\"https:\/\/yurtkaya.com\/wp-content\/uploads\/2025\/08\/6-1-400x400.jpg 400w, https:\/\/yurtkaya.com\/wp-content\/uploads\/2025\/08\/6-1-280x280.jpg 280w, https:\/\/yurtkaya.com\/wp-content\/uploads\/2025\/08\/6-1.jpg 500w\" sizes=\"auto, (max-width: 400px) 100vw, 400px\" \/>                                                              <\/div>\n              <div class=\"box-text text-left\" >\n                 <p><\/p>\n              <\/div>\n            <\/div>\n            <\/a>          <\/div>\n         <\/div><div class=\"gallery-col col\" >\n          <div class=\"col-inner\">\n            <a class=\"image-lightbox lightbox-gallery\" href=\"https:\/\/yurtkaya.com\/wp-content\/uploads\/2025\/08\/1-1.jpg\" title=\"\">            <div class=\"box has-hover gallery-box box-normal\">\n              <div class=\"box-image\" >\n                <img loading=\"lazy\" decoding=\"async\" width=\"400\" height=\"400\" src=\"https:\/\/yurtkaya.com\/wp-content\/uploads\/2025\/08\/1-1-400x400.jpg\" class=\"attachment-medium size-medium\" alt=\"\" ids=\"2788,545,549,547,548,546,479,550,476,477,478\" style=\"normal\" lightbox_image_size=\"original\" type=\"masonry\" col_spacing=\"xsmall\" srcset=\"https:\/\/yurtkaya.com\/wp-content\/uploads\/2025\/08\/1-1-400x400.jpg 400w, https:\/\/yurtkaya.com\/wp-content\/uploads\/2025\/08\/1-1-280x280.jpg 280w, https:\/\/yurtkaya.com\/wp-content\/uploads\/2025\/08\/1-1.jpg 500w\" sizes=\"auto, (max-width: 400px) 100vw, 400px\" \/>                                                              <\/div>\n              <div class=\"box-text text-left\" >\n                 <p><\/p>\n              <\/div>\n            <\/div>\n            <\/a>          <\/div>\n         <\/div><div class=\"gallery-col col\" >\n          <div class=\"col-inner\">\n            <a class=\"image-lightbox lightbox-gallery\" href=\"https:\/\/yurtkaya.com\/wp-content\/uploads\/2025\/08\/2-1.jpg\" title=\"\">            <div class=\"box has-hover gallery-box box-normal\">\n              <div class=\"box-image\" >\n                <img loading=\"lazy\" decoding=\"async\" width=\"400\" height=\"400\" src=\"https:\/\/yurtkaya.com\/wp-content\/uploads\/2025\/08\/2-1-400x400.jpg\" class=\"attachment-medium size-medium\" alt=\"\" ids=\"2788,545,549,547,548,546,479,550,476,477,478\" style=\"normal\" lightbox_image_size=\"original\" type=\"masonry\" col_spacing=\"xsmall\" srcset=\"https:\/\/yurtkaya.com\/wp-content\/uploads\/2025\/08\/2-1-400x400.jpg 400w, https:\/\/yurtkaya.com\/wp-content\/uploads\/2025\/08\/2-1-280x280.jpg 280w, https:\/\/yurtkaya.com\/wp-content\/uploads\/2025\/08\/2-1.jpg 500w\" sizes=\"auto, (max-width: 400px) 100vw, 400px\" \/>                                                              <\/div>\n              <div class=\"box-text text-left\" >\n                 <p><\/p>\n              <\/div>\n            <\/div>\n            <\/a>          <\/div>\n         <\/div><div class=\"gallery-col col\" >\n          <div class=\"col-inner\">\n            <a class=\"image-lightbox lightbox-gallery\" href=\"https:\/\/yurtkaya.com\/wp-content\/uploads\/2025\/08\/3-1.jpg\" title=\"\">            <div class=\"box has-hover gallery-box box-normal\">\n              <div class=\"box-image\" >\n                <img loading=\"lazy\" decoding=\"async\" width=\"400\" height=\"400\" src=\"https:\/\/yurtkaya.com\/wp-content\/uploads\/2025\/08\/3-1-400x400.jpg\" class=\"attachment-medium size-medium\" alt=\"\" ids=\"2788,545,549,547,548,546,479,550,476,477,478\" style=\"normal\" lightbox_image_size=\"original\" type=\"masonry\" col_spacing=\"xsmall\" srcset=\"https:\/\/yurtkaya.com\/wp-content\/uploads\/2025\/08\/3-1-400x400.jpg 400w, https:\/\/yurtkaya.com\/wp-content\/uploads\/2025\/08\/3-1-280x280.jpg 280w, https:\/\/yurtkaya.com\/wp-content\/uploads\/2025\/08\/3-1.jpg 500w\" sizes=\"auto, (max-width: 400px) 100vw, 400px\" \/>                                                              <\/div>\n              <div class=\"box-text text-left\" >\n                 <p><\/p>\n              <\/div>\n            <\/div>\n            <\/a>          <\/div>\n         <\/div><\/div>\n","protected":false},"excerpt":{"rendered":"","protected":false},"author":1,"featured_media":1803,"parent":0,"menu_order":9,"comment_status":"closed","ping_status":"closed","template":"page-blank.php","meta":{"pagelayer_contact_templates":[],"_pagelayer_content":"","footnotes":""},"class_list":["post-1848","page","type-page","status-publish","has-post-thumbnail","hentry"],"yoast_head":"<!-- This site is optimized with the Yoast SEO plugin v27.2 - https:\/\/yoast.com\/product\/yoast-seo-wordpress\/ -->\n<title>Referanslar - YURT KAYA \u0130N\u015eAAT<\/title>\n<meta name=\"robots\" content=\"index, follow, max-snippet:-1, max-image-preview:large, max-video-preview:-1\" \/>\n<link rel=\"canonical\" href=\"https:\/\/yurtkaya.com\/az\/referanslar\/\" \/>\n<meta property=\"og:locale\" content=\"az_AZ\" \/>\n<meta property=\"og:type\" content=\"article\" \/>\n<meta property=\"og:title\" content=\"Referanslar - YURT KAYA \u0130N\u015eAAT\" \/>\n<meta property=\"og:url\" content=\"https:\/\/yurtkaya.com\/az\/referanslar\/\" \/>\n<meta property=\"og:site_name\" content=\"YURT KAYA \u0130N\u015eAAT\" \/>\n<meta property=\"article:modified_time\" content=\"2025-12-15T21:42:12+00:00\" \/>\n<meta property=\"og:image\" content=\"https:\/\/yurtkaya.com\/wp-content\/uploads\/2016\/08\/dummy-1.jpg\" \/>\n\t<meta property=\"og:image:width\" content=\"400\" \/>\n\t<meta property=\"og:image:height\" content=\"260\" \/>\n\t<meta property=\"og:image:type\" content=\"image\/jpeg\" \/>\n<meta name=\"twitter:card\" content=\"summary_large_image\" \/>\n<script type=\"application\/ld+json\" class=\"yoast-schema-graph\">{\"@context\":\"https:\/\/schema.org\",\"@graph\":[{\"@type\":\"WebPage\",\"@id\":\"https:\/\/yurtkaya.com\/az\/referanslar\/\",\"url\":\"https:\/\/yurtkaya.com\/az\/referanslar\/\",\"name\":\"Referanslar - YURT KAYA \u0130N\u015eAAT\",\"isPartOf\":{\"@id\":\"https:\/\/yurtkaya.com\/#website\"},\"primaryImageOfPage\":{\"@id\":\"https:\/\/yurtkaya.com\/az\/referanslar\/#primaryimage\"},\"image\":{\"@id\":\"https:\/\/yurtkaya.com\/az\/referanslar\/#primaryimage\"},\"thumbnailUrl\":\"https:\/\/yurtkaya.com\/wp-content\/uploads\/2016\/08\/dummy-1.jpg\",\"datePublished\":\"2016-02-15T20:47:32+00:00\",\"dateModified\":\"2025-12-15T21:42:12+00:00\",\"breadcrumb\":{\"@id\":\"https:\/\/yurtkaya.com\/az\/referanslar\/#breadcrumb\"},\"inLanguage\":\"az\",\"potentialAction\":[{\"@type\":\"ReadAction\",\"target\":[\"https:\/\/yurtkaya.com\/az\/referanslar\/\"]}]},{\"@type\":\"ImageObject\",\"inLanguage\":\"az\",\"@id\":\"https:\/\/yurtkaya.com\/az\/referanslar\/#primaryimage\",\"url\":\"https:\/\/yurtkaya.com\/wp-content\/uploads\/2016\/08\/dummy-1.jpg\",\"contentUrl\":\"https:\/\/yurtkaya.com\/wp-content\/uploads\/2016\/08\/dummy-1.jpg\",\"width\":400,\"height\":260},{\"@type\":\"BreadcrumbList\",\"@id\":\"https:\/\/yurtkaya.com\/az\/referanslar\/#breadcrumb\",\"itemListElement\":[{\"@type\":\"ListItem\",\"position\":1,\"name\":\"Anasayfa\",\"item\":\"https:\/\/yurtkaya.com\/\"},{\"@type\":\"ListItem\",\"position\":2,\"name\":\"Referanslar\"}]},{\"@type\":\"WebSite\",\"@id\":\"https:\/\/yurtkaya.com\/#website\",\"url\":\"https:\/\/yurtkaya.com\/\",\"name\":\"YURTKAYA M\u00dcHEND\u0130SL\u0130K VE \u0130N\u015eAAT L\u0130M\u0130TED \u015e\u0130RKET\u0130\",\"description\":\"https:\/\/yurtkaya.com\/\",\"publisher\":{\"@id\":\"https:\/\/yurtkaya.com\/#organization\"},\"potentialAction\":[{\"@type\":\"SearchAction\",\"target\":{\"@type\":\"EntryPoint\",\"urlTemplate\":\"https:\/\/yurtkaya.com\/?s={search_term_string}\"},\"query-input\":{\"@type\":\"PropertyValueSpecification\",\"valueRequired\":true,\"valueName\":\"search_term_string\"}}],\"inLanguage\":\"az\"},{\"@type\":\"Organization\",\"@id\":\"https:\/\/yurtkaya.com\/#organization\",\"name\":\"YURTKAYA \u0130N\u015eAAT MUHEND\u0130SL\u0130K\",\"alternateName\":\"YURTKAYA \u0130N\u015eAAT\",\"url\":\"https:\/\/yurtkaya.com\/\",\"logo\":{\"@type\":\"ImageObject\",\"inLanguage\":\"az\",\"@id\":\"https:\/\/yurtkaya.com\/#\/schema\/logo\/image\/\",\"url\":\"https:\/\/yurtkaya.com\/wp-content\/uploads\/2025\/08\/cropped-3.png\",\"contentUrl\":\"https:\/\/yurtkaya.com\/wp-content\/uploads\/2025\/08\/cropped-3.png\",\"width\":512,\"height\":512,\"caption\":\"YURTKAYA \u0130N\u015eAAT MUHEND\u0130SL\u0130K\"},\"image\":{\"@id\":\"https:\/\/yurtkaya.com\/#\/schema\/logo\/image\/\"}}]}<\/script>\n<!-- \/ Yoast SEO plugin. -->","yoast_head_json":{"title":"Referanslar - YURT KAYA \u0130N\u015eAAT","robots":{"index":"index","follow":"follow","max-snippet":"max-snippet:-1","max-image-preview":"max-image-preview:large","max-video-preview":"max-video-preview:-1"},"canonical":"https:\/\/yurtkaya.com\/az\/referanslar\/","og_locale":"az_AZ","og_type":"article","og_title":"Referanslar - YURT KAYA \u0130N\u015eAAT","og_url":"https:\/\/yurtkaya.com\/az\/referanslar\/","og_site_name":"YURT KAYA \u0130N\u015eAAT","article_modified_time":"2025-12-15T21:42:12+00:00","og_image":[{"width":400,"height":260,"url":"https:\/\/yurtkaya.com\/wp-content\/uploads\/2016\/08\/dummy-1.jpg","type":"image\/jpeg"}],"twitter_card":"summary_large_image","schema":{"@context":"https:\/\/schema.org","@graph":[{"@type":"WebPage","@id":"https:\/\/yurtkaya.com\/az\/referanslar\/","url":"https:\/\/yurtkaya.com\/az\/referanslar\/","name":"Referanslar - YURT KAYA \u0130N\u015eAAT","isPartOf":{"@id":"https:\/\/yurtkaya.com\/#website"},"primaryImageOfPage":{"@id":"https:\/\/yurtkaya.com\/az\/referanslar\/#primaryimage"},"image":{"@id":"https:\/\/yurtkaya.com\/az\/referanslar\/#primaryimage"},"thumbnailUrl":"https:\/\/yurtkaya.com\/wp-content\/uploads\/2016\/08\/dummy-1.jpg","datePublished":"2016-02-15T20:47:32+00:00","dateModified":"2025-12-15T21:42:12+00:00","breadcrumb":{"@id":"https:\/\/yurtkaya.com\/az\/referanslar\/#breadcrumb"},"inLanguage":"az","potentialAction":[{"@type":"ReadAction","target":["https:\/\/yurtkaya.com\/az\/referanslar\/"]}]},{"@type":"ImageObject","inLanguage":"az","@id":"https:\/\/yurtkaya.com\/az\/referanslar\/#primaryimage","url":"https:\/\/yurtkaya.com\/wp-content\/uploads\/2016\/08\/dummy-1.jpg","contentUrl":"https:\/\/yurtkaya.com\/wp-content\/uploads\/2016\/08\/dummy-1.jpg","width":400,"height":260},{"@type":"BreadcrumbList","@id":"https:\/\/yurtkaya.com\/az\/referanslar\/#breadcrumb","itemListElement":[{"@type":"ListItem","position":1,"name":"Anasayfa","item":"https:\/\/yurtkaya.com\/"},{"@type":"ListItem","position":2,"name":"Referanslar"}]},{"@type":"WebSite","@id":"https:\/\/yurtkaya.com\/#website","url":"https:\/\/yurtkaya.com\/","name":"YURTKAYA M\u00dcHEND\u0130SL\u0130K VE \u0130N\u015eAAT L\u0130M\u0130TED \u015e\u0130RKET\u0130","description":"https:\/\/yurtkaya.com\/","publisher":{"@id":"https:\/\/yurtkaya.com\/#organization"},"potentialAction":[{"@type":"SearchAction","target":{"@type":"EntryPoint","urlTemplate":"https:\/\/yurtkaya.com\/?s={search_term_string}"},"query-input":{"@type":"PropertyValueSpecification","valueRequired":true,"valueName":"search_term_string"}}],"inLanguage":"az"},{"@type":"Organization","@id":"https:\/\/yurtkaya.com\/#organization","name":"YURTKAYA \u0130N\u015eAAT MUHEND\u0130SL\u0130K","alternateName":"YURTKAYA \u0130N\u015eAAT","url":"https:\/\/yurtkaya.com\/","logo":{"@type":"ImageObject","inLanguage":"az","@id":"https:\/\/yurtkaya.com\/#\/schema\/logo\/image\/","url":"https:\/\/yurtkaya.com\/wp-content\/uploads\/2025\/08\/cropped-3.png","contentUrl":"https:\/\/yurtkaya.com\/wp-content\/uploads\/2025\/08\/cropped-3.png","width":512,"height":512,"caption":"YURTKAYA \u0130N\u015eAAT MUHEND\u0130SL\u0130K"},"image":{"@id":"https:\/\/yurtkaya.com\/#\/schema\/logo\/image\/"}}]}},"_links":{"self":[{"href":"https:\/\/yurtkaya.com\/az\/wp-json\/wp\/v2\/pages\/1848","targetHints":{"allow":["GET"]}}],"collection":[{"href":"https:\/\/yurtkaya.com\/az\/wp-json\/wp\/v2\/pages"}],"about":[{"href":"https:\/\/yurtkaya.com\/az\/wp-json\/wp\/v2\/types\/page"}],"author":[{"embeddable":true,"href":"https:\/\/yurtkaya.com\/az\/wp-json\/wp\/v2\/users\/1"}],"replies":[{"embeddable":true,"href":"https:\/\/yurtkaya.com\/az\/wp-json\/wp\/v2\/comments?post=1848"}],"version-history":[{"count":2,"href":"https:\/\/yurtkaya.com\/az\/wp-json\/wp\/v2\/pages\/1848\/revisions"}],"predecessor-version":[{"id":2809,"href":"https:\/\/yurtkaya.com\/az\/wp-json\/wp\/v2\/pages\/1848\/revisions\/2809"}],"wp:featuredmedia":[{"embeddable":true,"href":"https:\/\/yurtkaya.com\/az\/wp-json\/wp\/v2\/media\/1803"}],"wp:attachment":[{"href":"https:\/\/yurtkaya.com\/az\/wp-json\/wp\/v2\/media?parent=1848"}],"curies":[{"name":"wp","href":"https:\/\/api.w.org\/{rel}","templated":true}]}}