{"id":1883,"date":"2016-03-31T14:08:39","date_gmt":"2016-03-31T14:08:39","guid":{"rendered":"https:\/\/yurtkaya.com\/haqqimizda\/"},"modified":"2025-09-26T19:33:52","modified_gmt":"2025-09-26T19:33:52","slug":"haqqimizda","status":"publish","type":"page","link":"https:\/\/yurtkaya.com\/az\/haqqimizda\/","title":{"rendered":"Haqq\u0131m\u0131zda"},"content":{"rendered":"\n  <div class=\"banner has-hover\" id=\"banner-7978283\">\n          <div class=\"banner-inner fill\">\n        <div class=\"banner-bg fill\" >\n            <img loading=\"lazy\" decoding=\"async\" width=\"1020\" height=\"574\" src=\"https:\/\/yurtkaya.com\/wp-content\/uploads\/2025\/08\/1.jpg\" class=\"bg attachment-large size-large\" alt=\"\" \/>                        <div class=\"overlay\"><\/div>            \n                    <\/div>\n\t\t\n        <div class=\"banner-layers container\">\n            <div class=\"fill banner-link\"><\/div>            \n   <div id=\"text-box-1436531377\" class=\"text-box banner-layer x50 md-x50 lg-x50 y50 md-y50 lg-y50 res-text\">\n                                <div class=\"text-box-content text dark\">\n              \n              <div class=\"text-inner text-center\">\n                  \n<h3 class=\"uppercase\"><strong>Haqq\u0131m\u0131zda<\/strong><\/h3>\n              <\/div>\n           <\/div>\n                            \n<style>\n#text-box-1436531377 {\n  width: 60%;\n}\n#text-box-1436531377 .text-box-content {\n  font-size: 100%;\n}\n<\/style>\n    <\/div>\n \n        <\/div>\n      <\/div>\n\n            \n<style>\n#banner-7978283 {\n  padding-top: 300px;\n}\n#banner-7978283 .overlay {\n  background-color: rgba(0,0,0,.5);\n}\n#banner-7978283 .banner-bg img {\n  object-position: 48% 56%;\n}\n<\/style>\n  <\/div>\n\n\n\n\t<section class=\"section\" id=\"section_1477982080\">\n\t\t<div class=\"section-bg fill\" >\n\t\t\t<img loading=\"lazy\" decoding=\"async\" width=\"1500\" height=\"1000\" src=\"https:\/\/yurtkaya.com\/wp-content\/uploads\/2025\/08\/luke-van-zyl-koH7IVuwRLw-unsplash.jpg\" class=\"bg attachment- size-\" alt=\"\" \/>\t\t\t\t\t\t\n\t\t\t\n\n\t\t<\/div>\n\n\t\t\n\n\t\t<div class=\"section-content relative\">\n\t\t\t\n\t\t<\/div>\n\n\t\t\n<style>\n#section_1477982080 {\n  padding-top: 30px;\n  padding-bottom: 30px;\n  min-height: 400px;\n}\n@media (min-width:550px) {\n  #section_1477982080 {\n    min-height: 600px;\n  }\n}\n<\/style>\n\t<\/section>\n\t\n\n\t<section class=\"section\" id=\"section_1570425128\">\n\t\t<div class=\"section-bg fill\" >\n\t\t\t\t\t\t\t\t\t\n\t\t\t\n\n\t\t<\/div>\n\n\t\t\n\n\t\t<div class=\"section-content relative\">\n\t\t\t\n<div class=\"row row-collapse row-full-width\"  id=\"row-1880327509\">\n\n\t<div id=\"col-724674190\" class=\"col medium-10 small-12 large-6\"  >\n\t\t\t\t<div class=\"col-inner\" style=\"background-color:rgb(240, 223, 162);\" >\n\t\t\t\n\t\t\t\n\t<div id=\"gap-1328235547\" class=\"gap-element clearfix\" style=\"display:block; height:auto;\">\n\t\t\n<style>\n#gap-1328235547 {\n  padding-top: 700px;\n}\n<\/style>\n\t<\/div>\n\t\n\t\t<\/div>\n\t\t\t\t\n<style>\n#col-724674190 > .col-inner {\n  margin: -100px 0px 0px 0px;\n}\n@media (min-width:550px) {\n  #col-724674190 > .col-inner {\n    margin: -260px 0px 0px 0px;\n  }\n}\n<\/style>\n\t<\/div>\n\n\t\n<\/div>\n<div class=\"row\" style=\"max-width:1300px\" id=\"row-834690689\">\n\n\t<div id=\"col-1248583738\" class=\"col medium-8 small-12 large-5\"  >\n\t\t\t\t<div class=\"col-inner\"  >\n\t\t\t\n\t\t\t\n\t<div id=\"text-3215851326\" class=\"text\">\n\t\t\n<h1>Yurtkaya \u0130n\u015faat il\u0259 T\u0259hl\u00fck\u0259siz v\u0259 Estetik Ya\u015fay\u0131\u015f Sah\u0259l\u0259ri<\/h1>\n<p>\n\t\t\n<style>\n#text-3215851326 {\n  font-size: 1.75rem;\n}\n<\/style>\n\t<\/div>\n\t\n<\/col&#093;\n&#091;col span=\"6\" span__sm=\"12\" span__md=\"9\" margin=\"-330px 0px 0px 0px\" margin__md=\"-400px 0px 0px 0px\"&#093;\n\n\n\n<h2>Qurulu\u015f Hekay\u0259miz&#8230;<\/h2>\n<div class=\"is-divider divider clearfix\" style=\"max-width:300px;background-color:rgb(0, 0, 0);\"><\/div>\n<p class=\"lead\"><span style=\"font-size: 100%;\">1998-ci ild\u0259n b\u0259ri beyn\u0259lxalq \u015firk\u0259tl\u0259rin idar\u0259etm\u0259 hey\u0259tind\u0259 aktiv rol oynayan, eyni zamanda uzun ill\u0259r boyu f\u0259rqli sah\u0259l\u0259rd\u0259n m\u00fct\u0259x\u0259ssis komandalarla \u0259m\u0259kda\u015fl\u0131q \u00e7\u0259r\u00e7iv\u0259sind\u0259 layih\u0259l\u0259r inki\u015faf etdir\u0259n r\u0259hb\u0259rliyimiz, \u0259ld\u0259 etdiyi t\u0259cr\u00fcb\u0259 v\u0259 bilikl\u0259ri daha g\u00fccl\u00fc bir bax\u0131\u015fla g\u0259l\u0259c\u0259y\u0259 da\u015f\u0131maq m\u0259qs\u0259dil\u0259 2025-ci ild\u0259 YURTKAYA M\u00dcH\u018fND\u0130SL\u0130K V\u018f \u0130N\u015eAAT L\u0130M\u0130TED \u015e\u0130RK\u018fT\u0130N\u0130 t\u0259sis etmi\u015fdir. Bu g\u00fcn Yurtkaya \u0130n\u015faat, bu k\u00f6kl\u00fc t\u0259cr\u00fcb\u0259nin v\u0259 g\u00fccl\u00fc komanda ruhunun birl\u0259\u015fm\u0259si il\u0259, keyfiyy\u0259t, etibarl\u0131l\u0131q v\u0259 davaml\u0131l\u0131q d\u0259y\u0259rl\u0259rini m\u0259rk\u0259z\u0259 alaraq f\u0259aliyy\u0259tini davam etdirir.<\/span><\/p>\n<\/p>\n\t\t<\/div>\n\t\t\t\t\n<style>\n#col-1248583738 > .col-inner {\n  margin: -600px 0px 0px 0px;\n}\n<\/style>\n\t<\/div>\n\n\t\n<\/div>\n\t\t<\/div>\n\n\t\t\n<style>\n#section_1570425128 {\n  padding-top: 30px;\n  padding-bottom: 30px;\n}\n<\/style>\n\t<\/section>\n\t\n\n\t<section class=\"section\" id=\"section_1799842388\">\n\t\t<div class=\"section-bg fill\" >\n\t\t\t\t\t\t\t\t\t\n\t\t\t\n\n\t\t<\/div>\n\n\t\t\n\n\t\t<div class=\"section-content relative\">\n\t\t\t\n<div class=\"row row-collapse row-full-width\"  id=\"row-1767592753\">\n\n\t<div id=\"col-1555172601\" class=\"col small-12 large-12\"  >\n\t\t\t\t<div class=\"col-inner\"  >\n\t\t\t\n\t\t\t\n\n  <div class=\"banner has-hover\" id=\"banner-763962430\">\n          <div class=\"banner-inner fill\">\n        <div class=\"banner-bg fill\" >\n            <img loading=\"lazy\" decoding=\"async\" width=\"1020\" height=\"729\" src=\"https:\/\/yurtkaya.com\/wp-content\/uploads\/2025\/08\/florian-schmid-J479yftnNik-unsplash-1120x800.jpg\" class=\"bg attachment-large size-large\" alt=\"\" \/>                                    \n                    <\/div>\n\t\t\n        <div class=\"banner-layers container\">\n            <div class=\"fill banner-link\"><\/div>            \n   <div id=\"text-box-1663688283\" class=\"text-box banner-layer x50 md-x50 lg-x50 y50 md-y50 lg-y50 res-text\">\n                                <div class=\"text-box-content text dark\">\n              \n              <div class=\"text-inner text-center\">\n                  \n              <\/div>\n           <\/div>\n                            \n<style>\n#text-box-1663688283 {\n  width: 60%;\n}\n#text-box-1663688283 .text-box-content {\n  font-size: 100%;\n}\n@media (min-width:550px) {\n  #text-box-1663688283 {\n    width: 60%;\n  }\n}\n<\/style>\n    <\/div>\n \n        <\/div>\n      <\/div>\n\n            \n<style>\n#banner-763962430 {\n  padding-top: 300px;\n  background-color: rgb(255, 255, 255);\n}\n@media (min-width:550px) {\n  #banner-763962430 {\n    padding-top: 500px;\n  }\n}\n<\/style>\n  <\/div>\n\n\n\t\t<\/div>\n\t\t\t\t\n<style>\n#col-1555172601 > .col-inner {\n  margin: -130px 0px 0px 0px;\n}\n@media (min-width:850px) {\n  #col-1555172601 > .col-inner {\n    margin: -100px 0px 0px 0px;\n  }\n}\n<\/style>\n\t<\/div>\n\n\t\n<\/div>\n\t\t<\/div>\n\n\t\t\n<style>\n#section_1799842388 {\n  padding-top: 30px;\n  padding-bottom: 30px;\n}\n<\/style>\n\t<\/section>\n\t\n\n\t<section class=\"section\" id=\"section_2071222225\">\n\t\t<div class=\"section-bg fill\" >\n\t\t\t\t\t\t\t\t\t\n\t\t\t\n\n\t\t<\/div>\n\n\t\t\n\n\t\t<div class=\"section-content relative\">\n\t\t\t\n<div class=\"row\" style=\"max-width:1300px\" id=\"row-619975373\">\n\n\t<div id=\"col-471753509\" class=\"col medium-11 small-12 large-7\"  >\n\t\t\t\t<div class=\"col-inner\" style=\"background-color:rgb(240, 223, 162);\" >\n\t\t\t\n\t\t\t\n\t<div id=\"gap-1664353113\" class=\"gap-element clearfix\" style=\"display:block; height:auto;\">\n\t\t\n<style>\n#gap-1664353113 {\n  padding-top: 600px;\n}\n<\/style>\n\t<\/div>\n\t\n\t\t<\/div>\n\t\t\t\t\n<style>\n#col-471753509 > .col-inner {\n  margin: -150px 0px 0px 0px;\n}\n<\/style>\n\t<\/div>\n\n\t\n<\/div>\n<div class=\"row align-right\" style=\"max-width:1300px\" id=\"row-1290698588\">\n\n\t<div id=\"col-1140365347\" class=\"col medium-11 small-12 large-4\"  >\n\t\t\t\t<div class=\"col-inner\"  >\n\t\t\t\n\t\t\t\n\t<div id=\"text-2812940850\" class=\"text\">\n\t\t\n<h2><strong data-start=\"514\" data-end=\"528\">Missiyam\u0131z \u00a7 Vizyonumuz<\/strong><\/h2>\n<p>\n\t\t\n<style>\n#text-2812940850 {\n  font-size: 2rem;\n}\n<\/style>\n\t<\/div>\n\t\n<\/col&#093;\n&#091;col span=\"7\" span__sm=\"12\" span__md=\"11\" padding=\"0 0px 0px 0px\" padding__sm=\"0px 0px 0px 30px\" padding__md=\"0px 150px 0px 0px\" margin=\"-450px 0px 0px 0px\" margin__sm=\"-490px 0px 0px 0px\" margin__md=\"-450px 0px 0px 0px\"&#093;\n\n&#091;divider width=\"300px\" color=\"rgb(0, 0, 0)\"&#093;\n\n\n\n<p class=\"lead\">M\u00fc\u015ft\u0259ril\u0259rimiz\u0259 y\u00fcks\u0259k keyfiyy\u0259t standartlar\u0131nda, t\u0259hl\u00fck\u0259siz, estetik v\u0259 \u0259traf m\u00fchit\u0259 h\u0259ssas tikilil\u0259r t\u0259qdim etm\u0259k; innovativ h\u0259ll\u0259rl\u0259 h\u0259yat keyfiyy\u0259tini art\u0131rmaq v\u0259 oldu\u011fumuz h\u0259r b\u00f6lg\u0259d\u0259 d\u0259y\u0259r yaratmaq.<\/p>\n<hr \/>\n<p class=\"lead\">\u0130n\u015faat sektorunda etibarl\u0131l\u0131q, keyfiyy\u0259t v\u0259 davaml\u0131l\u0131q sah\u0259l\u0259rind\u0259 qabaqc\u0131l bir marka olmaq; g\u0259l\u0259c\u0259yin \u015f\u0259h\u0259rl\u0259rini m\u00fcasir, davaml\u0131 v\u0259 ya\u015fanabilir tikilil\u0259rl\u0259 formala\u015fd\u0131rmaq.<\/p>\n<\/p>\n<a href=\"https:\/\/yurtkaya.com\/az\/elaq%c9%99\/\" class=\"button secondary is-shade\" >\n\t\t<span>Ba\u015flayaq<\/span>\n\t<\/a>\n\n\t\t<\/div>\n\t\t\t\t\n<style>\n#col-1140365347 > .col-inner {\n  padding: 0px 0px 0px 30px;\n  margin: -580px 0px 0px 0px;\n}\n@media (min-width:550px) {\n  #col-1140365347 > .col-inner {\n    padding: 0px 90px 0px 0px;\n    margin: -500px 0px 0px 0px;\n  }\n}\n@media (min-width:850px) {\n  #col-1140365347 > .col-inner {\n    margin: -450px 0px 0px 0px;\n  }\n}\n<\/style>\n\t<\/div>\n\n\t\n<\/div>\n\t\t<\/div>\n\n\t\t\n<style>\n#section_2071222225 {\n  padding-top: 30px;\n  padding-bottom: 30px;\n}\n<\/style>\n\t<\/section>\n\t\n","protected":false},"excerpt":{"rendered":"","protected":false},"author":1,"featured_media":1803,"parent":0,"menu_order":18,"comment_status":"closed","ping_status":"closed","template":"page-blank.php","meta":{"pagelayer_contact_templates":[],"_pagelayer_content":"","footnotes":""},"class_list":["post-1883","page","type-page","status-publish","has-post-thumbnail","hentry"],"yoast_head":"<!-- This site is optimized with the Yoast SEO plugin v27.2 - https:\/\/yoast.com\/product\/yoast-seo-wordpress\/ -->\n<title>Haqq\u0131m\u0131zda - YURT KAYA \u0130N\u015eAAT<\/title>\n<meta name=\"robots\" content=\"index, follow, max-snippet:-1, max-image-preview:large, max-video-preview:-1\" \/>\n<link rel=\"canonical\" href=\"https:\/\/yurtkaya.com\/hakkimizda\/\" \/>\n<meta property=\"og:locale\" content=\"az_AZ\" \/>\n<meta property=\"og:type\" content=\"article\" \/>\n<meta property=\"og:title\" content=\"Haqq\u0131m\u0131zda - YURT KAYA \u0130N\u015eAAT\" \/>\n<meta property=\"og:url\" content=\"https:\/\/yurtkaya.com\/hakkimizda\/\" \/>\n<meta property=\"og:site_name\" content=\"YURT KAYA \u0130N\u015eAAT\" \/>\n<meta property=\"article:modified_time\" content=\"2025-09-26T19:33:52+00:00\" \/>\n<meta property=\"og:image\" content=\"https:\/\/yurtkaya.com\/wp-content\/uploads\/2016\/08\/dummy-1.jpg\" \/>\n\t<meta property=\"og:image:width\" content=\"400\" \/>\n\t<meta property=\"og:image:height\" content=\"260\" \/>\n\t<meta property=\"og:image:type\" content=\"image\/jpeg\" \/>\n<meta name=\"twitter:card\" content=\"summary_large_image\" \/>\n<meta name=\"twitter:label1\" content=\"Est. reading time\" \/>\n\t<meta name=\"twitter:data1\" content=\"1 minute\" \/>\n<script type=\"application\/ld+json\" class=\"yoast-schema-graph\">{\"@context\":\"https:\/\/schema.org\",\"@graph\":[{\"@type\":\"WebPage\",\"@id\":\"https:\/\/yurtkaya.com\/hakkimizda\/\",\"url\":\"https:\/\/yurtkaya.com\/hakkimizda\/\",\"name\":\"Haqq\u0131m\u0131zda - YURT KAYA \u0130N\u015eAAT\",\"isPartOf\":{\"@id\":\"https:\/\/yurtkaya.com\/#website\"},\"primaryImageOfPage\":{\"@id\":\"https:\/\/yurtkaya.com\/hakkimizda\/#primaryimage\"},\"image\":{\"@id\":\"https:\/\/yurtkaya.com\/hakkimizda\/#primaryimage\"},\"thumbnailUrl\":\"https:\/\/yurtkaya.com\/wp-content\/uploads\/2016\/08\/dummy-1.jpg\",\"datePublished\":\"2016-03-31T14:08:39+00:00\",\"dateModified\":\"2025-09-26T19:33:52+00:00\",\"breadcrumb\":{\"@id\":\"https:\/\/yurtkaya.com\/hakkimizda\/#breadcrumb\"},\"inLanguage\":\"az\",\"potentialAction\":[{\"@type\":\"ReadAction\",\"target\":[\"https:\/\/yurtkaya.com\/hakkimizda\/\"]}]},{\"@type\":\"ImageObject\",\"inLanguage\":\"az\",\"@id\":\"https:\/\/yurtkaya.com\/hakkimizda\/#primaryimage\",\"url\":\"https:\/\/yurtkaya.com\/wp-content\/uploads\/2016\/08\/dummy-1.jpg\",\"contentUrl\":\"https:\/\/yurtkaya.com\/wp-content\/uploads\/2016\/08\/dummy-1.jpg\",\"width\":400,\"height\":260},{\"@type\":\"BreadcrumbList\",\"@id\":\"https:\/\/yurtkaya.com\/hakkimizda\/#breadcrumb\",\"itemListElement\":[{\"@type\":\"ListItem\",\"position\":1,\"name\":\"Anasayfa\",\"item\":\"https:\/\/yurtkaya.com\/\"},{\"@type\":\"ListItem\",\"position\":2,\"name\":\"Haqq\u0131m\u0131zda\"}]},{\"@type\":\"WebSite\",\"@id\":\"https:\/\/yurtkaya.com\/#website\",\"url\":\"https:\/\/yurtkaya.com\/\",\"name\":\"YURTKAYA M\u00dcHEND\u0130SL\u0130K VE \u0130N\u015eAAT L\u0130M\u0130TED \u015e\u0130RKET\u0130\",\"description\":\"https:\/\/yurtkaya.com\/\",\"publisher\":{\"@id\":\"https:\/\/yurtkaya.com\/#organization\"},\"potentialAction\":[{\"@type\":\"SearchAction\",\"target\":{\"@type\":\"EntryPoint\",\"urlTemplate\":\"https:\/\/yurtkaya.com\/?s={search_term_string}\"},\"query-input\":{\"@type\":\"PropertyValueSpecification\",\"valueRequired\":true,\"valueName\":\"search_term_string\"}}],\"inLanguage\":\"az\"},{\"@type\":\"Organization\",\"@id\":\"https:\/\/yurtkaya.com\/#organization\",\"name\":\"YURTKAYA \u0130N\u015eAAT MUHEND\u0130SL\u0130K\",\"alternateName\":\"YURTKAYA \u0130N\u015eAAT\",\"url\":\"https:\/\/yurtkaya.com\/\",\"logo\":{\"@type\":\"ImageObject\",\"inLanguage\":\"az\",\"@id\":\"https:\/\/yurtkaya.com\/#\/schema\/logo\/image\/\",\"url\":\"https:\/\/yurtkaya.com\/wp-content\/uploads\/2025\/08\/cropped-3.png\",\"contentUrl\":\"https:\/\/yurtkaya.com\/wp-content\/uploads\/2025\/08\/cropped-3.png\",\"width\":512,\"height\":512,\"caption\":\"YURTKAYA \u0130N\u015eAAT MUHEND\u0130SL\u0130K\"},\"image\":{\"@id\":\"https:\/\/yurtkaya.com\/#\/schema\/logo\/image\/\"}}]}<\/script>\n<!-- \/ Yoast SEO plugin. -->","yoast_head_json":{"title":"Haqq\u0131m\u0131zda - YURT KAYA \u0130N\u015eAAT","robots":{"index":"index","follow":"follow","max-snippet":"max-snippet:-1","max-image-preview":"max-image-preview:large","max-video-preview":"max-video-preview:-1"},"canonical":"https:\/\/yurtkaya.com\/hakkimizda\/","og_locale":"az_AZ","og_type":"article","og_title":"Haqq\u0131m\u0131zda - YURT KAYA \u0130N\u015eAAT","og_url":"https:\/\/yurtkaya.com\/hakkimizda\/","og_site_name":"YURT KAYA \u0130N\u015eAAT","article_modified_time":"2025-09-26T19:33:52+00:00","og_image":[{"width":400,"height":260,"url":"https:\/\/yurtkaya.com\/wp-content\/uploads\/2016\/08\/dummy-1.jpg","type":"image\/jpeg"}],"twitter_card":"summary_large_image","twitter_misc":{"Est. reading time":"1 minute"},"schema":{"@context":"https:\/\/schema.org","@graph":[{"@type":"WebPage","@id":"https:\/\/yurtkaya.com\/hakkimizda\/","url":"https:\/\/yurtkaya.com\/hakkimizda\/","name":"Haqq\u0131m\u0131zda - YURT KAYA \u0130N\u015eAAT","isPartOf":{"@id":"https:\/\/yurtkaya.com\/#website"},"primaryImageOfPage":{"@id":"https:\/\/yurtkaya.com\/hakkimizda\/#primaryimage"},"image":{"@id":"https:\/\/yurtkaya.com\/hakkimizda\/#primaryimage"},"thumbnailUrl":"https:\/\/yurtkaya.com\/wp-content\/uploads\/2016\/08\/dummy-1.jpg","datePublished":"2016-03-31T14:08:39+00:00","dateModified":"2025-09-26T19:33:52+00:00","breadcrumb":{"@id":"https:\/\/yurtkaya.com\/hakkimizda\/#breadcrumb"},"inLanguage":"az","potentialAction":[{"@type":"ReadAction","target":["https:\/\/yurtkaya.com\/hakkimizda\/"]}]},{"@type":"ImageObject","inLanguage":"az","@id":"https:\/\/yurtkaya.com\/hakkimizda\/#primaryimage","url":"https:\/\/yurtkaya.com\/wp-content\/uploads\/2016\/08\/dummy-1.jpg","contentUrl":"https:\/\/yurtkaya.com\/wp-content\/uploads\/2016\/08\/dummy-1.jpg","width":400,"height":260},{"@type":"BreadcrumbList","@id":"https:\/\/yurtkaya.com\/hakkimizda\/#breadcrumb","itemListElement":[{"@type":"ListItem","position":1,"name":"Anasayfa","item":"https:\/\/yurtkaya.com\/"},{"@type":"ListItem","position":2,"name":"Haqq\u0131m\u0131zda"}]},{"@type":"WebSite","@id":"https:\/\/yurtkaya.com\/#website","url":"https:\/\/yurtkaya.com\/","name":"YURTKAYA M\u00dcHEND\u0130SL\u0130K VE \u0130N\u015eAAT L\u0130M\u0130TED \u015e\u0130RKET\u0130","description":"https:\/\/yurtkaya.com\/","publisher":{"@id":"https:\/\/yurtkaya.com\/#organization"},"potentialAction":[{"@type":"SearchAction","target":{"@type":"EntryPoint","urlTemplate":"https:\/\/yurtkaya.com\/?s={search_term_string}"},"query-input":{"@type":"PropertyValueSpecification","valueRequired":true,"valueName":"search_term_string"}}],"inLanguage":"az"},{"@type":"Organization","@id":"https:\/\/yurtkaya.com\/#organization","name":"YURTKAYA \u0130N\u015eAAT MUHEND\u0130SL\u0130K","alternateName":"YURTKAYA \u0130N\u015eAAT","url":"https:\/\/yurtkaya.com\/","logo":{"@type":"ImageObject","inLanguage":"az","@id":"https:\/\/yurtkaya.com\/#\/schema\/logo\/image\/","url":"https:\/\/yurtkaya.com\/wp-content\/uploads\/2025\/08\/cropped-3.png","contentUrl":"https:\/\/yurtkaya.com\/wp-content\/uploads\/2025\/08\/cropped-3.png","width":512,"height":512,"caption":"YURTKAYA \u0130N\u015eAAT MUHEND\u0130SL\u0130K"},"image":{"@id":"https:\/\/yurtkaya.com\/#\/schema\/logo\/image\/"}}]}},"_links":{"self":[{"href":"https:\/\/yurtkaya.com\/az\/wp-json\/wp\/v2\/pages\/1883","targetHints":{"allow":["GET"]}}],"collection":[{"href":"https:\/\/yurtkaya.com\/az\/wp-json\/wp\/v2\/pages"}],"about":[{"href":"https:\/\/yurtkaya.com\/az\/wp-json\/wp\/v2\/types\/page"}],"author":[{"embeddable":true,"href":"https:\/\/yurtkaya.com\/az\/wp-json\/wp\/v2\/users\/1"}],"replies":[{"embeddable":true,"href":"https:\/\/yurtkaya.com\/az\/wp-json\/wp\/v2\/comments?post=1883"}],"version-history":[{"count":1,"href":"https:\/\/yurtkaya.com\/az\/wp-json\/wp\/v2\/pages\/1883\/revisions"}],"predecessor-version":[{"id":2064,"href":"https:\/\/yurtkaya.com\/az\/wp-json\/wp\/v2\/pages\/1883\/revisions\/2064"}],"wp:featuredmedia":[{"embeddable":true,"href":"https:\/\/yurtkaya.com\/az\/wp-json\/wp\/v2\/media\/1803"}],"wp:attachment":[{"href":"https:\/\/yurtkaya.com\/az\/wp-json\/wp\/v2\/media?parent=1883"}],"curies":[{"name":"wp","href":"https:\/\/api.w.org\/{rel}","templated":true}]}}