{"id":1010,"date":"2016-03-31T14:08:39","date_gmt":"2016-03-31T14:08:39","guid":{"rendered":"https:\/\/yurtkaya.com\/who-we-are\/"},"modified":"2025-09-17T22:30:09","modified_gmt":"2025-09-17T22:30:09","slug":"who-we-are","status":"publish","type":"page","link":"https:\/\/yurtkaya.com\/en\/who-we-are\/","title":{"rendered":"Who We Are"},"content":{"rendered":"\n  <div class=\"banner has-hover\" id=\"banner-1827957006\">\n          <div class=\"banner-inner fill\">\n        <div class=\"banner-bg fill\" >\n            <img loading=\"lazy\" decoding=\"async\" width=\"1020\" height=\"574\" src=\"https:\/\/yurtkaya.com\/wp-content\/uploads\/2025\/08\/1.jpg\" class=\"bg attachment-large size-large\" alt=\"\" \/>                        <div class=\"overlay\"><\/div>            \n                    <\/div>\n\t\t\n        <div class=\"banner-layers container\">\n            <div class=\"fill banner-link\"><\/div>            \n   <div id=\"text-box-34171999\" class=\"text-box banner-layer x50 md-x50 lg-x50 y50 md-y50 lg-y50 res-text\">\n                                <div class=\"text-box-content text dark\">\n              \n              <div class=\"text-inner text-center\">\n                  \n<h3 class=\"uppercase\"><strong>Who We Are<\/strong><\/h3>\n              <\/div>\n           <\/div>\n                            \n<style>\n#text-box-34171999 {\n  width: 60%;\n}\n#text-box-34171999 .text-box-content {\n  font-size: 100%;\n}\n<\/style>\n    <\/div>\n \n        <\/div>\n      <\/div>\n\n            \n<style>\n#banner-1827957006 {\n  padding-top: 300px;\n}\n#banner-1827957006 .overlay {\n  background-color: rgba(0,0,0,.5);\n}\n#banner-1827957006 .banner-bg img {\n  object-position: 48% 56%;\n}\n<\/style>\n  <\/div>\n\n\n\n\t<section class=\"section\" id=\"section_431549845\">\n\t\t<div class=\"section-bg fill\" >\n\t\t\t<img loading=\"lazy\" decoding=\"async\" width=\"1500\" height=\"1000\" src=\"https:\/\/yurtkaya.com\/wp-content\/uploads\/2025\/08\/luke-van-zyl-koH7IVuwRLw-unsplash.jpg\" class=\"bg attachment- size-\" alt=\"\" \/>\t\t\t\t\t\t\n\t\t\t\n\n\t\t<\/div>\n\n\t\t\n\n\t\t<div class=\"section-content relative\">\n\t\t\t\n\t\t<\/div>\n\n\t\t\n<style>\n#section_431549845 {\n  padding-top: 30px;\n  padding-bottom: 30px;\n  min-height: 400px;\n}\n@media (min-width:550px) {\n  #section_431549845 {\n    min-height: 600px;\n  }\n}\n<\/style>\n\t<\/section>\n\t\n\n\t<section class=\"section\" id=\"section_750147327\">\n\t\t<div class=\"section-bg fill\" >\n\t\t\t\t\t\t\t\t\t\n\t\t\t\n\n\t\t<\/div>\n\n\t\t\n\n\t\t<div class=\"section-content relative\">\n\t\t\t\n<div class=\"row row-collapse row-full-width\"  id=\"row-1314132426\">\n\n\t<div id=\"col-1562268794\" class=\"col medium-10 small-12 large-6\"  >\n\t\t\t\t<div class=\"col-inner\" style=\"background-color:rgb(240, 223, 162);\" >\n\t\t\t\n\t\t\t\n\t<div id=\"gap-1014560335\" class=\"gap-element clearfix\" style=\"display:block; height:auto;\">\n\t\t\n<style>\n#gap-1014560335 {\n  padding-top: 700px;\n}\n<\/style>\n\t<\/div>\n\t\n\t\t<\/div>\n\t\t\t\t\n<style>\n#col-1562268794 > .col-inner {\n  margin: -100px 0px 0px 0px;\n}\n@media (min-width:550px) {\n  #col-1562268794 > .col-inner {\n    margin: -260px 0px 0px 0px;\n  }\n}\n<\/style>\n\t<\/div>\n\n\t\n<\/div>\n<div class=\"row\" style=\"max-width:1300px\" id=\"row-19868778\">\n\n\t<div id=\"col-1837769397\" class=\"col medium-8 small-12 large-5\"  >\n\t\t\t\t<div class=\"col-inner\"  >\n\t\t\t\n\t\t\t\n\t<div id=\"text-347908370\" class=\"text\">\n\t\t\n<h1>Safe and Aesthetic Living Spaces with Yurtkaya \u0130n\u015faat<\/h1>\n<p>\n\t\t\n<style>\n#text-347908370 {\n  font-size: 1.75rem;\n}\n<\/style>\n\t<\/div>\n\t\n\t\t<\/div>\n\t\t\t\t\n<style>\n#col-1837769397 > .col-inner {\n  margin: -600px 0px 0px 0px;\n}\n<\/style>\n\t<\/div>\n\n\t\n\n\t<div id=\"col-1955912353\" class=\"col medium-9 small-12 large-6\"  >\n\t\t\t\t<div class=\"col-inner\"  >\n\t\t\t\n\t\t\t\n<h2>Our Founding Story&#8230;<\/h2>\n<div class=\"is-divider divider clearfix\" style=\"max-width:300px;background-color:rgb(0, 0, 0);\"><\/div>\n<p class=\"lead\"><span style=\"font-size: 100%;\">Since 1998, our management team has played an active role in the executive boards of international companies and has developed projects in collaboration with expert teams from various disciplines for many years. In 2025, with the aim of carrying this experience and know-how into the future with a stronger vision, YURTKAYA M\u00dcHEND\u0130SL\u0130K VE \u0130N\u015eAAT L\u0130M\u0130TED \u015e\u0130RKET\u0130 was founded. Today, Yurtkaya \u0130n\u015faat continues its operations by combining this extensive experience with a strong team spirit, focusing on the core values of quality, trust, and sustainability. <\/span><\/p>\n\t\t<\/div>\n\t\t\t\t\n<style>\n#col-1955912353 > .col-inner {\n  margin: -400px 0px 0px 0px;\n}\n@media (min-width:850px) {\n  #col-1955912353 > .col-inner {\n    margin: -330px 0px 0px 0px;\n  }\n}\n<\/style>\n\t<\/div>\n\n\t\n<\/div>\n\t\t<\/div>\n\n\t\t\n<style>\n#section_750147327 {\n  padding-top: 30px;\n  padding-bottom: 30px;\n}\n<\/style>\n\t<\/section>\n\t\n\n\t<section class=\"section\" id=\"section_344016794\">\n\t\t<div class=\"section-bg fill\" >\n\t\t\t\t\t\t\t\t\t\n\t\t\t\n\n\t\t<\/div>\n\n\t\t\n\n\t\t<div class=\"section-content relative\">\n\t\t\t\n<div class=\"row row-collapse row-full-width\"  id=\"row-1815304565\">\n\n\t<div id=\"col-130621227\" class=\"col small-12 large-12\"  >\n\t\t\t\t<div class=\"col-inner\"  >\n\t\t\t\n\t\t\t\n\n  <div class=\"banner has-hover\" id=\"banner-862500024\">\n          <div class=\"banner-inner fill\">\n        <div class=\"banner-bg fill\" >\n            <img loading=\"lazy\" decoding=\"async\" width=\"1020\" height=\"729\" src=\"https:\/\/yurtkaya.com\/wp-content\/uploads\/2025\/08\/florian-schmid-J479yftnNik-unsplash-1120x800.jpg\" class=\"bg attachment-large size-large\" alt=\"\" \/>                                    \n                    <\/div>\n\t\t\n        <div class=\"banner-layers container\">\n            <div class=\"fill banner-link\"><\/div>            \n   <div id=\"text-box-1540320730\" class=\"text-box banner-layer x50 md-x50 lg-x50 y50 md-y50 lg-y50 res-text\">\n                                <div class=\"text-box-content text dark\">\n              \n              <div class=\"text-inner text-center\">\n                  \n              <\/div>\n           <\/div>\n                            \n<style>\n#text-box-1540320730 {\n  width: 60%;\n}\n#text-box-1540320730 .text-box-content {\n  font-size: 100%;\n}\n@media (min-width:550px) {\n  #text-box-1540320730 {\n    width: 60%;\n  }\n}\n<\/style>\n    <\/div>\n \n        <\/div>\n      <\/div>\n\n            \n<style>\n#banner-862500024 {\n  padding-top: 300px;\n  background-color: rgb(255, 255, 255);\n}\n@media (min-width:550px) {\n  #banner-862500024 {\n    padding-top: 500px;\n  }\n}\n<\/style>\n  <\/div>\n\n\n\t\t<\/div>\n\t\t\t\t\n<style>\n#col-130621227 > .col-inner {\n  margin: -130px 0px 0px 0px;\n}\n@media (min-width:850px) {\n  #col-130621227 > .col-inner {\n    margin: -100px 0px 0px 0px;\n  }\n}\n<\/style>\n\t<\/div>\n\n\t\n<\/div>\n\t\t<\/div>\n\n\t\t\n<style>\n#section_344016794 {\n  padding-top: 30px;\n  padding-bottom: 30px;\n}\n<\/style>\n\t<\/section>\n\t\n\n\t<section class=\"section\" id=\"section_618198183\">\n\t\t<div class=\"section-bg fill\" >\n\t\t\t\t\t\t\t\t\t\n\t\t\t\n\n\t\t<\/div>\n\n\t\t\n\n\t\t<div class=\"section-content relative\">\n\t\t\t\n<div class=\"row\" style=\"max-width:1300px\" id=\"row-1672382439\">\n\n\t<div id=\"col-587860257\" class=\"col medium-11 small-12 large-7\"  >\n\t\t\t\t<div class=\"col-inner\" style=\"background-color:rgb(240, 223, 162);\" >\n\t\t\t\n\t\t\t\n\t<div id=\"gap-1283355072\" class=\"gap-element clearfix\" style=\"display:block; height:auto;\">\n\t\t\n<style>\n#gap-1283355072 {\n  padding-top: 600px;\n}\n<\/style>\n\t<\/div>\n\t\n\t\t<\/div>\n\t\t\t\t\n<style>\n#col-587860257 > .col-inner {\n  margin: -150px 0px 0px 0px;\n}\n<\/style>\n\t<\/div>\n\n\t\n<\/div>\n<div class=\"row align-right\" style=\"max-width:1300px\" id=\"row-566982383\">\n\n\t<div id=\"col-1114842947\" class=\"col medium-11 small-12 large-4\"  >\n\t\t\t\t<div class=\"col-inner\"  >\n\t\t\t\n\t\t\t\n\t<div id=\"text-1182345042\" class=\"text\">\n\t\t\n<h2><strong data-start=\"514\" data-end=\"528\">Our Mission &amp; Vision<\/strong><\/h2>\n<p>\n\t\t\n<style>\n#text-1182345042 {\n  font-size: 2rem;\n}\n<\/style>\n\t<\/div>\n\t\n\t\t<\/div>\n\t\t\t\t\n<style>\n#col-1114842947 > .col-inner {\n  padding: 0px 0px 0px 30px;\n  margin: -580px 0px 0px 0px;\n}\n@media (min-width:550px) {\n  #col-1114842947 > .col-inner {\n    padding: 0px 90px 0px 0px;\n    margin: -500px 0px 0px 0px;\n  }\n}\n@media (min-width:850px) {\n  #col-1114842947 > .col-inner {\n    margin: -450px 0px 0px 0px;\n  }\n}\n<\/style>\n\t<\/div>\n\n\t\n\n\t<div id=\"col-1785327827\" class=\"col medium-11 small-12 large-7\"  >\n\t\t\t\t<div class=\"col-inner\"  >\n\t\t\t\n\t\t\t\n<div class=\"is-divider divider clearfix\" style=\"max-width:300px;background-color:rgb(0, 0, 0);\"><\/div>\n<p class=\"lead\">Our mission is to provide our clients with safe, aesthetic, and environmentally friendly structures built to high-quality standards; to enhance the quality of life with innovative solutions; and to create value in every region where we operate.<\/p>\n<hr>\n<p class=\"lead\">Our vision is to become a leading brand in trust, quality, and sustainability within the construction sector; and to shape the cities of the future with modern, durable, and livable structures.<\/p>\n<\/p>\n<a href=\"https:\/\/yurtkaya.com\/en\/contact\/\" class=\"button secondary is-shade\" >\n\t\t<span>Let\u2019s Get Started<\/span>\n\t<\/a>\n\n\t\t<\/div>\n\t\t\t\t\n<style>\n#col-1785327827 > .col-inner {\n  padding: 0px 0px 0px 30px;\n  margin: -490px 0px 0px 0px;\n}\n@media (min-width:550px) {\n  #col-1785327827 > .col-inner {\n    padding: 0px 150px 0px 0px;\n    margin: -450px 0px 0px 0px;\n  }\n}\n@media (min-width:850px) {\n  #col-1785327827 > .col-inner {\n    padding: 0 0px 0px 0px;\n    margin: -450px 0px 0px 0px;\n  }\n}\n<\/style>\n\t<\/div>\n\n\t\n<\/div>\n\t\t<\/div>\n\n\t\t\n<style>\n#section_618198183 {\n  padding-top: 30px;\n  padding-bottom: 30px;\n}\n<\/style>\n\t<\/section>\n\t\n","protected":false},"excerpt":{"rendered":"","protected":false},"author":1,"featured_media":609,"parent":0,"menu_order":18,"comment_status":"closed","ping_status":"closed","template":"page-blank.php","meta":{"pagelayer_contact_templates":[],"_pagelayer_content":"","footnotes":""},"class_list":["post-1010","page","type-page","status-publish","has-post-thumbnail","hentry"],"yoast_head":"<!-- This site is optimized with the Yoast SEO plugin v27.2 - https:\/\/yoast.com\/product\/yoast-seo-wordpress\/ -->\n<title>Who We Are - YURT KAYA \u0130N\u015eAAT<\/title>\n<meta name=\"robots\" content=\"index, follow, max-snippet:-1, max-image-preview:large, max-video-preview:-1\" \/>\n<link rel=\"canonical\" href=\"https:\/\/yurtkaya.com\/hakkimizda\/\" \/>\n<meta property=\"og:locale\" content=\"en_US\" \/>\n<meta property=\"og:type\" content=\"article\" \/>\n<meta property=\"og:title\" content=\"Who We Are - YURT KAYA \u0130N\u015eAAT\" \/>\n<meta property=\"og:url\" content=\"https:\/\/yurtkaya.com\/hakkimizda\/\" \/>\n<meta property=\"og:site_name\" content=\"YURT KAYA \u0130N\u015eAAT\" \/>\n<meta property=\"article:modified_time\" content=\"2025-09-17T22:30:09+00:00\" \/>\n<meta property=\"og:image\" content=\"https:\/\/yurtkaya.com\/wp-content\/uploads\/2016\/08\/dummy-1.jpg\" \/>\n\t<meta property=\"og:image:width\" content=\"400\" \/>\n\t<meta property=\"og:image:height\" content=\"260\" \/>\n\t<meta property=\"og:image:type\" content=\"image\/jpeg\" \/>\n<meta name=\"twitter:card\" content=\"summary_large_image\" \/>\n<meta name=\"twitter:label1\" content=\"Est. reading time\" \/>\n\t<meta name=\"twitter:data1\" content=\"2 minutes\" \/>\n<script type=\"application\/ld+json\" class=\"yoast-schema-graph\">{\"@context\":\"https:\/\/schema.org\",\"@graph\":[{\"@type\":\"WebPage\",\"@id\":\"https:\/\/yurtkaya.com\/hakkimizda\/\",\"url\":\"https:\/\/yurtkaya.com\/hakkimizda\/\",\"name\":\"Who We Are - YURT KAYA \u0130N\u015eAAT\",\"isPartOf\":{\"@id\":\"https:\/\/yurtkaya.com\/#website\"},\"primaryImageOfPage\":{\"@id\":\"https:\/\/yurtkaya.com\/hakkimizda\/#primaryimage\"},\"image\":{\"@id\":\"https:\/\/yurtkaya.com\/hakkimizda\/#primaryimage\"},\"thumbnailUrl\":\"https:\/\/yurtkaya.com\/wp-content\/uploads\/2016\/08\/dummy-1.jpg\",\"datePublished\":\"2016-03-31T14:08:39+00:00\",\"dateModified\":\"2025-09-17T22:30:09+00:00\",\"breadcrumb\":{\"@id\":\"https:\/\/yurtkaya.com\/hakkimizda\/#breadcrumb\"},\"inLanguage\":\"en-US\",\"potentialAction\":[{\"@type\":\"ReadAction\",\"target\":[\"https:\/\/yurtkaya.com\/hakkimizda\/\"]}]},{\"@type\":\"ImageObject\",\"inLanguage\":\"en-US\",\"@id\":\"https:\/\/yurtkaya.com\/hakkimizda\/#primaryimage\",\"url\":\"https:\/\/yurtkaya.com\/wp-content\/uploads\/2016\/08\/dummy-1.jpg\",\"contentUrl\":\"https:\/\/yurtkaya.com\/wp-content\/uploads\/2016\/08\/dummy-1.jpg\",\"width\":400,\"height\":260},{\"@type\":\"BreadcrumbList\",\"@id\":\"https:\/\/yurtkaya.com\/hakkimizda\/#breadcrumb\",\"itemListElement\":[{\"@type\":\"ListItem\",\"position\":1,\"name\":\"Anasayfa\",\"item\":\"https:\/\/yurtkaya.com\/\"},{\"@type\":\"ListItem\",\"position\":2,\"name\":\"Who We Are\"}]},{\"@type\":\"WebSite\",\"@id\":\"https:\/\/yurtkaya.com\/#website\",\"url\":\"https:\/\/yurtkaya.com\/\",\"name\":\"YURTKAYA M\u00dcHEND\u0130SL\u0130K VE \u0130N\u015eAAT L\u0130M\u0130TED \u015e\u0130RKET\u0130\",\"description\":\"https:\/\/yurtkaya.com\/\",\"publisher\":{\"@id\":\"https:\/\/yurtkaya.com\/#organization\"},\"potentialAction\":[{\"@type\":\"SearchAction\",\"target\":{\"@type\":\"EntryPoint\",\"urlTemplate\":\"https:\/\/yurtkaya.com\/?s={search_term_string}\"},\"query-input\":{\"@type\":\"PropertyValueSpecification\",\"valueRequired\":true,\"valueName\":\"search_term_string\"}}],\"inLanguage\":\"en-US\"},{\"@type\":\"Organization\",\"@id\":\"https:\/\/yurtkaya.com\/#organization\",\"name\":\"YURTKAYA \u0130N\u015eAAT MUHEND\u0130SL\u0130K\",\"alternateName\":\"YURTKAYA \u0130N\u015eAAT\",\"url\":\"https:\/\/yurtkaya.com\/\",\"logo\":{\"@type\":\"ImageObject\",\"inLanguage\":\"en-US\",\"@id\":\"https:\/\/yurtkaya.com\/#\/schema\/logo\/image\/\",\"url\":\"https:\/\/yurtkaya.com\/wp-content\/uploads\/2025\/08\/cropped-3.png\",\"contentUrl\":\"https:\/\/yurtkaya.com\/wp-content\/uploads\/2025\/08\/cropped-3.png\",\"width\":512,\"height\":512,\"caption\":\"YURTKAYA \u0130N\u015eAAT MUHEND\u0130SL\u0130K\"},\"image\":{\"@id\":\"https:\/\/yurtkaya.com\/#\/schema\/logo\/image\/\"}}]}<\/script>\n<!-- \/ Yoast SEO plugin. -->","yoast_head_json":{"title":"Who We Are - YURT KAYA \u0130N\u015eAAT","robots":{"index":"index","follow":"follow","max-snippet":"max-snippet:-1","max-image-preview":"max-image-preview:large","max-video-preview":"max-video-preview:-1"},"canonical":"https:\/\/yurtkaya.com\/hakkimizda\/","og_locale":"en_US","og_type":"article","og_title":"Who We Are - YURT KAYA \u0130N\u015eAAT","og_url":"https:\/\/yurtkaya.com\/hakkimizda\/","og_site_name":"YURT KAYA \u0130N\u015eAAT","article_modified_time":"2025-09-17T22:30:09+00:00","og_image":[{"width":400,"height":260,"url":"https:\/\/yurtkaya.com\/wp-content\/uploads\/2016\/08\/dummy-1.jpg","type":"image\/jpeg"}],"twitter_card":"summary_large_image","twitter_misc":{"Est. reading time":"2 minutes"},"schema":{"@context":"https:\/\/schema.org","@graph":[{"@type":"WebPage","@id":"https:\/\/yurtkaya.com\/hakkimizda\/","url":"https:\/\/yurtkaya.com\/hakkimizda\/","name":"Who We Are - YURT KAYA \u0130N\u015eAAT","isPartOf":{"@id":"https:\/\/yurtkaya.com\/#website"},"primaryImageOfPage":{"@id":"https:\/\/yurtkaya.com\/hakkimizda\/#primaryimage"},"image":{"@id":"https:\/\/yurtkaya.com\/hakkimizda\/#primaryimage"},"thumbnailUrl":"https:\/\/yurtkaya.com\/wp-content\/uploads\/2016\/08\/dummy-1.jpg","datePublished":"2016-03-31T14:08:39+00:00","dateModified":"2025-09-17T22:30:09+00:00","breadcrumb":{"@id":"https:\/\/yurtkaya.com\/hakkimizda\/#breadcrumb"},"inLanguage":"en-US","potentialAction":[{"@type":"ReadAction","target":["https:\/\/yurtkaya.com\/hakkimizda\/"]}]},{"@type":"ImageObject","inLanguage":"en-US","@id":"https:\/\/yurtkaya.com\/hakkimizda\/#primaryimage","url":"https:\/\/yurtkaya.com\/wp-content\/uploads\/2016\/08\/dummy-1.jpg","contentUrl":"https:\/\/yurtkaya.com\/wp-content\/uploads\/2016\/08\/dummy-1.jpg","width":400,"height":260},{"@type":"BreadcrumbList","@id":"https:\/\/yurtkaya.com\/hakkimizda\/#breadcrumb","itemListElement":[{"@type":"ListItem","position":1,"name":"Anasayfa","item":"https:\/\/yurtkaya.com\/"},{"@type":"ListItem","position":2,"name":"Who We Are"}]},{"@type":"WebSite","@id":"https:\/\/yurtkaya.com\/#website","url":"https:\/\/yurtkaya.com\/","name":"YURTKAYA M\u00dcHEND\u0130SL\u0130K VE \u0130N\u015eAAT L\u0130M\u0130TED \u015e\u0130RKET\u0130","description":"https:\/\/yurtkaya.com\/","publisher":{"@id":"https:\/\/yurtkaya.com\/#organization"},"potentialAction":[{"@type":"SearchAction","target":{"@type":"EntryPoint","urlTemplate":"https:\/\/yurtkaya.com\/?s={search_term_string}"},"query-input":{"@type":"PropertyValueSpecification","valueRequired":true,"valueName":"search_term_string"}}],"inLanguage":"en-US"},{"@type":"Organization","@id":"https:\/\/yurtkaya.com\/#organization","name":"YURTKAYA \u0130N\u015eAAT MUHEND\u0130SL\u0130K","alternateName":"YURTKAYA \u0130N\u015eAAT","url":"https:\/\/yurtkaya.com\/","logo":{"@type":"ImageObject","inLanguage":"en-US","@id":"https:\/\/yurtkaya.com\/#\/schema\/logo\/image\/","url":"https:\/\/yurtkaya.com\/wp-content\/uploads\/2025\/08\/cropped-3.png","contentUrl":"https:\/\/yurtkaya.com\/wp-content\/uploads\/2025\/08\/cropped-3.png","width":512,"height":512,"caption":"YURTKAYA \u0130N\u015eAAT MUHEND\u0130SL\u0130K"},"image":{"@id":"https:\/\/yurtkaya.com\/#\/schema\/logo\/image\/"}}]}},"_links":{"self":[{"href":"https:\/\/yurtkaya.com\/en\/wp-json\/wp\/v2\/pages\/1010","targetHints":{"allow":["GET"]}}],"collection":[{"href":"https:\/\/yurtkaya.com\/en\/wp-json\/wp\/v2\/pages"}],"about":[{"href":"https:\/\/yurtkaya.com\/en\/wp-json\/wp\/v2\/types\/page"}],"author":[{"embeddable":true,"href":"https:\/\/yurtkaya.com\/en\/wp-json\/wp\/v2\/users\/1"}],"replies":[{"embeddable":true,"href":"https:\/\/yurtkaya.com\/en\/wp-json\/wp\/v2\/comments?post=1010"}],"version-history":[{"count":4,"href":"https:\/\/yurtkaya.com\/en\/wp-json\/wp\/v2\/pages\/1010\/revisions"}],"predecessor-version":[{"id":1366,"href":"https:\/\/yurtkaya.com\/en\/wp-json\/wp\/v2\/pages\/1010\/revisions\/1366"}],"wp:featuredmedia":[{"embeddable":true,"href":"https:\/\/yurtkaya.com\/en\/wp-json\/wp\/v2\/media\/609"}],"wp:attachment":[{"href":"https:\/\/yurtkaya.com\/en\/wp-json\/wp\/v2\/media?parent=1010"}],"curies":[{"name":"wp","href":"https:\/\/api.w.org\/{rel}","templated":true}]}}