{"id":1022,"date":"2025-08-14T17:25:29","date_gmt":"2025-08-14T17:25:29","guid":{"rendered":"https:\/\/yurtkaya.com\/our-occupational-safety-policy\/"},"modified":"2025-08-14T17:25:29","modified_gmt":"2025-08-14T17:25:29","slug":"our-occupational-safety-policy","status":"publish","type":"page","link":"https:\/\/yurtkaya.com\/en\/our-occupational-safety-policy\/","title":{"rendered":"Our Occupational Safety Policy"},"content":{"rendered":"\n\t<section class=\"section\" id=\"section_817543454\">\n\t\t<div class=\"section-bg fill\" >\n\t\t\t<img loading=\"lazy\" decoding=\"async\" width=\"1400\" height=\"875\" src=\"https:\/\/yurtkaya.com\/wp-content\/uploads\/2025\/08\/29.jpg\" class=\"bg attachment- size-\" alt=\"\" \/>\t\t\t\t\t\t\n\t\t\t\n\n\t\t<\/div>\n\n\t\t\n\n\t\t<div class=\"section-content relative\">\n\t\t\t\n\t\t<\/div>\n\n\t\t\n<style>\n#section_817543454 {\n  padding-top: 30px;\n  padding-bottom: 30px;\n  min-height: 300px;\n}\n#section_817543454 .section-bg img {\n  object-position: 64% 49%;\n}\n@media (min-width:550px) {\n  #section_817543454 {\n    min-height: 400px;\n  }\n}\n@media (min-width:850px) {\n  #section_817543454 {\n    min-height: 500px;\n  }\n}\n<\/style>\n\t<\/section>\n\t\n\n\t<section class=\"section\" id=\"section_1395898708\">\n\t\t<div class=\"section-bg fill\" >\n\t\t\t\t\t\t\t\t\t\n\t\t\t\n\n\t\t<\/div>\n\n\t\t\n\n\t\t<div class=\"section-content relative\">\n\t\t\t\n<div class=\"row align-center\"  id=\"row-1685322102\">\n\n\t<div id=\"col-169401743\" class=\"col medium-12 small-12 large-6\"  >\n\t\t\t\t<div class=\"col-inner\"  >\n\t\t\t\n\t\t\t\n\t<div id=\"gap-144218368\" class=\"gap-element clearfix\" style=\"display:block; height:auto;\">\n\t\t\n<style>\n#gap-144218368 {\n  padding-top: 10px;\n}\n@media (min-width:550px) {\n  #gap-144218368 {\n    padding-top: 20px;\n  }\n}\n@media (min-width:850px) {\n  #gap-144218368 {\n    padding-top: 30px;\n  }\n}\n<\/style>\n\t<\/div>\n\t\n\t<div id=\"text-507252242\" class=\"text\">\n\t\t\n<h2 data-start=\"107\" data-end=\"140\"><strong data-start=\"110\" data-end=\"138\">Our Occupational Safety Policy<\/strong><\/h2>\n\t\t\n<style>\n#text-507252242 {\n  font-size: 1.55rem;\n}\n<\/style>\n\t<\/div>\n\t\n<p data-start=\"142\" data-end=\"444\">Our company adopts as a fundamental principle the strict application of <strong data-start=\"177\" data-end=\"204\">occupational health and safety<\/strong> rules at the highest level in all projects it carries out. Our goal is to continue our activities with a zero-accident target by ensuring the safety of our employees, business partners, and all individuals present in the project area.<\/p>\n\t\t<\/div>\n\t\t\t\t\n<style>\n#col-169401743 > .col-inner {\n  padding: 0px 10% 0px 0px;\n}\n<\/style>\n\t<\/div>\n\n\t\n\n\t<div id=\"col-867750981\" class=\"col medium-12 small-12 large-6\"  >\n\t\t\t\t<div class=\"col-inner\" style=\"background-color:rgb(241, 241, 241);\" >\n\t\t\t\n\t<div class=\"is-border\"\n\t\tstyle=\"border-color:rgb(73, 193, 147);border-width:10px 0px 0px 0px;\">\n\t<\/div>\n\t\t\t\n\t<div id=\"text-1745799594\" class=\"text\">\n\t\t\n<h3>At all our construction sites, in compliance with national and international occupational safety standards;<\/h3>\n\t\t\n<style>\n#text-1745799594 {\n  font-size: 1.25rem;\n}\n<\/style>\n\t<\/div>\n\t\n<ul>\n<li><strong data-start=\"537\" data-end=\"556\">Risk analyses<\/strong> are conducted regularly.<\/li>\n<li><strong data-start=\"597\" data-end=\"634\">Periodic occupational safety trainings<\/strong> are provided to employees.<\/li>\n<li><strong data-start=\"648\" data-end=\"679\">Personal protective equipment<\/strong> is fully supplied and its use is monitored.<\/li>\n<li>Emergency action plans are prepared and implemented through drills.<\/li>\n<li>A work culture sensitive to the environment and society is fostered.<\/li>\n<\/ul>\n\t\t<\/div>\n\t\t\t\t\n<style>\n#col-867750981 > .col-inner {\n  padding: 15% 10% 5% 10%;\n  margin: 0 0px 0px 0px;\n}\n@media (min-width:550px) {\n  #col-867750981 > .col-inner {\n    padding: 10% 10% 8% 10%;\n  }\n}\n@media (min-width:850px) {\n  #col-867750981 > .col-inner {\n    padding: 15% 15% 10% 15%;\n    margin: -172px 0px 0px 0px;\n  }\n}\n<\/style>\n\t<\/div>\n\n\t\n<\/div>\n\t\t<\/div>\n\n\t\t\n<style>\n#section_1395898708 {\n  padding-top: 30px;\n  padding-bottom: 30px;\n}\n<\/style>\n\t<\/section>\n\t\n\n\t<section class=\"section\" id=\"section_33882559\">\n\t\t<div class=\"section-bg fill\" >\n\t\t\t\t\t\t\t\t\t\n\t\t\t\n\n\t\t<\/div>\n\n\t\t\n\n\t\t<div class=\"section-content relative\">\n\t\t\t\n\t<div id=\"gap-497952232\" class=\"gap-element clearfix\" style=\"display:block; height:auto;\">\n\t\t\n<style>\n#gap-497952232 {\n  padding-top: 30px;\n}\n<\/style>\n\t<\/div>\n\t\n<div class=\"row row-small align-equal\"  id=\"row-183246232\">\n\n\t<div id=\"col-2021033575\" class=\"col medium-7 small-12 large-8\"  >\n\t\t\t\t<div class=\"col-inner\"  >\n\t\t\t\n\t\t\t\n\n  <div class=\"banner has-hover\" id=\"banner-341162616\">\n          <div class=\"banner-inner fill\">\n        <div class=\"banner-bg fill\" >\n            <img loading=\"lazy\" decoding=\"async\" width=\"1020\" height=\"638\" src=\"https:\/\/yurtkaya.com\/wp-content\/uploads\/2025\/08\/26-1280x800.jpg\" class=\"bg attachment-large size-large\" alt=\"\" \/>                                    \n                    <\/div>\n\t\t\n        <div class=\"banner-layers container\">\n            <div class=\"fill banner-link\"><\/div>            \n   <div id=\"text-box-1997741818\" class=\"text-box banner-layer x50 md-x50 lg-x50 y50 md-y50 lg-y50 res-text\">\n                                <div class=\"text-box-content text dark\">\n              \n              <div class=\"text-inner text-center\">\n                  \n              <\/div>\n           <\/div>\n                            \n<style>\n#text-box-1997741818 {\n  width: 60%;\n}\n#text-box-1997741818 .text-box-content {\n  font-size: 100%;\n}\n@media (min-width:550px) {\n  #text-box-1997741818 {\n    width: 60%;\n  }\n}\n<\/style>\n    <\/div>\n \n        <\/div>\n      <\/div>\n\n            \n<style>\n#banner-341162616 {\n  padding-top: 250px;\n  background-color: rgba(255, 255, 255, 0);\n}\n#banner-341162616 .banner-bg img {\n  object-position: 53% 60%;\n}\n@media (min-width:550px) {\n  #banner-341162616 {\n    padding-top: 400px;\n  }\n}\n<\/style>\n  <\/div>\n\n\n\t\t<\/div>\n\t\t\t\t\t<\/div>\n\n\t\n\n\t<div id=\"col-1097769970\" class=\"col medium-5 small-12 large-4\"  >\n\t\t\t\t<div class=\"col-inner text-center\"  >\n\t\t\t\n\t<div class=\"is-border\"\n\t\tstyle=\"border-color:rgb(39, 54, 71);border-width:2px 2px 2px 2px;\">\n\t<\/div>\n\t\t\t\n\t<div id=\"gap-230738850\" class=\"gap-element clearfix\" style=\"display:block; height:auto;\">\n\t\t\n<style>\n#gap-230738850 {\n  padding-top: 20px;\n}\n@media (min-width:550px) {\n  #gap-230738850 {\n    padding-top: 60px;\n  }\n}\n<\/style>\n\t<\/div>\n\t\n\t<div id=\"text-4141882840\" class=\"text\">\n\t\t\n<p>In every project, we act with the principle of <strong data-start=\"919\" data-end=\"935\">\u201cpeople first\u201d<\/strong>, ensuring a safe working environment to guarantee both the well-being of our employees and the continuity of the work.<\/p>\n\t\t\n<style>\n#text-4141882840 {\n  font-size: 1rem;\n}\n<\/style>\n\t<\/div>\n\t\n\t\t<\/div>\n\t\t\t\t\n<style>\n#col-1097769970 > .col-inner {\n  padding: 15% 15% 15% 15%;\n}\n<\/style>\n\t<\/div>\n\n\t\n<\/div>\n\t\t<\/div>\n\n\t\t\n<style>\n#section_33882559 {\n  padding-top: 30px;\n  padding-bottom: 30px;\n}\n<\/style>\n\t<\/section>\n\t\n","protected":false},"excerpt":{"rendered":"","protected":false},"author":1,"featured_media":0,"parent":0,"menu_order":0,"comment_status":"closed","ping_status":"closed","template":"page-blank.php","meta":{"pagelayer_contact_templates":[],"_pagelayer_content":"","footnotes":""},"class_list":["post-1022","page","type-page","status-publish","hentry"],"yoast_head":"<!-- This site is optimized with the Yoast SEO plugin v27.2 - https:\/\/yoast.com\/product\/yoast-seo-wordpress\/ -->\n<title>Our Occupational Safety Policy - YURT KAYA \u0130N\u015eAAT<\/title>\n<meta name=\"robots\" content=\"index, follow, max-snippet:-1, max-image-preview:large, max-video-preview:-1\" \/>\n<link rel=\"canonical\" href=\"https:\/\/yurtkaya.com\/isg\/\" \/>\n<meta property=\"og:locale\" content=\"en_US\" \/>\n<meta property=\"og:type\" content=\"article\" \/>\n<meta property=\"og:title\" content=\"Our Occupational Safety Policy - YURT KAYA \u0130N\u015eAAT\" \/>\n<meta property=\"og:url\" content=\"https:\/\/yurtkaya.com\/isg\/\" \/>\n<meta property=\"og:site_name\" content=\"YURT KAYA \u0130N\u015eAAT\" \/>\n<meta name=\"twitter:card\" content=\"summary_large_image\" \/>\n<meta name=\"twitter:label1\" content=\"Est. reading time\" \/>\n\t<meta name=\"twitter:data1\" content=\"2 minutes\" \/>\n<script type=\"application\/ld+json\" class=\"yoast-schema-graph\">{\"@context\":\"https:\/\/schema.org\",\"@graph\":[{\"@type\":\"WebPage\",\"@id\":\"https:\/\/yurtkaya.com\/isg\/\",\"url\":\"https:\/\/yurtkaya.com\/isg\/\",\"name\":\"Our Occupational Safety Policy - YURT KAYA \u0130N\u015eAAT\",\"isPartOf\":{\"@id\":\"https:\/\/yurtkaya.com\/#website\"},\"datePublished\":\"2025-08-14T17:25:29+00:00\",\"breadcrumb\":{\"@id\":\"https:\/\/yurtkaya.com\/isg\/#breadcrumb\"},\"inLanguage\":\"en-US\",\"potentialAction\":[{\"@type\":\"ReadAction\",\"target\":[\"https:\/\/yurtkaya.com\/isg\/\"]}]},{\"@type\":\"BreadcrumbList\",\"@id\":\"https:\/\/yurtkaya.com\/isg\/#breadcrumb\",\"itemListElement\":[{\"@type\":\"ListItem\",\"position\":1,\"name\":\"Anasayfa\",\"item\":\"https:\/\/yurtkaya.com\/\"},{\"@type\":\"ListItem\",\"position\":2,\"name\":\"Our Occupational Safety Policy\"}]},{\"@type\":\"WebSite\",\"@id\":\"https:\/\/yurtkaya.com\/#website\",\"url\":\"https:\/\/yurtkaya.com\/\",\"name\":\"YURTKAYA M\u00dcHEND\u0130SL\u0130K VE \u0130N\u015eAAT L\u0130M\u0130TED \u015e\u0130RKET\u0130\",\"description\":\"https:\/\/yurtkaya.com\/\",\"publisher\":{\"@id\":\"https:\/\/yurtkaya.com\/#organization\"},\"potentialAction\":[{\"@type\":\"SearchAction\",\"target\":{\"@type\":\"EntryPoint\",\"urlTemplate\":\"https:\/\/yurtkaya.com\/?s={search_term_string}\"},\"query-input\":{\"@type\":\"PropertyValueSpecification\",\"valueRequired\":true,\"valueName\":\"search_term_string\"}}],\"inLanguage\":\"en-US\"},{\"@type\":\"Organization\",\"@id\":\"https:\/\/yurtkaya.com\/#organization\",\"name\":\"YURTKAYA \u0130N\u015eAAT MUHEND\u0130SL\u0130K\",\"alternateName\":\"YURTKAYA \u0130N\u015eAAT\",\"url\":\"https:\/\/yurtkaya.com\/\",\"logo\":{\"@type\":\"ImageObject\",\"inLanguage\":\"en-US\",\"@id\":\"https:\/\/yurtkaya.com\/#\/schema\/logo\/image\/\",\"url\":\"https:\/\/yurtkaya.com\/wp-content\/uploads\/2025\/08\/cropped-3.png\",\"contentUrl\":\"https:\/\/yurtkaya.com\/wp-content\/uploads\/2025\/08\/cropped-3.png\",\"width\":512,\"height\":512,\"caption\":\"YURTKAYA \u0130N\u015eAAT MUHEND\u0130SL\u0130K\"},\"image\":{\"@id\":\"https:\/\/yurtkaya.com\/#\/schema\/logo\/image\/\"}}]}<\/script>\n<!-- \/ Yoast SEO plugin. -->","yoast_head_json":{"title":"Our Occupational Safety Policy - YURT KAYA \u0130N\u015eAAT","robots":{"index":"index","follow":"follow","max-snippet":"max-snippet:-1","max-image-preview":"max-image-preview:large","max-video-preview":"max-video-preview:-1"},"canonical":"https:\/\/yurtkaya.com\/isg\/","og_locale":"en_US","og_type":"article","og_title":"Our Occupational Safety Policy - YURT KAYA \u0130N\u015eAAT","og_url":"https:\/\/yurtkaya.com\/isg\/","og_site_name":"YURT KAYA \u0130N\u015eAAT","twitter_card":"summary_large_image","twitter_misc":{"Est. reading time":"2 minutes"},"schema":{"@context":"https:\/\/schema.org","@graph":[{"@type":"WebPage","@id":"https:\/\/yurtkaya.com\/isg\/","url":"https:\/\/yurtkaya.com\/isg\/","name":"Our Occupational Safety Policy - YURT KAYA \u0130N\u015eAAT","isPartOf":{"@id":"https:\/\/yurtkaya.com\/#website"},"datePublished":"2025-08-14T17:25:29+00:00","breadcrumb":{"@id":"https:\/\/yurtkaya.com\/isg\/#breadcrumb"},"inLanguage":"en-US","potentialAction":[{"@type":"ReadAction","target":["https:\/\/yurtkaya.com\/isg\/"]}]},{"@type":"BreadcrumbList","@id":"https:\/\/yurtkaya.com\/isg\/#breadcrumb","itemListElement":[{"@type":"ListItem","position":1,"name":"Anasayfa","item":"https:\/\/yurtkaya.com\/"},{"@type":"ListItem","position":2,"name":"Our Occupational Safety Policy"}]},{"@type":"WebSite","@id":"https:\/\/yurtkaya.com\/#website","url":"https:\/\/yurtkaya.com\/","name":"YURTKAYA M\u00dcHEND\u0130SL\u0130K VE \u0130N\u015eAAT L\u0130M\u0130TED \u015e\u0130RKET\u0130","description":"https:\/\/yurtkaya.com\/","publisher":{"@id":"https:\/\/yurtkaya.com\/#organization"},"potentialAction":[{"@type":"SearchAction","target":{"@type":"EntryPoint","urlTemplate":"https:\/\/yurtkaya.com\/?s={search_term_string}"},"query-input":{"@type":"PropertyValueSpecification","valueRequired":true,"valueName":"search_term_string"}}],"inLanguage":"en-US"},{"@type":"Organization","@id":"https:\/\/yurtkaya.com\/#organization","name":"YURTKAYA \u0130N\u015eAAT MUHEND\u0130SL\u0130K","alternateName":"YURTKAYA \u0130N\u015eAAT","url":"https:\/\/yurtkaya.com\/","logo":{"@type":"ImageObject","inLanguage":"en-US","@id":"https:\/\/yurtkaya.com\/#\/schema\/logo\/image\/","url":"https:\/\/yurtkaya.com\/wp-content\/uploads\/2025\/08\/cropped-3.png","contentUrl":"https:\/\/yurtkaya.com\/wp-content\/uploads\/2025\/08\/cropped-3.png","width":512,"height":512,"caption":"YURTKAYA \u0130N\u015eAAT MUHEND\u0130SL\u0130K"},"image":{"@id":"https:\/\/yurtkaya.com\/#\/schema\/logo\/image\/"}}]}},"_links":{"self":[{"href":"https:\/\/yurtkaya.com\/en\/wp-json\/wp\/v2\/pages\/1022","targetHints":{"allow":["GET"]}}],"collection":[{"href":"https:\/\/yurtkaya.com\/en\/wp-json\/wp\/v2\/pages"}],"about":[{"href":"https:\/\/yurtkaya.com\/en\/wp-json\/wp\/v2\/types\/page"}],"author":[{"embeddable":true,"href":"https:\/\/yurtkaya.com\/en\/wp-json\/wp\/v2\/users\/1"}],"replies":[{"embeddable":true,"href":"https:\/\/yurtkaya.com\/en\/wp-json\/wp\/v2\/comments?post=1022"}],"version-history":[{"count":0,"href":"https:\/\/yurtkaya.com\/en\/wp-json\/wp\/v2\/pages\/1022\/revisions"}],"wp:attachment":[{"href":"https:\/\/yurtkaya.com\/en\/wp-json\/wp\/v2\/media?parent=1022"}],"curies":[{"name":"wp","href":"https:\/\/api.w.org\/{rel}","templated":true}]}}