{"id":1827,"date":"2025-08-14T17:25:29","date_gmt":"2025-08-14T17:25:29","guid":{"rendered":"https:\/\/yurtkaya.com\/%e5%8a%b4%e5%83%8d%e5%ae%89%e5%85%a8%e8%a1%9b%e7%94%9f\/"},"modified":"2025-09-26T17:53:23","modified_gmt":"2025-09-26T17:53:23","slug":"%e5%8a%b4%e5%83%8d%e5%ae%89%e5%85%a8%e8%a1%9b%e7%94%9f","status":"publish","type":"page","link":"https:\/\/yurtkaya.com\/ja\/%e5%8a%b4%e5%83%8d%e5%ae%89%e5%85%a8%e8%a1%9b%e7%94%9f\/","title":{"rendered":"\u52b4\u50cd\u5b89\u5168\u885b\u751f"},"content":{"rendered":"\n\t<section class=\"section\" id=\"section_73042288\">\n\t\t<div class=\"section-bg fill\" >\n\t\t\t<img loading=\"lazy\" decoding=\"async\" width=\"1400\" height=\"875\" src=\"https:\/\/yurtkaya.com\/wp-content\/uploads\/2025\/08\/29.jpg\" class=\"bg attachment- size-\" alt=\"\" \/>\t\t\t\t\t\t\n\t\t\t\n\n\t\t<\/div>\n\n\t\t\n\n\t\t<div class=\"section-content relative\">\n\t\t\t\n\t\t<\/div>\n\n\t\t\n<style>\n#section_73042288 {\n  padding-top: 30px;\n  padding-bottom: 30px;\n  min-height: 300px;\n}\n#section_73042288 .section-bg img {\n  object-position: 64% 49%;\n}\n@media (min-width:550px) {\n  #section_73042288 {\n    min-height: 400px;\n  }\n}\n@media (min-width:850px) {\n  #section_73042288 {\n    min-height: 500px;\n  }\n}\n<\/style>\n\t<\/section>\n\t\n\n\t<section class=\"section\" id=\"section_1641519142\">\n\t\t<div class=\"section-bg fill\" >\n\t\t\t\t\t\t\t\t\t\n\t\t\t\n\n\t\t<\/div>\n\n\t\t\n\n\t\t<div class=\"section-content relative\">\n\t\t\t\n<div class=\"row align-center\"  id=\"row-938460252\">\n\n\t<div id=\"col-1315485468\" class=\"col medium-12 small-12 large-6\"  >\n\t\t\t\t<div class=\"col-inner\"  >\n\t\t\t\n\t\t\t\n\t<div id=\"gap-1646857793\" class=\"gap-element clearfix\" style=\"display:block; height:auto;\">\n\t\t\n<style>\n#gap-1646857793 {\n  padding-top: 10px;\n}\n@media (min-width:550px) {\n  #gap-1646857793 {\n    padding-top: 20px;\n  }\n}\n@media (min-width:850px) {\n  #gap-1646857793 {\n    padding-top: 30px;\n  }\n}\n<\/style>\n\t<\/div>\n\t\n\t<div id=\"text-3869083804\" class=\"text\">\n\t\t\n<h2 data-start=\"107\" data-end=\"140\"><strong data-start=\"110\" data-end=\"138\">\u52b4\u50cd\u5b89\u5168\u885b\u751f\u65b9\u91dd<\/strong><\/h2>\n\t\t\n<style>\n#text-3869083804 {\n  font-size: 1.55rem;\n}\n<\/style>\n\t<\/div>\n\t\n<p data-start=\"142\" data-end=\"444\">\u5f0a\u793e\u306f\u3001\u5b9f\u65bd\u3059\u308b\u5168\u3066\u306e\u30d7\u30ed\u30b8\u30a7\u30af\u30c8\u306b\u304a\u3044\u3066\u3001<strong data-start=\"177\" data-end=\"204\">\u52b4\u50cd\u5b89\u5168\u885b\u751f<\/strong>\u898f\u5247\u3092\u6700\u9ad8\u6c34\u6e96\u3067\u9069\u7528\u3059\u308b\u3053\u3068\u3092\u57fa\u672c\u65b9\u91dd\u3068\u3057\u3066\u3044\u307e\u3059\u3002\u76ee\u6a19\u306f\u3001\u5f93\u696d\u54e1\u3001\u30d3\u30b8\u30cd\u30b9\u30d1\u30fc\u30c8\u30ca\u30fc\u3001\u304a\u3088\u3073\u30d7\u30ed\u30b8\u30a7\u30af\u30c8\u30a8\u30ea\u30a2\u306b\u3044\u308b\u3059\u3079\u3066\u306e\u4eba\u3005\u306e\u5b89\u5168\u3092\u78ba\u4fdd\u3057\u3001\u52b4\u50cd\u707d\u5bb3\u30bc\u30ed\u3092\u76ee\u6307\u3057\u3066\u6d3b\u52d5\u3092\u7d99\u7d9a\u3059\u308b\u3053\u3068\u3067\u3059\u3002<\/p>\n\t\t<\/div>\n\t\t\t\t\n<style>\n#col-1315485468 > .col-inner {\n  padding: 0px 10% 0px 0px;\n}\n<\/style>\n\t<\/div>\n\n\t\n\n\t<div id=\"col-1681764440\" class=\"col medium-12 small-12 large-6\"  >\n\t\t\t\t<div class=\"col-inner\" style=\"background-color:rgb(241, 241, 241);\" >\n\t\t\t\n\t<div class=\"is-border\"\n\t\tstyle=\"border-color:rgb(73, 193, 147);border-width:10px 0px 0px 0px;\">\n\t<\/div>\n\t\t\t\n\t<div id=\"text-2732293459\" class=\"text\">\n\t\t\n<h3>\u5168\u3066\u306e\u5efa\u8a2d\u73fe\u5834\u306b\u304a\u3044\u3066\u3001\u56fd\u5185\u5916\u306e\u52b4\u50cd\u5b89\u5168\u885b\u751f\u57fa\u6e96\u306b\u5f93\u3044\u3001\u4ee5\u4e0b\u306e\u3053\u3068\u3092\u5b9f\u65bd\u3057\u307e\u3059\u3002<\/h3>\n\t\t\n<style>\n#text-2732293459 {\n  font-size: 1.25rem;\n}\n<\/style>\n\t<\/div>\n\t\n<ul>\n\u00a0\t<\/p>\n<li><strong data-start=\"537\" data-end=\"556\">\u30ea\u30b9\u30af\u5206\u6790<\/strong>\u3092\u5b9a\u671f\u7684\u306b\u5b9f\u65bd\u3057\u307e\u3059\u3002<\/li>\n<p>\u00a0\t<\/p>\n<li>\u5f93\u696d\u54e1\u306b<strong data-start=\"597\" data-end=\"634\">\u5b9a\u671f\u7684\u306a\u5b89\u5168\u885b\u751f\u6559\u80b2<\/strong>\u3092\u63d0\u4f9b\u3057\u307e\u3059\u3002<\/li>\n<p>\u00a0\t<\/p>\n<li><strong data-start=\"648\" data-end=\"679\">\u500b\u4eba\u7528\u4fdd\u8b77\u5177<\/strong>\u3092\u5b8c\u5168\u306b\u63d0\u4f9b\u3057\u3001\u305d\u306e\u4f7f\u7528\u3092\u76e3\u7763\u3057\u307e\u3059\u3002<\/li>\n<p>\u00a0\t<\/p>\n<li>\u7dca\u6025\u6642\u5bfe\u5fdc\u8a08\u753b\u3092\u4f5c\u6210\u3057\u3001\u8a13\u7df4\u3092\u901a\u3058\u3066\u5b9f\u65bd\u3057\u307e\u3059\u3002<\/li>\n<p>\u00a0\t<\/p>\n<li>\u74b0\u5883\u3068\u793e\u4f1a\u306b\u914d\u616e\u3057\u305f\u52b4\u50cd\u6587\u5316\u3092\u69cb\u7bc9\u3057\u307e\u3059\u3002<\/li>\n<\/ul>\n\t\t<\/div>\n\t\t\t\t\n<style>\n#col-1681764440 > .col-inner {\n  padding: 15% 10% 5% 10%;\n  margin: 0 0px 0px 0px;\n}\n@media (min-width:550px) {\n  #col-1681764440 > .col-inner {\n    padding: 10% 10% 8% 10%;\n  }\n}\n@media (min-width:850px) {\n  #col-1681764440 > .col-inner {\n    padding: 15% 15% 10% 15%;\n    margin: -172px 0px 0px 0px;\n  }\n}\n<\/style>\n\t<\/div>\n\n\t\n<\/div>\n\t\t<\/div>\n\n\t\t\n<style>\n#section_1641519142 {\n  padding-top: 30px;\n  padding-bottom: 30px;\n}\n<\/style>\n\t<\/section>\n\t\n\n\t<section class=\"section\" id=\"section_1209856055\">\n\t\t<div class=\"section-bg fill\" >\n\t\t\t\t\t\t\t\t\t\n\t\t\t\n\n\t\t<\/div>\n\n\t\t\n\n\t\t<div class=\"section-content relative\">\n\t\t\t\t\t<\/div>\n\n\t\t\n<style>\n#section_1209856055 {\n  padding-top: 30px;\n  padding-bottom: 30px;\n}\n<\/style>\n\t<\/section>\n\t\n\t<div id=\"gap-1365650554\" class=\"gap-element clearfix\" style=\"display:block; height:auto;\">\n\t\t\n<style>\n#gap-1365650554 {\n  padding-top: 30px;\n}\n<\/style>\n\t<\/div>\n\t\n<div class=\"row row-small align-equal\"  id=\"row-1212031882\"><\/div>\n\n\t<div id=\"col-2068875962\" class=\"col medium-7 small-12 large-8\"  >\n\t\t\t\t<div class=\"col-inner\"  >\n\t\t\t\n\t\t\t\t\t<\/div>\n\t\t\t\t\t<\/div>\n\n\t\n\n  <div class=\"banner has-hover\" id=\"banner-2032703337\">\n          <div class=\"banner-inner fill\">\n        <div class=\"banner-bg fill\" >\n            <img loading=\"lazy\" decoding=\"async\" width=\"1020\" height=\"638\" src=\"https:\/\/yurtkaya.com\/wp-content\/uploads\/2025\/08\/26-1280x800.jpg\" class=\"bg attachment-large size-large\" alt=\"\" \/>                                    \n                    <\/div>\n\t\t\n        <div class=\"banner-layers container\">\n            <div class=\"fill banner-link\"><\/div>               <div id=\"text-box-1462174457\" class=\"text-box banner-layer x50 md-x50 lg-x50 y50 md-y50 lg-y50 res-text\">\n                     <div data-animate=\"fadeIn\">           <div class=\"text-box-content text dark\">\n              \n              <div class=\"text-inner text-center\">\n                                <\/div>\n           <\/div>\n       <\/div>                     \n<style>\n#text-box-1462174457 {\n  width: 60%;\n}\n#text-box-1462174457 .text-box-content {\n  font-size: 100%;\n}\n@media (min-width:550px) {\n  #text-box-1462174457 {\n    width: 60%;\n  }\n}\n<\/style>\n    <\/div>\n         <\/div>\n      <\/div>\n\n            \n<style>\n#banner-2032703337 {\n  padding-top: 250px;\n  background-color: rgba(255, 255, 255, 0);\n}\n#banner-2032703337 .banner-bg img {\n  object-position: 53% 60%;\n}\n@media (min-width:550px) {\n  #banner-2032703337 {\n    padding-top: 400px;\n  }\n}\n<\/style>\n  <\/div>\n\n\n   <div id=\"text-box-29565938\" class=\"text-box banner-layer x50 md-x50 lg-x50 y50 md-y50 lg-y50 res-text\">\n                                <div class=\"text-box-content text dark\">\n              \n              <div class=\"text-inner text-center\">\n                                <\/div>\n           <\/div>\n                            \n<style>\n#text-box-29565938 {\n  width: 60%;\n}\n#text-box-29565938 .text-box-content {\n  font-size: 100%;\n}\n@media (min-width:550px) {\n  #text-box-29565938 {\n    width: 60%;\n  }\n}\n<\/style>\n    <\/div>\n \n","protected":false},"excerpt":{"rendered":"","protected":false},"author":1,"featured_media":0,"parent":0,"menu_order":0,"comment_status":"closed","ping_status":"closed","template":"page-blank.php","meta":{"pagelayer_contact_templates":[],"_pagelayer_content":"","footnotes":""},"class_list":["post-1827","page","type-page","status-publish","hentry"],"yoast_head":"<!-- This site is optimized with the Yoast SEO plugin v27.2 - https:\/\/yoast.com\/product\/yoast-seo-wordpress\/ -->\n<title>\u52b4\u50cd\u5b89\u5168\u885b\u751f - YURT KAYA \u0130N\u015eAAT<\/title>\n<meta name=\"robots\" content=\"index, follow, max-snippet:-1, max-image-preview:large, max-video-preview:-1\" \/>\n<link rel=\"canonical\" href=\"https:\/\/yurtkaya.com\/isg\/\" \/>\n<meta property=\"og:locale\" content=\"ja_JP\" \/>\n<meta property=\"og:type\" content=\"article\" \/>\n<meta property=\"og:title\" content=\"\u52b4\u50cd\u5b89\u5168\u885b\u751f - YURT KAYA \u0130N\u015eAAT\" \/>\n<meta property=\"og:url\" content=\"https:\/\/yurtkaya.com\/isg\/\" \/>\n<meta property=\"og:site_name\" content=\"YURT KAYA \u0130N\u015eAAT\" \/>\n<meta property=\"article:modified_time\" content=\"2025-09-26T17:53:23+00:00\" \/>\n<meta name=\"twitter:card\" content=\"summary_large_image\" \/>\n<meta name=\"twitter:label1\" content=\"\u63a8\u5b9a\u8aad\u307f\u53d6\u308a\u6642\u9593\" \/>\n\t<meta name=\"twitter:data1\" content=\"1\u5206\" \/>\n<script type=\"application\/ld+json\" class=\"yoast-schema-graph\">{\"@context\":\"https:\/\/schema.org\",\"@graph\":[{\"@type\":\"WebPage\",\"@id\":\"https:\/\/yurtkaya.com\/isg\/\",\"url\":\"https:\/\/yurtkaya.com\/isg\/\",\"name\":\"\u52b4\u50cd\u5b89\u5168\u885b\u751f - YURT KAYA \u0130N\u015eAAT\",\"isPartOf\":{\"@id\":\"https:\/\/yurtkaya.com\/#website\"},\"datePublished\":\"2025-08-14T17:25:29+00:00\",\"dateModified\":\"2025-09-26T17:53:23+00:00\",\"breadcrumb\":{\"@id\":\"https:\/\/yurtkaya.com\/isg\/#breadcrumb\"},\"inLanguage\":\"ja\",\"potentialAction\":[{\"@type\":\"ReadAction\",\"target\":[\"https:\/\/yurtkaya.com\/isg\/\"]}]},{\"@type\":\"BreadcrumbList\",\"@id\":\"https:\/\/yurtkaya.com\/isg\/#breadcrumb\",\"itemListElement\":[{\"@type\":\"ListItem\",\"position\":1,\"name\":\"Anasayfa\",\"item\":\"https:\/\/yurtkaya.com\/ja\/\"},{\"@type\":\"ListItem\",\"position\":2,\"name\":\"\u52b4\u50cd\u5b89\u5168\u885b\u751f\"}]},{\"@type\":\"WebSite\",\"@id\":\"https:\/\/yurtkaya.com\/#website\",\"url\":\"https:\/\/yurtkaya.com\/\",\"name\":\"YURTKAYA M\u00dcHEND\u0130SL\u0130K VE \u0130N\u015eAAT L\u0130M\u0130TED \u015e\u0130RKET\u0130\",\"description\":\"https:\/\/yurtkaya.com\/\",\"publisher\":{\"@id\":\"https:\/\/yurtkaya.com\/#organization\"},\"potentialAction\":[{\"@type\":\"SearchAction\",\"target\":{\"@type\":\"EntryPoint\",\"urlTemplate\":\"https:\/\/yurtkaya.com\/?s={search_term_string}\"},\"query-input\":{\"@type\":\"PropertyValueSpecification\",\"valueRequired\":true,\"valueName\":\"search_term_string\"}}],\"inLanguage\":\"ja\"},{\"@type\":\"Organization\",\"@id\":\"https:\/\/yurtkaya.com\/#organization\",\"name\":\"YURTKAYA \u0130N\u015eAAT MUHEND\u0130SL\u0130K\",\"alternateName\":\"YURTKAYA \u0130N\u015eAAT\",\"url\":\"https:\/\/yurtkaya.com\/\",\"logo\":{\"@type\":\"ImageObject\",\"inLanguage\":\"ja\",\"@id\":\"https:\/\/yurtkaya.com\/#\/schema\/logo\/image\/\",\"url\":\"https:\/\/yurtkaya.com\/wp-content\/uploads\/2025\/08\/cropped-3.png\",\"contentUrl\":\"https:\/\/yurtkaya.com\/wp-content\/uploads\/2025\/08\/cropped-3.png\",\"width\":512,\"height\":512,\"caption\":\"YURTKAYA \u0130N\u015eAAT MUHEND\u0130SL\u0130K\"},\"image\":{\"@id\":\"https:\/\/yurtkaya.com\/#\/schema\/logo\/image\/\"}}]}<\/script>\n<!-- \/ Yoast SEO plugin. -->","yoast_head_json":{"title":"\u52b4\u50cd\u5b89\u5168\u885b\u751f - YURT KAYA \u0130N\u015eAAT","robots":{"index":"index","follow":"follow","max-snippet":"max-snippet:-1","max-image-preview":"max-image-preview:large","max-video-preview":"max-video-preview:-1"},"canonical":"https:\/\/yurtkaya.com\/isg\/","og_locale":"ja_JP","og_type":"article","og_title":"\u52b4\u50cd\u5b89\u5168\u885b\u751f - YURT KAYA \u0130N\u015eAAT","og_url":"https:\/\/yurtkaya.com\/isg\/","og_site_name":"YURT KAYA \u0130N\u015eAAT","article_modified_time":"2025-09-26T17:53:23+00:00","twitter_card":"summary_large_image","twitter_misc":{"\u63a8\u5b9a\u8aad\u307f\u53d6\u308a\u6642\u9593":"1\u5206"},"schema":{"@context":"https:\/\/schema.org","@graph":[{"@type":"WebPage","@id":"https:\/\/yurtkaya.com\/isg\/","url":"https:\/\/yurtkaya.com\/isg\/","name":"\u52b4\u50cd\u5b89\u5168\u885b\u751f - YURT KAYA \u0130N\u015eAAT","isPartOf":{"@id":"https:\/\/yurtkaya.com\/#website"},"datePublished":"2025-08-14T17:25:29+00:00","dateModified":"2025-09-26T17:53:23+00:00","breadcrumb":{"@id":"https:\/\/yurtkaya.com\/isg\/#breadcrumb"},"inLanguage":"ja","potentialAction":[{"@type":"ReadAction","target":["https:\/\/yurtkaya.com\/isg\/"]}]},{"@type":"BreadcrumbList","@id":"https:\/\/yurtkaya.com\/isg\/#breadcrumb","itemListElement":[{"@type":"ListItem","position":1,"name":"Anasayfa","item":"https:\/\/yurtkaya.com\/ja\/"},{"@type":"ListItem","position":2,"name":"\u52b4\u50cd\u5b89\u5168\u885b\u751f"}]},{"@type":"WebSite","@id":"https:\/\/yurtkaya.com\/#website","url":"https:\/\/yurtkaya.com\/","name":"YURTKAYA M\u00dcHEND\u0130SL\u0130K VE \u0130N\u015eAAT L\u0130M\u0130TED \u015e\u0130RKET\u0130","description":"https:\/\/yurtkaya.com\/","publisher":{"@id":"https:\/\/yurtkaya.com\/#organization"},"potentialAction":[{"@type":"SearchAction","target":{"@type":"EntryPoint","urlTemplate":"https:\/\/yurtkaya.com\/?s={search_term_string}"},"query-input":{"@type":"PropertyValueSpecification","valueRequired":true,"valueName":"search_term_string"}}],"inLanguage":"ja"},{"@type":"Organization","@id":"https:\/\/yurtkaya.com\/#organization","name":"YURTKAYA \u0130N\u015eAAT MUHEND\u0130SL\u0130K","alternateName":"YURTKAYA \u0130N\u015eAAT","url":"https:\/\/yurtkaya.com\/","logo":{"@type":"ImageObject","inLanguage":"ja","@id":"https:\/\/yurtkaya.com\/#\/schema\/logo\/image\/","url":"https:\/\/yurtkaya.com\/wp-content\/uploads\/2025\/08\/cropped-3.png","contentUrl":"https:\/\/yurtkaya.com\/wp-content\/uploads\/2025\/08\/cropped-3.png","width":512,"height":512,"caption":"YURTKAYA \u0130N\u015eAAT MUHEND\u0130SL\u0130K"},"image":{"@id":"https:\/\/yurtkaya.com\/#\/schema\/logo\/image\/"}}]}},"_links":{"self":[{"href":"https:\/\/yurtkaya.com\/ja\/wp-json\/wp\/v2\/pages\/1827","targetHints":{"allow":["GET"]}}],"collection":[{"href":"https:\/\/yurtkaya.com\/ja\/wp-json\/wp\/v2\/pages"}],"about":[{"href":"https:\/\/yurtkaya.com\/ja\/wp-json\/wp\/v2\/types\/page"}],"author":[{"embeddable":true,"href":"https:\/\/yurtkaya.com\/ja\/wp-json\/wp\/v2\/users\/1"}],"replies":[{"embeddable":true,"href":"https:\/\/yurtkaya.com\/ja\/wp-json\/wp\/v2\/comments?post=1827"}],"version-history":[{"count":1,"href":"https:\/\/yurtkaya.com\/ja\/wp-json\/wp\/v2\/pages\/1827\/revisions"}],"predecessor-version":[{"id":1832,"href":"https:\/\/yurtkaya.com\/ja\/wp-json\/wp\/v2\/pages\/1827\/revisions\/1832"}],"wp:attachment":[{"href":"https:\/\/yurtkaya.com\/ja\/wp-json\/wp\/v2\/media?parent=1827"}],"curies":[{"name":"wp","href":"https:\/\/api.w.org\/{rel}","templated":true}]}}