{"id":1881,"date":"2016-03-31T14:08:39","date_gmt":"2016-03-31T14:08:39","guid":{"rendered":"https:\/\/yurtkaya.com\/%e4%bc%9a%e7%a4%be%e6%a6%82%e8%a6%81\/"},"modified":"2025-09-26T19:34:51","modified_gmt":"2025-09-26T19:34:51","slug":"%e4%bc%9a%e7%a4%be%e6%a6%82%e8%a6%81","status":"publish","type":"page","link":"https:\/\/yurtkaya.com\/ja\/%e4%bc%9a%e7%a4%be%e6%a6%82%e8%a6%81\/","title":{"rendered":"\u4f1a\u793e\u6982\u8981"},"content":{"rendered":"\n  <div class=\"banner has-hover\" id=\"banner-618892442\">\n          <div class=\"banner-inner fill\">\n        <div class=\"banner-bg fill\" >\n            <img loading=\"lazy\" decoding=\"async\" width=\"1020\" height=\"574\" src=\"https:\/\/yurtkaya.com\/wp-content\/uploads\/2025\/08\/1.jpg\" class=\"bg attachment-large size-large\" alt=\"\" \/>                        <div class=\"overlay\"><\/div>            \n                    <\/div>\n\t\t\n        <div class=\"banner-layers container\">\n            <div class=\"fill banner-link\"><\/div>            \n   <div id=\"text-box-938177753\" class=\"text-box banner-layer x50 md-x50 lg-x50 y50 md-y50 lg-y50 res-text\">\n                                <div class=\"text-box-content text dark\">\n              \n              <div class=\"text-inner text-center\">\n                  \n<h3 class=\"uppercase\"><strong>\u4f1a\u793e\u6982\u8981<\/strong><\/h3>\n              <\/div>\n           <\/div>\n                            \n<style>\n#text-box-938177753 {\n  width: 60%;\n}\n#text-box-938177753 .text-box-content {\n  font-size: 100%;\n}\n<\/style>\n    <\/div>\n \n        <\/div>\n      <\/div>\n\n            \n<style>\n#banner-618892442 {\n  padding-top: 300px;\n}\n#banner-618892442 .overlay {\n  background-color: rgba(0,0,0,.5);\n}\n#banner-618892442 .banner-bg img {\n  object-position: 48% 56%;\n}\n<\/style>\n  <\/div>\n\n\n\n\t<section class=\"section\" id=\"section_440186901\">\n\t\t<div class=\"section-bg fill\" >\n\t\t\t<img loading=\"lazy\" decoding=\"async\" width=\"1500\" height=\"1000\" src=\"https:\/\/yurtkaya.com\/wp-content\/uploads\/2025\/08\/luke-van-zyl-koH7IVuwRLw-unsplash.jpg\" class=\"bg attachment- size-\" alt=\"\" \/>\t\t\t\t\t\t\n\t\t\t\n\n\t\t<\/div>\n\n\t\t\n\n\t\t<div class=\"section-content relative\">\n\t\t\t\n\t\t<\/div>\n\n\t\t\n<style>\n#section_440186901 {\n  padding-top: 30px;\n  padding-bottom: 30px;\n  min-height: 400px;\n}\n@media (min-width:550px) {\n  #section_440186901 {\n    min-height: 600px;\n  }\n}\n<\/style>\n\t<\/section>\n\t\n\n\t<section class=\"section\" id=\"section_222677212\">\n\t\t<div class=\"section-bg fill\" >\n\t\t\t\t\t\t\t\t\t\n\t\t\t\n\n\t\t<\/div>\n\n\t\t\n\n\t\t<div class=\"section-content relative\">\n\t\t\t\n<div class=\"row row-collapse row-full-width\"  id=\"row-140823326\">\n\n\t<div id=\"col-2046639289\" class=\"col medium-10 small-12 large-6\"  >\n\t\t\t\t<div class=\"col-inner\" style=\"background-color:rgb(240, 223, 162);\" >\n\t\t\t\n\t\t\t\n\t<div id=\"gap-1634312457\" class=\"gap-element clearfix\" style=\"display:block; height:auto;\">\n\t\t\n<style>\n#gap-1634312457 {\n  padding-top: 700px;\n}\n<\/style>\n\t<\/div>\n\t\n\t\t<\/div>\n\t\t\t\t\n<style>\n#col-2046639289 > .col-inner {\n  margin: -100px 0px 0px 0px;\n}\n@media (min-width:550px) {\n  #col-2046639289 > .col-inner {\n    margin: -260px 0px 0px 0px;\n  }\n}\n<\/style>\n\t<\/div>\n\n\t\n<\/div>\n<div class=\"row\" style=\"max-width:1300px\" id=\"row-788633979\">\n\n\t<div id=\"col-2076667652\" class=\"col medium-8 small-12 large-5\"  >\n\t\t\t\t<div class=\"col-inner\"  >\n\t\t\t\n\t\t\t\n\t<div id=\"text-2649304543\" class=\"text\">\n\t\t\n<h1>\u30e6\u30eb\u30c8\u30ab\u30e4\u5efa\u8a2d\u306b\u3088\u308b\u5b89\u5168\u3067\u7f8e\u3057\u3044\u751f\u6d3b\u7a7a\u9593<\/h1>\n<p>\n\t\t\n<style>\n#text-2649304543 {\n  font-size: 1.75rem;\n}\n<\/style>\n\t<\/div>\n\t\n<\/col&#093;\n&#091;col span=\"6\" span__sm=\"12\" span__md=\"9\" margin=\"-330px 0px 0px 0px\" margin__md=\"-400px 0px 0px 0px\"&#093;\n\n\n\n<h2>\u8a2d\u7acb\u306e\u7269\u8a9e&#8230;<\/h2>\n<div class=\"is-divider divider clearfix\" style=\"max-width:300px;background-color:rgb(0, 0, 0);\"><\/div>\n<p class=\"lead\"><span style=\"font-size: 100%;\">1998\u5e74\u4ee5\u6765\u3001\u56fd\u969b\u4f01\u696d\u306e\u7ba1\u7406\u8077\u3068\u3057\u3066\u7a4d\u6975\u7684\u306b\u5f79\u5272\u3092\u679c\u305f\u3057\u3001\u9577\u5e74\u306b\u308f\u305f\u308a\u591a\u69d8\u306a\u5c02\u9580\u5206\u91ce\u306e\u5c02\u9580\u30c1\u30fc\u30e0\u3068\u5354\u529b\u3057\u3066\u30d7\u30ed\u30b8\u30a7\u30af\u30c8\u3092\u958b\u767a\u3057\u3066\u304d\u305f\u5f0a\u793e\u306e\u7d4c\u55b6\u9663\u306f\u3001\u7372\u5f97\u3057\u305f\u7d4c\u9a13\u3068\u77e5\u8b58\u3092\u3088\u308a\u5f37\u529b\u306a\u30d3\u30b8\u30e7\u30f3\u3067\u672a\u6765\u3078\u7e4b\u3050\u305f\u3081\u30012025\u5e74\u306bYURTKAYA\u30a8\u30f3\u30b8\u30cb\u30a2\u30ea\u30f3\u30b0\uff06\u5efa\u8a2d\u6709\u9650\u4f1a\u793e\uff08YURTKAYA M\u00dcHEND\u0130SL\u0130K VE \u0130N\u015eAAT L\u0130M\u0130TED \u015e\u0130RKET\u0130\uff09\u3092\u8a2d\u7acb\u3057\u307e\u3057\u305f\u3002\u4eca\u65e5\u3001\u30e6\u30eb\u30c8\u30ab\u30e4\u5efa\u8a2d\u306f\u3001\u3053\u306e\u78ba\u304b\u306a\u7d4c\u9a13\u3068\u5f37\u529b\u306a\u30c1\u30fc\u30e0\u7cbe\u795e\u3092\u7d50\u96c6\u3057\u3001\u54c1\u8cea\u3001\u4fe1\u983c\u3001\u6301\u7d9a\u53ef\u80fd\u6027\u3068\u3044\u3046\u4fa1\u5024\u3092\u4e2d\u5fc3\u306b\u636e\u3048\u3066\u6d3b\u52d5\u3092\u7d9a\u3051\u3066\u3044\u307e\u3059\u3002<\/span><\/p>\n<\/p>\n\t\t<\/div>\n\t\t\t\t\n<style>\n#col-2076667652 > .col-inner {\n  margin: -600px 0px 0px 0px;\n}\n<\/style>\n\t<\/div>\n\n\t\n<\/div>\n\t\t<\/div>\n\n\t\t\n<style>\n#section_222677212 {\n  padding-top: 30px;\n  padding-bottom: 30px;\n}\n<\/style>\n\t<\/section>\n\t\n\n\t<section class=\"section\" id=\"section_186738670\">\n\t\t<div class=\"section-bg fill\" >\n\t\t\t\t\t\t\t\t\t\n\t\t\t\n\n\t\t<\/div>\n\n\t\t\n\n\t\t<div class=\"section-content relative\">\n\t\t\t\n<div class=\"row row-collapse row-full-width\"  id=\"row-807910280\">\n\n\t<div id=\"col-1459133009\" class=\"col small-12 large-12\"  >\n\t\t\t\t<div class=\"col-inner\"  >\n\t\t\t\n\t\t\t\n\n  <div class=\"banner has-hover\" id=\"banner-1025332590\">\n          <div class=\"banner-inner fill\">\n        <div class=\"banner-bg fill\" >\n            <img loading=\"lazy\" decoding=\"async\" width=\"1020\" height=\"729\" src=\"https:\/\/yurtkaya.com\/wp-content\/uploads\/2025\/08\/florian-schmid-J479yftnNik-unsplash-1120x800.jpg\" class=\"bg attachment-large size-large\" alt=\"\" \/>                                    \n                    <\/div>\n\t\t\n        <div class=\"banner-layers container\">\n            <div class=\"fill banner-link\"><\/div>            \n   <div id=\"text-box-1595466522\" class=\"text-box banner-layer x50 md-x50 lg-x50 y50 md-y50 lg-y50 res-text\">\n                                <div class=\"text-box-content text dark\">\n              \n              <div class=\"text-inner text-center\">\n                  \n              <\/div>\n           <\/div>\n                            \n<style>\n#text-box-1595466522 {\n  width: 60%;\n}\n#text-box-1595466522 .text-box-content {\n  font-size: 100%;\n}\n@media (min-width:550px) {\n  #text-box-1595466522 {\n    width: 60%;\n  }\n}\n<\/style>\n    <\/div>\n \n        <\/div>\n      <\/div>\n\n            \n<style>\n#banner-1025332590 {\n  padding-top: 300px;\n  background-color: rgb(255, 255, 255);\n}\n@media (min-width:550px) {\n  #banner-1025332590 {\n    padding-top: 500px;\n  }\n}\n<\/style>\n  <\/div>\n\n\n\t\t<\/div>\n\t\t\t\t\n<style>\n#col-1459133009 > .col-inner {\n  margin: -130px 0px 0px 0px;\n}\n@media (min-width:850px) {\n  #col-1459133009 > .col-inner {\n    margin: -100px 0px 0px 0px;\n  }\n}\n<\/style>\n\t<\/div>\n\n\t\n<\/div>\n\t\t<\/div>\n\n\t\t\n<style>\n#section_186738670 {\n  padding-top: 30px;\n  padding-bottom: 30px;\n}\n<\/style>\n\t<\/section>\n\t\n\n\t<section class=\"section\" id=\"section_2031423505\">\n\t\t<div class=\"section-bg fill\" >\n\t\t\t\t\t\t\t\t\t\n\t\t\t\n\n\t\t<\/div>\n\n\t\t\n\n\t\t<div class=\"section-content relative\">\n\t\t\t\n<div class=\"row\" style=\"max-width:1300px\" id=\"row-218252055\">\n\n\t<div id=\"col-1185353609\" class=\"col medium-11 small-12 large-7\"  >\n\t\t\t\t<div class=\"col-inner\" style=\"background-color:rgb(240, 223, 162);\" >\n\t\t\t\n\t\t\t\n\t<div id=\"gap-496290586\" class=\"gap-element clearfix\" style=\"display:block; height:auto;\">\n\t\t\n<style>\n#gap-496290586 {\n  padding-top: 600px;\n}\n<\/style>\n\t<\/div>\n\t\n\t\t<\/div>\n\t\t\t\t\n<style>\n#col-1185353609 > .col-inner {\n  margin: -150px 0px 0px 0px;\n}\n<\/style>\n\t<\/div>\n\n\t\n<\/div>\n<div class=\"row align-right\" style=\"max-width:1300px\" id=\"row-142794638\">\n\n\t<div id=\"col-1616674861\" class=\"col medium-11 small-12 large-4\"  >\n\t\t\t\t<div class=\"col-inner\"  >\n\t\t\t\n\t\t\t\n\t<div id=\"text-2349851633\" class=\"text\">\n\t\t\n<h2><strong data-start=\"514\" data-end=\"528\">\u79c1\u305f\u3061\u306e\u4f7f\u547d \u00a7 \u79c1\u305f\u3061\u306e\u30d3\u30b8\u30e7\u30f3<\/strong><\/h2>\n<p>\n\t\t\n<style>\n#text-2349851633 {\n  font-size: 2rem;\n}\n<\/style>\n\t<\/div>\n\t\n<\/col&#093;\n&#091;col span=\"7\" span__sm=\"12\" span__md=\"11\" padding=\"0 0px 0px 0px\" padding__sm=\"0px 0px 0px 30px\" padding__md=\"0px 150px 0px 0px\" margin=\"-450px 0px 0px 0px\" margin__sm=\"-490px 0px 0px 0px\" margin__md=\"-450px 0px 0px 0px\"&#093;\n\n&#091;divider width=\"300px\" color=\"rgb(0, 0, 0)\"&#093;\n\n\n\n<p class=\"lead\">\u304a\u5ba2\u69d8\u306b\u9ad8\u54c1\u8cea\u306a\u57fa\u6e96\u3092\u6e80\u305f\u3057\u305f\u3001\u5b89\u5168\u3067\u3001\u7f8e\u3057\u304f\u3001\u74b0\u5883\u306b\u914d\u616e\u3057\u305f\u5efa\u7269\u3092\u63d0\u4f9b\u3059\u308b\u3053\u3068\u3002\u9769\u65b0\u7684\u306a\u30bd\u30ea\u30e5\u30fc\u30b7\u30e7\u30f3\u3067\u751f\u6d3b\u306e\u8cea\u3092\u5411\u4e0a\u3055\u305b\u3001\u6d3b\u52d5\u3059\u308b\u3059\u3079\u3066\u306e\u5730\u57df\u3067\u4fa1\u5024\u3092\u5275\u9020\u3059\u308b\u3053\u3068\u3002<\/p>\n<hr \/>\n<p class=\"lead\">\u5efa\u8a2d\u696d\u754c\u306b\u304a\u3044\u3066\u3001\u4fe1\u983c\u3001\u54c1\u8cea\u3001\u6301\u7d9a\u53ef\u80fd\u6027\u306e\u5206\u91ce\u3067\u5148\u99c6\u7684\u306a\u30d6\u30e9\u30f3\u30c9\u3068\u306a\u308b\u3053\u3068\u3002\u8fd1\u4ee3\u7684\u3067\u3001\u8010\u4e45\u6027\u304c\u3042\u308a\u3001\u4f4f\u307f\u3084\u3059\u3044\u5efa\u7269\u3067\u672a\u6765\u306e\u90fd\u5e02\u3092\u5f62\u4f5c\u308b\u3053\u3068\u3002<\/p>\n<\/p>\n<a href=\"https:\/\/yurtkaya.com\/ja\/%e3%82%b3%e3%83%9f%e3%83%a5%e3%83%8b%e3%82%b1%e3%83%bc%e3%82%b7%e3%83%a7%e3%83%b3\/\" class=\"button secondary is-shade\" >\n\t\t<span>\u3055\u3042\u3001\u59cb\u3081\u307e\u3057\u3087\u3046<\/span>\n\t<\/a>\n\n\t\t<\/div>\n\t\t\t\t\n<style>\n#col-1616674861 > .col-inner {\n  padding: 0px 0px 0px 30px;\n  margin: -580px 0px 0px 0px;\n}\n@media (min-width:550px) {\n  #col-1616674861 > .col-inner {\n    padding: 0px 90px 0px 0px;\n    margin: -500px 0px 0px 0px;\n  }\n}\n@media (min-width:850px) {\n  #col-1616674861 > .col-inner {\n    margin: -450px 0px 0px 0px;\n  }\n}\n<\/style>\n\t<\/div>\n\n\t\n<\/div>\n\t\t<\/div>\n\n\t\t\n<style>\n#section_2031423505 {\n  padding-top: 30px;\n  padding-bottom: 30px;\n}\n<\/style>\n\t<\/section>\n\t\n","protected":false},"excerpt":{"rendered":"","protected":false},"author":1,"featured_media":1807,"parent":0,"menu_order":18,"comment_status":"closed","ping_status":"closed","template":"page-blank.php","meta":{"pagelayer_contact_templates":[],"_pagelayer_content":"","footnotes":""},"class_list":["post-1881","page","type-page","status-publish","has-post-thumbnail","hentry"],"yoast_head":"<!-- This site is optimized with the Yoast SEO plugin v27.2 - https:\/\/yoast.com\/product\/yoast-seo-wordpress\/ -->\n<title>\u4f1a\u793e\u6982\u8981 - YURT KAYA \u0130N\u015eAAT<\/title>\n<meta name=\"robots\" content=\"index, follow, max-snippet:-1, max-image-preview:large, max-video-preview:-1\" \/>\n<link rel=\"canonical\" href=\"https:\/\/yurtkaya.com\/hakkimizda\/\" \/>\n<meta property=\"og:locale\" content=\"ja_JP\" \/>\n<meta property=\"og:type\" content=\"article\" \/>\n<meta property=\"og:title\" content=\"\u4f1a\u793e\u6982\u8981 - YURT KAYA \u0130N\u015eAAT\" \/>\n<meta property=\"og:url\" content=\"https:\/\/yurtkaya.com\/hakkimizda\/\" \/>\n<meta property=\"og:site_name\" content=\"YURT KAYA \u0130N\u015eAAT\" \/>\n<meta property=\"article:modified_time\" content=\"2025-09-26T19:34:51+00:00\" \/>\n<meta property=\"og:image\" content=\"https:\/\/yurtkaya.com\/wp-content\/uploads\/2016\/08\/dummy-1.jpg\" \/>\n\t<meta property=\"og:image:width\" content=\"400\" \/>\n\t<meta property=\"og:image:height\" content=\"260\" \/>\n\t<meta property=\"og:image:type\" content=\"image\/jpeg\" \/>\n<meta name=\"twitter:card\" content=\"summary_large_image\" \/>\n<script type=\"application\/ld+json\" class=\"yoast-schema-graph\">{\"@context\":\"https:\/\/schema.org\",\"@graph\":[{\"@type\":\"WebPage\",\"@id\":\"https:\/\/yurtkaya.com\/hakkimizda\/\",\"url\":\"https:\/\/yurtkaya.com\/hakkimizda\/\",\"name\":\"\u4f1a\u793e\u6982\u8981 - YURT KAYA \u0130N\u015eAAT\",\"isPartOf\":{\"@id\":\"https:\/\/yurtkaya.com\/#website\"},\"primaryImageOfPage\":{\"@id\":\"https:\/\/yurtkaya.com\/hakkimizda\/#primaryimage\"},\"image\":{\"@id\":\"https:\/\/yurtkaya.com\/hakkimizda\/#primaryimage\"},\"thumbnailUrl\":\"https:\/\/yurtkaya.com\/wp-content\/uploads\/2016\/08\/dummy-1.jpg\",\"datePublished\":\"2016-03-31T14:08:39+00:00\",\"dateModified\":\"2025-09-26T19:34:51+00:00\",\"breadcrumb\":{\"@id\":\"https:\/\/yurtkaya.com\/hakkimizda\/#breadcrumb\"},\"inLanguage\":\"ja\",\"potentialAction\":[{\"@type\":\"ReadAction\",\"target\":[\"https:\/\/yurtkaya.com\/hakkimizda\/\"]}]},{\"@type\":\"ImageObject\",\"inLanguage\":\"ja\",\"@id\":\"https:\/\/yurtkaya.com\/hakkimizda\/#primaryimage\",\"url\":\"https:\/\/yurtkaya.com\/wp-content\/uploads\/2016\/08\/dummy-1.jpg\",\"contentUrl\":\"https:\/\/yurtkaya.com\/wp-content\/uploads\/2016\/08\/dummy-1.jpg\",\"width\":400,\"height\":260},{\"@type\":\"BreadcrumbList\",\"@id\":\"https:\/\/yurtkaya.com\/hakkimizda\/#breadcrumb\",\"itemListElement\":[{\"@type\":\"ListItem\",\"position\":1,\"name\":\"Anasayfa\",\"item\":\"https:\/\/yurtkaya.com\/ja\/\"},{\"@type\":\"ListItem\",\"position\":2,\"name\":\"\u4f1a\u793e\u6982\u8981\"}]},{\"@type\":\"WebSite\",\"@id\":\"https:\/\/yurtkaya.com\/#website\",\"url\":\"https:\/\/yurtkaya.com\/\",\"name\":\"YURTKAYA M\u00dcHEND\u0130SL\u0130K VE \u0130N\u015eAAT L\u0130M\u0130TED \u015e\u0130RKET\u0130\",\"description\":\"https:\/\/yurtkaya.com\/\",\"publisher\":{\"@id\":\"https:\/\/yurtkaya.com\/#organization\"},\"potentialAction\":[{\"@type\":\"SearchAction\",\"target\":{\"@type\":\"EntryPoint\",\"urlTemplate\":\"https:\/\/yurtkaya.com\/?s={search_term_string}\"},\"query-input\":{\"@type\":\"PropertyValueSpecification\",\"valueRequired\":true,\"valueName\":\"search_term_string\"}}],\"inLanguage\":\"ja\"},{\"@type\":\"Organization\",\"@id\":\"https:\/\/yurtkaya.com\/#organization\",\"name\":\"YURTKAYA \u0130N\u015eAAT MUHEND\u0130SL\u0130K\",\"alternateName\":\"YURTKAYA \u0130N\u015eAAT\",\"url\":\"https:\/\/yurtkaya.com\/\",\"logo\":{\"@type\":\"ImageObject\",\"inLanguage\":\"ja\",\"@id\":\"https:\/\/yurtkaya.com\/#\/schema\/logo\/image\/\",\"url\":\"https:\/\/yurtkaya.com\/wp-content\/uploads\/2025\/08\/cropped-3.png\",\"contentUrl\":\"https:\/\/yurtkaya.com\/wp-content\/uploads\/2025\/08\/cropped-3.png\",\"width\":512,\"height\":512,\"caption\":\"YURTKAYA \u0130N\u015eAAT MUHEND\u0130SL\u0130K\"},\"image\":{\"@id\":\"https:\/\/yurtkaya.com\/#\/schema\/logo\/image\/\"}}]}<\/script>\n<!-- \/ Yoast SEO plugin. -->","yoast_head_json":{"title":"\u4f1a\u793e\u6982\u8981 - YURT KAYA \u0130N\u015eAAT","robots":{"index":"index","follow":"follow","max-snippet":"max-snippet:-1","max-image-preview":"max-image-preview:large","max-video-preview":"max-video-preview:-1"},"canonical":"https:\/\/yurtkaya.com\/hakkimizda\/","og_locale":"ja_JP","og_type":"article","og_title":"\u4f1a\u793e\u6982\u8981 - YURT KAYA \u0130N\u015eAAT","og_url":"https:\/\/yurtkaya.com\/hakkimizda\/","og_site_name":"YURT KAYA \u0130N\u015eAAT","article_modified_time":"2025-09-26T19:34:51+00:00","og_image":[{"width":400,"height":260,"url":"https:\/\/yurtkaya.com\/wp-content\/uploads\/2016\/08\/dummy-1.jpg","type":"image\/jpeg"}],"twitter_card":"summary_large_image","schema":{"@context":"https:\/\/schema.org","@graph":[{"@type":"WebPage","@id":"https:\/\/yurtkaya.com\/hakkimizda\/","url":"https:\/\/yurtkaya.com\/hakkimizda\/","name":"\u4f1a\u793e\u6982\u8981 - YURT KAYA \u0130N\u015eAAT","isPartOf":{"@id":"https:\/\/yurtkaya.com\/#website"},"primaryImageOfPage":{"@id":"https:\/\/yurtkaya.com\/hakkimizda\/#primaryimage"},"image":{"@id":"https:\/\/yurtkaya.com\/hakkimizda\/#primaryimage"},"thumbnailUrl":"https:\/\/yurtkaya.com\/wp-content\/uploads\/2016\/08\/dummy-1.jpg","datePublished":"2016-03-31T14:08:39+00:00","dateModified":"2025-09-26T19:34:51+00:00","breadcrumb":{"@id":"https:\/\/yurtkaya.com\/hakkimizda\/#breadcrumb"},"inLanguage":"ja","potentialAction":[{"@type":"ReadAction","target":["https:\/\/yurtkaya.com\/hakkimizda\/"]}]},{"@type":"ImageObject","inLanguage":"ja","@id":"https:\/\/yurtkaya.com\/hakkimizda\/#primaryimage","url":"https:\/\/yurtkaya.com\/wp-content\/uploads\/2016\/08\/dummy-1.jpg","contentUrl":"https:\/\/yurtkaya.com\/wp-content\/uploads\/2016\/08\/dummy-1.jpg","width":400,"height":260},{"@type":"BreadcrumbList","@id":"https:\/\/yurtkaya.com\/hakkimizda\/#breadcrumb","itemListElement":[{"@type":"ListItem","position":1,"name":"Anasayfa","item":"https:\/\/yurtkaya.com\/ja\/"},{"@type":"ListItem","position":2,"name":"\u4f1a\u793e\u6982\u8981"}]},{"@type":"WebSite","@id":"https:\/\/yurtkaya.com\/#website","url":"https:\/\/yurtkaya.com\/","name":"YURTKAYA M\u00dcHEND\u0130SL\u0130K VE \u0130N\u015eAAT L\u0130M\u0130TED \u015e\u0130RKET\u0130","description":"https:\/\/yurtkaya.com\/","publisher":{"@id":"https:\/\/yurtkaya.com\/#organization"},"potentialAction":[{"@type":"SearchAction","target":{"@type":"EntryPoint","urlTemplate":"https:\/\/yurtkaya.com\/?s={search_term_string}"},"query-input":{"@type":"PropertyValueSpecification","valueRequired":true,"valueName":"search_term_string"}}],"inLanguage":"ja"},{"@type":"Organization","@id":"https:\/\/yurtkaya.com\/#organization","name":"YURTKAYA \u0130N\u015eAAT MUHEND\u0130SL\u0130K","alternateName":"YURTKAYA \u0130N\u015eAAT","url":"https:\/\/yurtkaya.com\/","logo":{"@type":"ImageObject","inLanguage":"ja","@id":"https:\/\/yurtkaya.com\/#\/schema\/logo\/image\/","url":"https:\/\/yurtkaya.com\/wp-content\/uploads\/2025\/08\/cropped-3.png","contentUrl":"https:\/\/yurtkaya.com\/wp-content\/uploads\/2025\/08\/cropped-3.png","width":512,"height":512,"caption":"YURTKAYA \u0130N\u015eAAT MUHEND\u0130SL\u0130K"},"image":{"@id":"https:\/\/yurtkaya.com\/#\/schema\/logo\/image\/"}}]}},"_links":{"self":[{"href":"https:\/\/yurtkaya.com\/ja\/wp-json\/wp\/v2\/pages\/1881","targetHints":{"allow":["GET"]}}],"collection":[{"href":"https:\/\/yurtkaya.com\/ja\/wp-json\/wp\/v2\/pages"}],"about":[{"href":"https:\/\/yurtkaya.com\/ja\/wp-json\/wp\/v2\/types\/page"}],"author":[{"embeddable":true,"href":"https:\/\/yurtkaya.com\/ja\/wp-json\/wp\/v2\/users\/1"}],"replies":[{"embeddable":true,"href":"https:\/\/yurtkaya.com\/ja\/wp-json\/wp\/v2\/comments?post=1881"}],"version-history":[{"count":1,"href":"https:\/\/yurtkaya.com\/ja\/wp-json\/wp\/v2\/pages\/1881\/revisions"}],"predecessor-version":[{"id":2066,"href":"https:\/\/yurtkaya.com\/ja\/wp-json\/wp\/v2\/pages\/1881\/revisions\/2066"}],"wp:featuredmedia":[{"embeddable":true,"href":"https:\/\/yurtkaya.com\/ja\/wp-json\/wp\/v2\/media\/1807"}],"wp:attachment":[{"href":"https:\/\/yurtkaya.com\/ja\/wp-json\/wp\/v2\/media?parent=1881"}],"curies":[{"name":"wp","href":"https:\/\/api.w.org\/{rel}","templated":true}]}}