{"id":1201,"date":"2016-03-31T14:08:39","date_gmt":"2016-03-31T14:08:39","guid":{"rendered":"https:\/\/yurtkaya.com\/%d0%b1%d0%b8%d0%b7-%d0%b6%d3%a9%d0%bd%d2%af%d0%bd%d0%b4%d3%a9\/"},"modified":"2025-09-17T22:34:31","modified_gmt":"2025-09-17T22:34:31","slug":"%d0%b1%d0%b8%d0%b7-%d0%b6%d3%a9%d0%bd%d2%af%d0%bd%d0%b4%d3%a9","status":"publish","type":"page","link":"https:\/\/yurtkaya.com\/ky\/%d0%b1%d0%b8%d0%b7-%d0%b6%d3%a9%d0%bd%d2%af%d0%bd%d0%b4%d3%a9\/","title":{"rendered":"\u0411\u0438\u0437 \u0436\u04e9\u043d\u04af\u043d\u0434\u04e9"},"content":{"rendered":"\n  <div class=\"banner has-hover\" id=\"banner-1010441663\">\n          <div class=\"banner-inner fill\">\n        <div class=\"banner-bg fill\" >\n            <img loading=\"lazy\" decoding=\"async\" width=\"1020\" height=\"574\" src=\"https:\/\/yurtkaya.com\/wp-content\/uploads\/2025\/08\/1.jpg\" class=\"bg attachment-large size-large\" alt=\"\" \/>                        <div class=\"overlay\"><\/div>            \n                    <\/div>\n\t\t\n        <div class=\"banner-layers container\">\n            <div class=\"fill banner-link\"><\/div>            \n   <div id=\"text-box-2052150851\" class=\"text-box banner-layer x50 md-x50 lg-x50 y50 md-y50 lg-y50 res-text\">\n                                <div class=\"text-box-content text dark\">\n              \n              <div class=\"text-inner text-center\">\n                  \n<h3 class=\"uppercase\"><strong>\u0411\u0438\u0437 \u0436\u04e9\u043d\u04af\u043d\u0434\u04e9<\/strong><\/h3>\n              <\/div>\n           <\/div>\n                            \n<style>\n#text-box-2052150851 {\n  width: 60%;\n}\n#text-box-2052150851 .text-box-content {\n  font-size: 100%;\n}\n<\/style>\n    <\/div>\n \n        <\/div>\n      <\/div>\n\n            \n<style>\n#banner-1010441663 {\n  padding-top: 300px;\n}\n#banner-1010441663 .overlay {\n  background-color: rgba(0,0,0,.5);\n}\n#banner-1010441663 .banner-bg img {\n  object-position: 48% 56%;\n}\n<\/style>\n  <\/div>\n\n\n\n\t<section class=\"section\" id=\"section_1941830585\">\n\t\t<div class=\"section-bg fill\" >\n\t\t\t<img loading=\"lazy\" decoding=\"async\" width=\"1500\" height=\"1000\" src=\"https:\/\/yurtkaya.com\/wp-content\/uploads\/2025\/08\/luke-van-zyl-koH7IVuwRLw-unsplash.jpg\" class=\"bg attachment- size-\" alt=\"\" \/>\t\t\t\t\t\t\n\t\t\t\n\n\t\t<\/div>\n\n\t\t\n\n\t\t<div class=\"section-content relative\">\n\t\t\t\n\t\t<\/div>\n\n\t\t\n<style>\n#section_1941830585 {\n  padding-top: 30px;\n  padding-bottom: 30px;\n  min-height: 400px;\n}\n@media (min-width:550px) {\n  #section_1941830585 {\n    min-height: 600px;\n  }\n}\n<\/style>\n\t<\/section>\n\t\n\n\t<section class=\"section\" id=\"section_1500327879\">\n\t\t<div class=\"section-bg fill\" >\n\t\t\t\t\t\t\t\t\t\n\t\t\t\n\n\t\t<\/div>\n\n\t\t\n\n\t\t<div class=\"section-content relative\">\n\t\t\t\n<div class=\"row row-collapse row-full-width\"  id=\"row-317034490\">\n\n\t<div id=\"col-1028080033\" class=\"col medium-10 small-12 large-6\"  >\n\t\t\t\t<div class=\"col-inner\" style=\"background-color:rgb(240, 223, 162);\" >\n\t\t\t\n\t\t\t\n\t<div id=\"gap-1023566954\" class=\"gap-element clearfix\" style=\"display:block; height:auto;\">\n\t\t\n<style>\n#gap-1023566954 {\n  padding-top: 700px;\n}\n<\/style>\n\t<\/div>\n\t\n\t\t<\/div>\n\t\t\t\t\n<style>\n#col-1028080033 > .col-inner {\n  margin: -100px 0px 0px 0px;\n}\n@media (min-width:550px) {\n  #col-1028080033 > .col-inner {\n    margin: -260px 0px 0px 0px;\n  }\n}\n<\/style>\n\t<\/div>\n\n\t\n<\/div>\n<div class=\"row\" style=\"max-width:1300px\" id=\"row-1667036090\">\n\n\t<div id=\"col-1097405121\" class=\"col medium-8 small-12 large-5\"  >\n\t\t\t\t<div class=\"col-inner\"  >\n\t\t\t\n\t\t\t\n\t<div id=\"text-436178115\" class=\"text\">\n\t\t\n<h1>Yurtkaya \u0130n\u015faat \u043c\u0435\u043d\u0435\u043d \u041a\u043e\u043e\u043f\u0441\u0443\u0437 \u0436\u0430\u043d\u0430 \u042d\u0441\u0442\u0435\u0442\u0438\u043a\u0430\u043b\u044b\u043a \u0416\u0430\u0448\u043e\u043e \u0410\u044f\u043d\u0442\u0442\u0430\u0440\u044b<\/h1>\n<p>\n\t\t\n<style>\n#text-436178115 {\n  font-size: 1.75rem;\n}\n<\/style>\n\t<\/div>\n\t\n\t\t<\/div>\n\t\t\t\t\n<style>\n#col-1097405121 > .col-inner {\n  margin: -600px 0px 0px 0px;\n}\n<\/style>\n\t<\/div>\n\n\t\n\n\t<div id=\"col-1079654128\" class=\"col medium-9 small-12 large-6\"  >\n\t\t\t\t<div class=\"col-inner\"  >\n\t\t\t\n\t\t\t\n<h2>\u0411\u0438\u0437\u0434\u0438\u043d \u0422\u0430\u0440\u044b\u0445\u044b\u0431\u044b\u0437&#8230;<\/h2>\n<div class=\"is-divider divider clearfix\" style=\"max-width:300px;background-color:rgb(0, 0, 0);\"><\/div>\n<p class=\"lead\"><span style=\"font-size: 100%;\">1998-\u0436\u044b\u043b\u0434\u0430\u043d \u0431\u0435\u0440\u0438 \u044d\u043b \u0430\u0440\u0430\u043b\u044b\u043a \u043a\u043e\u043c\u043f\u0430\u043d\u0438\u044f\u043b\u0430\u0440\u0434\u044b\u043d \u0436\u0435\u0442\u0435\u043a\u0447\u0438\u043b\u0438\u043a \u043a\u0443\u0440\u0430\u043c\u044b\u043d\u0434\u0430 \u0430\u043a\u0442\u0438\u0432\u0434\u04af\u04af \u0440\u043e\u043b\u044c \u043e\u0439\u043d\u043e\u043f, \u043e\u0448\u043e\u043d\u0434\u043e\u0439 \u044d\u043b\u0435 \u043a\u04e9\u043f \u0436\u044b\u043b\u0434\u0430\u0440 \u0431\u043e\u044e \u0430\u0440 \u0442\u04af\u0440\u0434\u04af\u04af \u0442\u0430\u0440\u043c\u0430\u043a\u0442\u0430\u0440\u0434\u0430\u0433\u044b \u0430\u0434\u0438\u0441\u0442\u0435\u0440 \u043c\u0435\u043d\u0435\u043d \u043a\u044b\u0437\u043c\u0430\u0442\u0442\u0430\u0448\u044b\u043f \u0434\u043e\u043b\u0431\u043e\u043e\u0440\u043b\u043e\u0440\u0434\u0443 \u0438\u0448\u0442\u0435\u043f \u0447\u044b\u043a\u043a\u0430\u043d \u0436\u0435\u0442\u0435\u043a\u0447\u0438\u043b\u0438\u0433\u0438\u0431\u0438\u0437, \u0442\u043e\u043f\u0442\u043e\u0433\u043e\u043d \u0442\u0430\u0436\u0440\u044b\u0439\u0431\u0430\u0441\u044b\u043d \u0436\u0430\u043d\u0430 \u0431\u0438\u043b\u0438\u043c\u0438\u043d \u043a\u04af\u0447\u0442\u04af\u04af \u043a\u04e9\u0440\u04e9\u0433\u04e9\u0447\u0442\u04af\u043a \u043c\u0435\u043d\u0435\u043d \u043a\u0435\u043b\u0435\u0447\u0435\u043a\u043a\u0435 \u0430\u043b\u044b\u043f \u0447\u044b\u0433\u0443\u0443 \u043c\u0430\u043a\u0441\u0430\u0442\u044b\u043d\u0434\u0430 2025-\u0436\u044b\u043b\u044b YURTKAYA M\u00dcHEND\u0130SL\u0130K VE \u0130N\u015eAAT L\u0130M\u0130TED \u015e\u0130RKET\u0130 \u0442\u044b \u043d\u0435\u0433\u0438\u0437\u0434\u0435\u0433\u0435\u043d. \u0411\u04af\u0433\u04af\u043d\u043a\u04af \u043a\u04af\u043d\u0434\u04e9 Yurtkaya \u0130n\u015faat \u0431\u0443\u043b \u0442\u0435\u0440\u0435\u04a3 \u0442\u0430\u0436\u0440\u044b\u0439\u0431\u0430 \u043c\u0435\u043d\u0435\u043d \u043a\u04af\u0447\u0442\u04af\u04af \u043a\u043e\u043c\u0430\u043d\u0434\u0430\u043b\u044b\u043a \u0440\u0443\u0445\u0442\u0443\u043d \u0431\u0438\u0440\u0438\u043c\u0434\u0438\u0433\u0438\u043d\u0438\u043d \u043d\u0435\u0433\u0438\u0437\u0438\u043d\u0434\u0435 \u0441\u0430\u043f\u0430\u0442, \u043a\u043e\u043e\u043f\u0441\u0443\u0437\u0434\u0443\u043a \u0436\u0430\u043d\u0430 \u0442\u0443\u0440\u0443\u043a\u0442\u0443\u0443\u043b\u0443\u043a \u0431\u0430\u0430\u043b\u0443\u0443\u043b\u0443\u043a\u0442\u0430\u0440\u044b\u043d \u0431\u043e\u0440\u0431\u043e\u0440\u0443\u043d\u0430 \u043a\u043e\u044e\u043f \u0438\u0448\u043c\u0435\u0440\u0434\u04af\u04af\u043b\u04af\u0433\u04af\u043d \u0443\u043b\u0430\u043d\u0442\u0443\u0443\u0434\u0430.<\/span><\/p>\n<\/p>\n\t\t<\/div>\n\t\t\t\t\n<style>\n#col-1079654128 > .col-inner {\n  margin: -400px 0px 0px 0px;\n}\n@media (min-width:850px) {\n  #col-1079654128 > .col-inner {\n    margin: -330px 0px 0px 0px;\n  }\n}\n<\/style>\n\t<\/div>\n\n\t\n<\/div>\n\t\t<\/div>\n\n\t\t\n<style>\n#section_1500327879 {\n  padding-top: 30px;\n  padding-bottom: 30px;\n}\n<\/style>\n\t<\/section>\n\t\n\n\t<section class=\"section\" id=\"section_651823204\">\n\t\t<div class=\"section-bg fill\" >\n\t\t\t\t\t\t\t\t\t\n\t\t\t\n\n\t\t<\/div>\n\n\t\t\n\n\t\t<div class=\"section-content relative\">\n\t\t\t\n<div class=\"row row-collapse row-full-width\"  id=\"row-1826196420\">\n\n\t<div id=\"col-1171015326\" class=\"col small-12 large-12\"  >\n\t\t\t\t<div class=\"col-inner\"  >\n\t\t\t\n\t\t\t\n\n  <div class=\"banner has-hover\" id=\"banner-10957775\">\n          <div class=\"banner-inner fill\">\n        <div class=\"banner-bg fill\" >\n            <img loading=\"lazy\" decoding=\"async\" width=\"1020\" height=\"729\" src=\"https:\/\/yurtkaya.com\/wp-content\/uploads\/2025\/08\/florian-schmid-J479yftnNik-unsplash-1120x800.jpg\" class=\"bg attachment-large size-large\" alt=\"\" \/>                                    \n                    <\/div>\n\t\t\n        <div class=\"banner-layers container\">\n            <div class=\"fill banner-link\"><\/div>            \n   <div id=\"text-box-1670767150\" class=\"text-box banner-layer x50 md-x50 lg-x50 y50 md-y50 lg-y50 res-text\">\n                                <div class=\"text-box-content text dark\">\n              \n              <div class=\"text-inner text-center\">\n                  \n              <\/div>\n           <\/div>\n                            \n<style>\n#text-box-1670767150 {\n  width: 60%;\n}\n#text-box-1670767150 .text-box-content {\n  font-size: 100%;\n}\n@media (min-width:550px) {\n  #text-box-1670767150 {\n    width: 60%;\n  }\n}\n<\/style>\n    <\/div>\n \n        <\/div>\n      <\/div>\n\n            \n<style>\n#banner-10957775 {\n  padding-top: 300px;\n  background-color: rgb(255, 255, 255);\n}\n@media (min-width:550px) {\n  #banner-10957775 {\n    padding-top: 500px;\n  }\n}\n<\/style>\n  <\/div>\n\n\n\t\t<\/div>\n\t\t\t\t\n<style>\n#col-1171015326 > .col-inner {\n  margin: -130px 0px 0px 0px;\n}\n@media (min-width:850px) {\n  #col-1171015326 > .col-inner {\n    margin: -100px 0px 0px 0px;\n  }\n}\n<\/style>\n\t<\/div>\n\n\t\n<\/div>\n\t\t<\/div>\n\n\t\t\n<style>\n#section_651823204 {\n  padding-top: 30px;\n  padding-bottom: 30px;\n}\n<\/style>\n\t<\/section>\n\t\n\n\t<section class=\"section\" id=\"section_148879862\">\n\t\t<div class=\"section-bg fill\" >\n\t\t\t\t\t\t\t\t\t\n\t\t\t\n\n\t\t<\/div>\n\n\t\t\n\n\t\t<div class=\"section-content relative\">\n\t\t\t\n<div class=\"row\" style=\"max-width:1300px\" id=\"row-1546805669\">\n\n\t<div id=\"col-1744093333\" class=\"col medium-11 small-12 large-7\"  >\n\t\t\t\t<div class=\"col-inner\" style=\"background-color:rgb(240, 223, 162);\" >\n\t\t\t\n\t\t\t\n\t<div id=\"gap-1084114469\" class=\"gap-element clearfix\" style=\"display:block; height:auto;\">\n\t\t\n<style>\n#gap-1084114469 {\n  padding-top: 600px;\n}\n<\/style>\n\t<\/div>\n\t\n\t\t<\/div>\n\t\t\t\t\n<style>\n#col-1744093333 > .col-inner {\n  margin: -150px 0px 0px 0px;\n}\n<\/style>\n\t<\/div>\n\n\t\n<\/div>\n<div class=\"row align-right\" style=\"max-width:1300px\" id=\"row-1567415558\">\n\n\t<div id=\"col-1217584414\" class=\"col medium-11 small-12 large-4\"  >\n\t\t\t\t<div class=\"col-inner\"  >\n\t\t\t\n\t\t\t\n\t<div id=\"text-1689414350\" class=\"text\">\n\t\t\n<h2><strong data-start=\"514\" data-end=\"528\">\u0411\u0438\u0437\u0434\u0438\u043d \u041c\u0438\u0441\u0441\u0438\u044f\u0431\u044b\u0437 \u00a7 \u041a\u04e9\u0440\u04e9\u0433\u04e9\u0447\u0442\u04af\u0433\u04af\u0431\u04af\u0437<\/strong><\/h2>\n<p>\n\t\t\n<style>\n#text-1689414350 {\n  font-size: 2rem;\n}\n<\/style>\n\t<\/div>\n\t\n\t\t<\/div>\n\t\t\t\t\n<style>\n#col-1217584414 > .col-inner {\n  padding: 0px 0px 0px 30px;\n  margin: -580px 0px 0px 0px;\n}\n@media (min-width:550px) {\n  #col-1217584414 > .col-inner {\n    padding: 0px 90px 0px 0px;\n    margin: -500px 0px 0px 0px;\n  }\n}\n@media (min-width:850px) {\n  #col-1217584414 > .col-inner {\n    margin: -450px 0px 0px 0px;\n  }\n}\n<\/style>\n\t<\/div>\n\n\t\n\n\t<div id=\"col-1956459240\" class=\"col medium-11 small-12 large-7\"  >\n\t\t\t\t<div class=\"col-inner\"  >\n\t\t\t\n\t\t\t\n<div class=\"is-divider divider clearfix\" style=\"max-width:300px;background-color:rgb(0, 0, 0);\"><\/div>\n<p class=\"lead\">\u041a\u0430\u0440\u0434\u0430\u0440\u043b\u0430\u0440\u044b\u0431\u044b\u0437\u0433\u0430 \u0436\u043e\u0433\u043e\u0440\u043a\u0443 \u0441\u0430\u043f\u0430\u0442 \u0441\u0442\u0430\u043d\u0434\u0430\u0440\u0442\u0442\u0430\u0440\u044b\u043d\u0430 \u044b\u043b\u0430\u0439\u044b\u043a \u043a\u043e\u043e\u043f\u0441\u0443\u0437, \u044d\u0441\u0442\u0435\u0442\u0438\u043a\u0430\u043b\u044b\u043a \u0436\u0430\u043d\u0430 \u0430\u0439\u043b\u0430\u043d\u0430-\u0447\u04e9\u0439\u0440\u04e9\u0433\u04e9 \u043a\u0430\u043c \u043a\u04e9\u0440\u0433\u04e9\u043d \u043a\u0443\u0440\u0443\u043b\u0443\u0448\u0442\u0430\u0440\u0434\u044b \u0441\u0443\u043d\u0443\u0448\u0442\u043e\u043e; \u0438\u043d\u043d\u043e\u0432\u0430\u0446\u0438\u044f\u043b\u044b\u043a \u0447\u0435\u0447\u0438\u043c\u0434\u0435\u0440 \u043c\u0435\u043d\u0435\u043d \u0436\u0430\u0448\u043e\u043e \u0441\u0430\u043f\u0430\u0442\u044b\u043d \u0436\u043e\u0433\u043e\u0440\u0443\u043b\u0430\u0442\u0443\u0443 \u0436\u0430\u043d\u0430 \u0430\u0440 \u0431\u0438\u0440 \u0430\u0439\u043c\u0430\u043a\u0442\u0430 \u0431\u0430\u0430\u043b\u0443\u0443\u043b\u0443\u043a \u0436\u0430\u0440\u0430\u0442\u0443\u0443.<\/p>\n<hr \/>\n<p class=\"lead\">\u041a\u0443\u0440\u0443\u043b\u0443\u0448 \u0442\u0430\u0440\u043c\u0430\u0433\u044b\u043d\u0434\u0430 \u0438\u0448\u0435\u043d\u0438\u043c, \u0441\u0430\u043f\u0430\u0442 \u0436\u0430\u043d\u0430 \u0442\u0443\u0440\u0443\u043a\u0442\u0443\u0443\u043b\u0443\u043a \u0436\u0430\u0430\u0442\u044b\u043d\u0434\u0430 \u0430\u043b\u0434\u044b\u04a3\u043a\u044b \u0431\u0440\u0435\u043d\u0434 \u0431\u043e\u043b\u0443\u0443; \u043a\u0435\u043b\u0435\u0447\u0435\u043a\u0442\u0438\u043d \u0448\u0430\u0430\u0440\u043b\u0430\u0440\u044b\u043d \u0437\u0430\u043c\u0430\u043d\u0431\u0430\u043f, \u0431\u044b\u0448\u044b\u043a \u0436\u0430\u043d\u0430 \u0436\u0430\u0448\u043e\u043e\u0433\u043e \u044b\u04a3\u0433\u0430\u0439\u043b\u0443\u0443 \u0438\u043c\u0430\u0440\u0430\u0442\u0442\u0430\u0440 \u043c\u0435\u043d\u0435\u043d \u043a\u0430\u043b\u044b\u043f\u0442\u0430\u043d\u0434\u044b\u0440\u0443\u0443.<\/p>\n<\/p>\n<a href=\"https:\/\/yurtkaya.com\/ky\/%d0%b1%d0%b0%d0%b9%d0%bb%d0%b0%d0%bd%d1%8b%d1%88\/\" class=\"button secondary is-shade\" >\n\t\t<span>\u0411\u0430\u0448\u0442\u0430\u0439\u043b\u044b<\/span>\n\t<\/a>\n\n\t\t<\/div>\n\t\t\t\t\n<style>\n#col-1956459240 > .col-inner {\n  padding: 0px 0px 0px 30px;\n  margin: -490px 0px 0px 0px;\n}\n@media (min-width:550px) {\n  #col-1956459240 > .col-inner {\n    padding: 0px 150px 0px 0px;\n    margin: -450px 0px 0px 0px;\n  }\n}\n@media (min-width:850px) {\n  #col-1956459240 > .col-inner {\n    padding: 0 0px 0px 0px;\n    margin: -450px 0px 0px 0px;\n  }\n}\n<\/style>\n\t<\/div>\n\n\t\n<\/div>\n\t\t<\/div>\n\n\t\t\n<style>\n#section_148879862 {\n  padding-top: 30px;\n  padding-bottom: 30px;\n}\n<\/style>\n\t<\/section>\n\t\n","protected":false},"excerpt":{"rendered":"","protected":false},"author":1,"featured_media":1200,"parent":0,"menu_order":18,"comment_status":"closed","ping_status":"closed","template":"page-blank.php","meta":{"pagelayer_contact_templates":[],"_pagelayer_content":"","footnotes":""},"class_list":["post-1201","page","type-page","status-publish","has-post-thumbnail","hentry"],"yoast_head":"<!-- This site is optimized with the Yoast SEO plugin v27.2 - https:\/\/yoast.com\/product\/yoast-seo-wordpress\/ -->\n<title>\u0411\u0438\u0437 \u0436\u04e9\u043d\u04af\u043d\u0434\u04e9 - YURT KAYA \u0130N\u015eAAT<\/title>\n<meta name=\"robots\" content=\"index, follow, max-snippet:-1, max-image-preview:large, max-video-preview:-1\" \/>\n<link rel=\"canonical\" href=\"https:\/\/yurtkaya.com\/ky\/\u0431\u0438\u0437-\u0436\u04e9\u043d\u04af\u043d\u0434\u04e9\/\" \/>\n<meta property=\"og:locale\" content=\"ky_KG\" \/>\n<meta property=\"og:type\" content=\"article\" \/>\n<meta property=\"og:title\" content=\"\u0411\u0438\u0437 \u0436\u04e9\u043d\u04af\u043d\u0434\u04e9 - YURT KAYA \u0130N\u015eAAT\" \/>\n<meta property=\"og:url\" content=\"https:\/\/yurtkaya.com\/ky\/\u0431\u0438\u0437-\u0436\u04e9\u043d\u04af\u043d\u0434\u04e9\/\" \/>\n<meta property=\"og:site_name\" content=\"YURT KAYA \u0130N\u015eAAT\" \/>\n<meta property=\"article:modified_time\" content=\"2025-09-17T22:34:31+00:00\" \/>\n<meta property=\"og:image\" content=\"https:\/\/yurtkaya.com\/wp-content\/uploads\/2016\/08\/dummy-1.jpg\" \/>\n\t<meta property=\"og:image:width\" content=\"400\" \/>\n\t<meta property=\"og:image:height\" content=\"260\" \/>\n\t<meta property=\"og:image:type\" content=\"image\/jpeg\" \/>\n<meta name=\"twitter:card\" content=\"summary_large_image\" \/>\n<meta name=\"twitter:label1\" content=\"Est. reading time\" \/>\n\t<meta name=\"twitter:data1\" content=\"2 minutes\" \/>\n<script type=\"application\/ld+json\" class=\"yoast-schema-graph\">{\"@context\":\"https:\/\/schema.org\",\"@graph\":[{\"@type\":\"WebPage\",\"@id\":\"https:\/\/yurtkaya.com\/ky\/%d0%b1%d0%b8%d0%b7-%d0%b6%d3%a9%d0%bd%d2%af%d0%bd%d0%b4%d3%a9\/\",\"url\":\"https:\/\/yurtkaya.com\/ky\/%d0%b1%d0%b8%d0%b7-%d0%b6%d3%a9%d0%bd%d2%af%d0%bd%d0%b4%d3%a9\/\",\"name\":\"\u0411\u0438\u0437 \u0436\u04e9\u043d\u04af\u043d\u0434\u04e9 - YURT KAYA \u0130N\u015eAAT\",\"isPartOf\":{\"@id\":\"https:\/\/yurtkaya.com\/#website\"},\"primaryImageOfPage\":{\"@id\":\"https:\/\/yurtkaya.com\/ky\/%d0%b1%d0%b8%d0%b7-%d0%b6%d3%a9%d0%bd%d2%af%d0%bd%d0%b4%d3%a9\/#primaryimage\"},\"image\":{\"@id\":\"https:\/\/yurtkaya.com\/ky\/%d0%b1%d0%b8%d0%b7-%d0%b6%d3%a9%d0%bd%d2%af%d0%bd%d0%b4%d3%a9\/#primaryimage\"},\"thumbnailUrl\":\"https:\/\/yurtkaya.com\/wp-content\/uploads\/2016\/08\/dummy-1.jpg\",\"datePublished\":\"2016-03-31T14:08:39+00:00\",\"dateModified\":\"2025-09-17T22:34:31+00:00\",\"breadcrumb\":{\"@id\":\"https:\/\/yurtkaya.com\/ky\/%d0%b1%d0%b8%d0%b7-%d0%b6%d3%a9%d0%bd%d2%af%d0%bd%d0%b4%d3%a9\/#breadcrumb\"},\"inLanguage\":\"ky-KG\",\"potentialAction\":[{\"@type\":\"ReadAction\",\"target\":[\"https:\/\/yurtkaya.com\/ky\/%d0%b1%d0%b8%d0%b7-%d0%b6%d3%a9%d0%bd%d2%af%d0%bd%d0%b4%d3%a9\/\"]}]},{\"@type\":\"ImageObject\",\"inLanguage\":\"ky-KG\",\"@id\":\"https:\/\/yurtkaya.com\/ky\/%d0%b1%d0%b8%d0%b7-%d0%b6%d3%a9%d0%bd%d2%af%d0%bd%d0%b4%d3%a9\/#primaryimage\",\"url\":\"https:\/\/yurtkaya.com\/wp-content\/uploads\/2016\/08\/dummy-1.jpg\",\"contentUrl\":\"https:\/\/yurtkaya.com\/wp-content\/uploads\/2016\/08\/dummy-1.jpg\",\"width\":400,\"height\":260},{\"@type\":\"BreadcrumbList\",\"@id\":\"https:\/\/yurtkaya.com\/ky\/%d0%b1%d0%b8%d0%b7-%d0%b6%d3%a9%d0%bd%d2%af%d0%bd%d0%b4%d3%a9\/#breadcrumb\",\"itemListElement\":[{\"@type\":\"ListItem\",\"position\":1,\"name\":\"Anasayfa\",\"item\":\"https:\/\/yurtkaya.com\/ky\/\"},{\"@type\":\"ListItem\",\"position\":2,\"name\":\"\u0411\u0438\u0437 \u0436\u04e9\u043d\u04af\u043d\u0434\u04e9\"}]},{\"@type\":\"WebSite\",\"@id\":\"https:\/\/yurtkaya.com\/#website\",\"url\":\"https:\/\/yurtkaya.com\/\",\"name\":\"YURTKAYA M\u00dcHEND\u0130SL\u0130K VE \u0130N\u015eAAT L\u0130M\u0130TED \u015e\u0130RKET\u0130\",\"description\":\"https:\/\/yurtkaya.com\/\",\"publisher\":{\"@id\":\"https:\/\/yurtkaya.com\/#organization\"},\"potentialAction\":[{\"@type\":\"SearchAction\",\"target\":{\"@type\":\"EntryPoint\",\"urlTemplate\":\"https:\/\/yurtkaya.com\/?s={search_term_string}\"},\"query-input\":{\"@type\":\"PropertyValueSpecification\",\"valueRequired\":true,\"valueName\":\"search_term_string\"}}],\"inLanguage\":\"ky-KG\"},{\"@type\":\"Organization\",\"@id\":\"https:\/\/yurtkaya.com\/#organization\",\"name\":\"YURTKAYA \u0130N\u015eAAT MUHEND\u0130SL\u0130K\",\"alternateName\":\"YURTKAYA \u0130N\u015eAAT\",\"url\":\"https:\/\/yurtkaya.com\/\",\"logo\":{\"@type\":\"ImageObject\",\"inLanguage\":\"ky-KG\",\"@id\":\"https:\/\/yurtkaya.com\/#\/schema\/logo\/image\/\",\"url\":\"https:\/\/yurtkaya.com\/wp-content\/uploads\/2025\/08\/cropped-3.png\",\"contentUrl\":\"https:\/\/yurtkaya.com\/wp-content\/uploads\/2025\/08\/cropped-3.png\",\"width\":512,\"height\":512,\"caption\":\"YURTKAYA \u0130N\u015eAAT MUHEND\u0130SL\u0130K\"},\"image\":{\"@id\":\"https:\/\/yurtkaya.com\/#\/schema\/logo\/image\/\"}}]}<\/script>\n<!-- \/ Yoast SEO plugin. -->","yoast_head_json":{"title":"\u0411\u0438\u0437 \u0436\u04e9\u043d\u04af\u043d\u0434\u04e9 - YURT KAYA \u0130N\u015eAAT","robots":{"index":"index","follow":"follow","max-snippet":"max-snippet:-1","max-image-preview":"max-image-preview:large","max-video-preview":"max-video-preview:-1"},"canonical":"https:\/\/yurtkaya.com\/ky\/\u0431\u0438\u0437-\u0436\u04e9\u043d\u04af\u043d\u0434\u04e9\/","og_locale":"ky_KG","og_type":"article","og_title":"\u0411\u0438\u0437 \u0436\u04e9\u043d\u04af\u043d\u0434\u04e9 - YURT KAYA \u0130N\u015eAAT","og_url":"https:\/\/yurtkaya.com\/ky\/\u0431\u0438\u0437-\u0436\u04e9\u043d\u04af\u043d\u0434\u04e9\/","og_site_name":"YURT KAYA \u0130N\u015eAAT","article_modified_time":"2025-09-17T22:34:31+00:00","og_image":[{"width":400,"height":260,"url":"https:\/\/yurtkaya.com\/wp-content\/uploads\/2016\/08\/dummy-1.jpg","type":"image\/jpeg"}],"twitter_card":"summary_large_image","twitter_misc":{"Est. reading time":"2 minutes"},"schema":{"@context":"https:\/\/schema.org","@graph":[{"@type":"WebPage","@id":"https:\/\/yurtkaya.com\/ky\/%d0%b1%d0%b8%d0%b7-%d0%b6%d3%a9%d0%bd%d2%af%d0%bd%d0%b4%d3%a9\/","url":"https:\/\/yurtkaya.com\/ky\/%d0%b1%d0%b8%d0%b7-%d0%b6%d3%a9%d0%bd%d2%af%d0%bd%d0%b4%d3%a9\/","name":"\u0411\u0438\u0437 \u0436\u04e9\u043d\u04af\u043d\u0434\u04e9 - YURT KAYA \u0130N\u015eAAT","isPartOf":{"@id":"https:\/\/yurtkaya.com\/#website"},"primaryImageOfPage":{"@id":"https:\/\/yurtkaya.com\/ky\/%d0%b1%d0%b8%d0%b7-%d0%b6%d3%a9%d0%bd%d2%af%d0%bd%d0%b4%d3%a9\/#primaryimage"},"image":{"@id":"https:\/\/yurtkaya.com\/ky\/%d0%b1%d0%b8%d0%b7-%d0%b6%d3%a9%d0%bd%d2%af%d0%bd%d0%b4%d3%a9\/#primaryimage"},"thumbnailUrl":"https:\/\/yurtkaya.com\/wp-content\/uploads\/2016\/08\/dummy-1.jpg","datePublished":"2016-03-31T14:08:39+00:00","dateModified":"2025-09-17T22:34:31+00:00","breadcrumb":{"@id":"https:\/\/yurtkaya.com\/ky\/%d0%b1%d0%b8%d0%b7-%d0%b6%d3%a9%d0%bd%d2%af%d0%bd%d0%b4%d3%a9\/#breadcrumb"},"inLanguage":"ky-KG","potentialAction":[{"@type":"ReadAction","target":["https:\/\/yurtkaya.com\/ky\/%d0%b1%d0%b8%d0%b7-%d0%b6%d3%a9%d0%bd%d2%af%d0%bd%d0%b4%d3%a9\/"]}]},{"@type":"ImageObject","inLanguage":"ky-KG","@id":"https:\/\/yurtkaya.com\/ky\/%d0%b1%d0%b8%d0%b7-%d0%b6%d3%a9%d0%bd%d2%af%d0%bd%d0%b4%d3%a9\/#primaryimage","url":"https:\/\/yurtkaya.com\/wp-content\/uploads\/2016\/08\/dummy-1.jpg","contentUrl":"https:\/\/yurtkaya.com\/wp-content\/uploads\/2016\/08\/dummy-1.jpg","width":400,"height":260},{"@type":"BreadcrumbList","@id":"https:\/\/yurtkaya.com\/ky\/%d0%b1%d0%b8%d0%b7-%d0%b6%d3%a9%d0%bd%d2%af%d0%bd%d0%b4%d3%a9\/#breadcrumb","itemListElement":[{"@type":"ListItem","position":1,"name":"Anasayfa","item":"https:\/\/yurtkaya.com\/ky\/"},{"@type":"ListItem","position":2,"name":"\u0411\u0438\u0437 \u0436\u04e9\u043d\u04af\u043d\u0434\u04e9"}]},{"@type":"WebSite","@id":"https:\/\/yurtkaya.com\/#website","url":"https:\/\/yurtkaya.com\/","name":"YURTKAYA M\u00dcHEND\u0130SL\u0130K VE \u0130N\u015eAAT L\u0130M\u0130TED \u015e\u0130RKET\u0130","description":"https:\/\/yurtkaya.com\/","publisher":{"@id":"https:\/\/yurtkaya.com\/#organization"},"potentialAction":[{"@type":"SearchAction","target":{"@type":"EntryPoint","urlTemplate":"https:\/\/yurtkaya.com\/?s={search_term_string}"},"query-input":{"@type":"PropertyValueSpecification","valueRequired":true,"valueName":"search_term_string"}}],"inLanguage":"ky-KG"},{"@type":"Organization","@id":"https:\/\/yurtkaya.com\/#organization","name":"YURTKAYA \u0130N\u015eAAT MUHEND\u0130SL\u0130K","alternateName":"YURTKAYA \u0130N\u015eAAT","url":"https:\/\/yurtkaya.com\/","logo":{"@type":"ImageObject","inLanguage":"ky-KG","@id":"https:\/\/yurtkaya.com\/#\/schema\/logo\/image\/","url":"https:\/\/yurtkaya.com\/wp-content\/uploads\/2025\/08\/cropped-3.png","contentUrl":"https:\/\/yurtkaya.com\/wp-content\/uploads\/2025\/08\/cropped-3.png","width":512,"height":512,"caption":"YURTKAYA \u0130N\u015eAAT MUHEND\u0130SL\u0130K"},"image":{"@id":"https:\/\/yurtkaya.com\/#\/schema\/logo\/image\/"}}]}},"_links":{"self":[{"href":"https:\/\/yurtkaya.com\/ky\/wp-json\/wp\/v2\/pages\/1201","targetHints":{"allow":["GET"]}}],"collection":[{"href":"https:\/\/yurtkaya.com\/ky\/wp-json\/wp\/v2\/pages"}],"about":[{"href":"https:\/\/yurtkaya.com\/ky\/wp-json\/wp\/v2\/types\/page"}],"author":[{"embeddable":true,"href":"https:\/\/yurtkaya.com\/ky\/wp-json\/wp\/v2\/users\/1"}],"replies":[{"embeddable":true,"href":"https:\/\/yurtkaya.com\/ky\/wp-json\/wp\/v2\/comments?post=1201"}],"version-history":[{"count":2,"href":"https:\/\/yurtkaya.com\/ky\/wp-json\/wp\/v2\/pages\/1201\/revisions"}],"predecessor-version":[{"id":1369,"href":"https:\/\/yurtkaya.com\/ky\/wp-json\/wp\/v2\/pages\/1201\/revisions\/1369"}],"wp:featuredmedia":[{"embeddable":true,"href":"https:\/\/yurtkaya.com\/ky\/wp-json\/wp\/v2\/media\/1200"}],"wp:attachment":[{"href":"https:\/\/yurtkaya.com\/ky\/wp-json\/wp\/v2\/media?parent=1201"}],"curies":[{"name":"wp","href":"https:\/\/api.w.org\/{rel}","templated":true}]}}