{"id":1207,"date":"2025-08-14T17:25:29","date_gmt":"2025-08-14T17:25:29","guid":{"rendered":"https:\/\/yurtkaya.com\/%d1%8d%d0%bc%d0%b3%d0%b5%d0%ba-%d0%ba%d0%be%d0%be%d0%bf%d1%81%d1%83%d0%b7%d0%b4%d1%83%d0%b3%d1%83-%d0%b1%d0%be%d1%8e%d0%bd%d1%87%d0%b0-%d1%81%d0%b0%d1%8f%d1%81%d0%b0%d1%82\/"},"modified":"2025-08-14T17:25:29","modified_gmt":"2025-08-14T17:25:29","slug":"%d1%8d%d0%bc%d0%b3%d0%b5%d0%ba-%d0%ba%d0%be%d0%be%d0%bf%d1%81%d1%83%d0%b7%d0%b4%d1%83%d0%b3%d1%83-%d0%b1%d0%be%d1%8e%d0%bd%d1%87%d0%b0-%d1%81%d0%b0%d1%8f%d1%81%d0%b0%d1%82","status":"publish","type":"page","link":"https:\/\/yurtkaya.com\/ky\/%d1%8d%d0%bc%d0%b3%d0%b5%d0%ba-%d0%ba%d0%be%d0%be%d0%bf%d1%81%d1%83%d0%b7%d0%b4%d1%83%d0%b3%d1%83-%d0%b1%d0%be%d1%8e%d0%bd%d1%87%d0%b0-%d1%81%d0%b0%d1%8f%d1%81%d0%b0%d1%82\/","title":{"rendered":"\u042d\u043c\u0433\u0435\u043a \u043a\u043e\u043e\u043f\u0441\u0443\u0437\u0434\u0443\u0433\u0443 \u0431\u043e\u044e\u043d\u0447\u0430 \u0441\u0430\u044f\u0441\u0430\u0442"},"content":{"rendered":"\n\t<section class=\"section\" id=\"section_1498747867\">\n\t\t<div class=\"section-bg fill\" >\n\t\t\t<img loading=\"lazy\" decoding=\"async\" width=\"1400\" height=\"875\" src=\"https:\/\/yurtkaya.com\/wp-content\/uploads\/2025\/08\/29.jpg\" class=\"bg attachment- size-\" alt=\"\" \/>\t\t\t\t\t\t\n\t\t\t\n\n\t\t<\/div>\n\n\t\t\n\n\t\t<div class=\"section-content relative\">\n\t\t\t\n\t\t<\/div>\n\n\t\t\n<style>\n#section_1498747867 {\n  padding-top: 30px;\n  padding-bottom: 30px;\n  min-height: 300px;\n}\n#section_1498747867 .section-bg img {\n  object-position: 64% 49%;\n}\n@media (min-width:550px) {\n  #section_1498747867 {\n    min-height: 400px;\n  }\n}\n@media (min-width:850px) {\n  #section_1498747867 {\n    min-height: 500px;\n  }\n}\n<\/style>\n\t<\/section>\n\t\n\n\t<section class=\"section\" id=\"section_545713397\">\n\t\t<div class=\"section-bg fill\" >\n\t\t\t\t\t\t\t\t\t\n\t\t\t\n\n\t\t<\/div>\n\n\t\t\n\n\t\t<div class=\"section-content relative\">\n\t\t\t\n<div class=\"row align-center\"  id=\"row-1290971207\">\n\n\t<div id=\"col-1620243836\" class=\"col medium-12 small-12 large-6\"  >\n\t\t\t\t<div class=\"col-inner\"  >\n\t\t\t\n\t\t\t\n\t<div id=\"gap-1131898283\" class=\"gap-element clearfix\" style=\"display:block; height:auto;\">\n\t\t\n<style>\n#gap-1131898283 {\n  padding-top: 10px;\n}\n@media (min-width:550px) {\n  #gap-1131898283 {\n    padding-top: 20px;\n  }\n}\n@media (min-width:850px) {\n  #gap-1131898283 {\n    padding-top: 30px;\n  }\n}\n<\/style>\n\t<\/div>\n\t\n\t<div id=\"text-1305624638\" class=\"text\">\n\t\t\n<h2 data-start=\"107\" data-end=\"140\"><strong data-start=\"110\" data-end=\"138\">\u042d\u043c\u0433\u0435\u043a \u043a\u043e\u043e\u043f\u0441\u0443\u0437\u0434\u0443\u0433\u0443 \u0431\u043e\u044e\u043d\u0447\u0430 \u0441\u0430\u044f\u0441\u0430\u0442<\/strong><\/h2>\n\t\t\n<style>\n#text-1305624638 {\n  font-size: 1.55rem;\n}\n<\/style>\n\t<\/div>\n\t\n<p data-start=\"142\" data-end=\"444\">\u041a\u043e\u043c\u043f\u0430\u043d\u0438\u044f\u0431\u044b\u0437 \u0436\u04af\u0440\u0433\u04af\u0437\u0433\u04e9\u043d \u0431\u0430\u0440\u0434\u044b\u043a \u0434\u043e\u043b\u0431\u043e\u043e\u0440\u043b\u043e\u0440\u0434\u043e <strong data-start=\"177\" data-end=\"204\">\u044d\u043c\u0433\u0435\u043a \u043a\u043e\u043e\u043f\u0441\u0443\u0437\u0434\u0443\u0433\u0443 \u0436\u0430\u043d\u0430 \u0434\u0435\u043d \u0441\u043e\u043e\u043b\u0443\u043a<\/strong> \u044d\u0440\u0435\u0436\u0435\u043b\u0435\u0440\u0438\u043d \u044d\u04a3 \u0436\u043e\u0433\u043e\u0440\u043a\u0443 \u0434\u0435\u04a3\u0433\u044d\u044d\u043b\u0434\u0435 \u043a\u043e\u043b\u0434\u043e\u043d\u0443\u0443 \u043d\u0435\u0433\u0438\u0437\u0433\u0438 \u043f\u0440\u0438\u043d\u0446\u0438\u043f \u0431\u043e\u043b\u0443\u043f \u0441\u0430\u043d\u0430\u043b\u0430\u0442. \u041c\u0430\u043a\u0441\u0430\u0442\u044b\u0431\u044b\u0437; \u043a\u044b\u0437\u043c\u0430\u0442\u043a\u0435\u0440\u043b\u0435\u0440\u0438\u0431\u0438\u0437\u0434\u0438\u043d, \u04e9\u043d\u04e9\u043a\u0442\u04e9\u0448\u0442\u04e9\u0440\u04af\u0431\u04af\u0437\u0434\u04af\u043d \u0436\u0430\u043d\u0430 \u0434\u043e\u043b\u0431\u043e\u043e\u0440 \u0430\u0439\u043c\u0430\u0433\u044b\u043d\u0434\u0430 \u0431\u043e\u043b\u0433\u043e\u043d \u0431\u0430\u0440\u0434\u044b\u043a \u0430\u0434\u0430\u043c\u0434\u0430\u0440\u0434\u044b\u043d \u043a\u043e\u043e\u043f\u0441\u0443\u0437\u0434\u0443\u0433\u0443\u043d \u043a\u0430\u043c\u0441\u044b\u0437 \u043a\u044b\u043b\u0443\u0443 \u043c\u0435\u043d\u0435\u043d \u043d\u04e9\u043b\u0434\u04af\u043a \u04e9\u043d\u0434\u04af\u0440\u04af\u0448 \u043a\u044b\u0440\u0441\u044b\u0433\u044b\u043d\u0430 \u0436\u0435\u0442\u0438\u0448\u04af\u04af.<\/p>\n\t\t<\/div>\n\t\t\t\t\n<style>\n#col-1620243836 > .col-inner {\n  padding: 0px 10% 0px 0px;\n}\n<\/style>\n\t<\/div>\n\n\t\n\n\t<div id=\"col-1539455145\" class=\"col medium-12 small-12 large-6\"  >\n\t\t\t\t<div class=\"col-inner\" style=\"background-color:rgb(241, 241, 241);\" >\n\t\t\t\n\t<div class=\"is-border\"\n\t\tstyle=\"border-color:rgb(73, 193, 147);border-width:10px 0px 0px 0px;\">\n\t<\/div>\n\t\t\t\n\t<div id=\"text-1605090913\" class=\"text\">\n\t\t\n<h3>\u0411\u0430\u0440\u0434\u044b\u043a \u043a\u0443\u0440\u0443\u043b\u0443\u0448 \u0430\u044f\u043d\u0442\u0447\u0430\u043b\u0430\u0440\u044b\u0431\u044b\u0437\u0434\u0430 \u0443\u043b\u0443\u0442\u0442\u0443\u043a \u0436\u0430\u043d\u0430 \u044d\u043b \u0430\u0440\u0430\u043b\u044b\u043a \u044d\u043c\u0433\u0435\u043a \u043a\u043e\u043e\u043f\u0441\u0443\u0437\u0434\u0443\u0433\u0443 \u0441\u0442\u0430\u043d\u0434\u0430\u0440\u0442\u0442\u0430\u0440\u044b\u043d\u0430 \u044b\u043b\u0430\u0439\u044b\u043a;<\/h3>\n\t\t\n<style>\n#text-1605090913 {\n  font-size: 1.25rem;\n}\n<\/style>\n\t<\/div>\n\t\n<ul>\n<li><strong data-start=\"537\" data-end=\"556\">\u041a\u043e\u0440\u043a\u0443\u043d\u0443\u0447 \u0430\u043d\u0430\u043b\u0438\u0437\u0434\u0435\u0440\u0438<\/strong> \u04af\u0437\u0433\u04af\u043b\u0442\u04af\u043a\u0441\u04af\u0437 \u0436\u04af\u0440\u0433\u04af\u0437\u04af\u043b\u04e9\u0442.<\/li>\n<li>\u041a\u044b\u0437\u043c\u0430\u0442\u043a\u0435\u0440\u043b\u0435\u0440\u0433\u0435 <strong data-start=\"597\" data-end=\"634\">\u043c\u0435\u0437\u0433\u0438\u043b-\u043c\u0435\u0437\u0433\u0438\u043b\u0438 \u043c\u0435\u043d\u0435\u043d \u044d\u043c\u0433\u0435\u043a \u043a\u043e\u043e\u043f\u0441\u0443\u0437\u0434\u0443\u0433\u0443 \u0431\u043e\u044e\u043d\u0447\u0430 \u043e\u043a\u0443\u0442\u0443\u0443\u043b\u0430\u0440<\/strong> \u04e9\u0442\u043a\u04e9\u0440\u04af\u043b\u04e9\u0442.<\/li>\n<li><strong data-start=\"648\" data-end=\"679\">\u0416\u0435\u043a\u0435 \u043a\u043e\u0440\u0433\u043e\u043e\u0447\u0443 \u0448\u0430\u0439\u043c\u0430\u043d\u0434\u0430\u0440<\/strong> \u0442\u043e\u043b\u0443\u0433\u0443 \u043c\u0435\u043d\u0435\u043d \u043a\u0430\u043c\u0441\u044b\u0437\u0434\u0430\u043b\u044b\u043f, \u043a\u043e\u043b\u0434\u043e\u043d\u0443\u043b\u0443\u0448\u0443 \u043a\u04e9\u0437\u04e9\u043c\u04e9\u043b\u0434\u04e9\u043d\u04e9\u0442.<\/li>\n<li>\u041a\u044b\u0440\u0434\u0430\u0430\u043b\u0434\u044b\u043a \u0430\u0431\u0430\u043b \u0431\u043e\u044e\u043d\u0447\u0430 \u0430\u0440\u0430\u043a\u0435\u0442 \u043f\u043b\u0430\u043d\u0434\u0430\u0440\u044b \u0434\u0430\u044f\u0440\u0434\u0430\u043b\u044b\u043f, \u043c\u0430\u0448\u044b\u0433\u0443\u0443\u043b\u0430\u0440 \u043c\u0435\u043d\u0435\u043d \u0438\u0448\u043a\u0435 \u0430\u0448\u044b\u0440\u044b\u043b\u0430\u0442.<\/li>\n<li>\u0410\u0439\u043b\u0430\u043d\u0430-\u0447\u04e9\u0439\u0440\u04e9\u0433\u04e9 \u0436\u0430\u043d\u0430 \u043a\u043e\u043e\u043c\u0433\u043e \u0436\u043e\u043e\u043f\u043a\u0435\u0440\u0447\u0438\u043b\u0438\u043a\u0442\u04af\u04af \u044d\u043c\u0433\u0435\u043a \u043c\u0430\u0434\u0430\u043d\u0438\u044f\u0442\u044b \u043a\u0430\u043b\u044b\u043f\u0442\u0430\u043d\u0434\u044b\u0440\u044b\u043b\u0430\u0442.<\/li>\n<\/ul>\n\t\t<\/div>\n\t\t\t\t\n<style>\n#col-1539455145 > .col-inner {\n  padding: 15% 10% 5% 10%;\n  margin: 0 0px 0px 0px;\n}\n@media (min-width:550px) {\n  #col-1539455145 > .col-inner {\n    padding: 10% 10% 8% 10%;\n  }\n}\n@media (min-width:850px) {\n  #col-1539455145 > .col-inner {\n    padding: 15% 15% 10% 15%;\n    margin: -172px 0px 0px 0px;\n  }\n}\n<\/style>\n\t<\/div>\n\n\t\n<\/div>\n\t\t<\/div>\n\n\t\t\n<style>\n#section_545713397 {\n  padding-top: 30px;\n  padding-bottom: 30px;\n}\n<\/style>\n\t<\/section>\n\t\n\n\t<section class=\"section\" id=\"section_294825108\">\n\t\t<div class=\"section-bg fill\" >\n\t\t\t\t\t\t\t\t\t\n\t\t\t\n\n\t\t<\/div>\n\n\t\t\n\n\t\t<div class=\"section-content relative\">\n\t\t\t\n\t<div id=\"gap-1322424214\" class=\"gap-element clearfix\" style=\"display:block; height:auto;\">\n\t\t\n<style>\n#gap-1322424214 {\n  padding-top: 30px;\n}\n<\/style>\n\t<\/div>\n\t\n<div class=\"row row-small align-equal\"  id=\"row-1253614240\">\n\n\t<div id=\"col-341421283\" class=\"col medium-7 small-12 large-8\"  >\n\t\t\t\t<div class=\"col-inner\"  >\n\t\t\t\n\t\t\t\n\n  <div class=\"banner has-hover\" id=\"banner-2092965460\">\n          <div class=\"banner-inner fill\">\n        <div class=\"banner-bg fill\" >\n            <img loading=\"lazy\" decoding=\"async\" width=\"1020\" height=\"638\" src=\"https:\/\/yurtkaya.com\/wp-content\/uploads\/2025\/08\/26-1280x800.jpg\" class=\"bg attachment-large size-large\" alt=\"\" \/>                                    \n                    <\/div>\n\t\t\n        <div class=\"banner-layers container\">\n            <div class=\"fill banner-link\"><\/div>            \n   <div id=\"text-box-1195707743\" class=\"text-box banner-layer x50 md-x50 lg-x50 y50 md-y50 lg-y50 res-text\">\n                                <div class=\"text-box-content text dark\">\n              \n              <div class=\"text-inner text-center\">\n                  \n              <\/div>\n           <\/div>\n                            \n<style>\n#text-box-1195707743 {\n  width: 60%;\n}\n#text-box-1195707743 .text-box-content {\n  font-size: 100%;\n}\n@media (min-width:550px) {\n  #text-box-1195707743 {\n    width: 60%;\n  }\n}\n<\/style>\n    <\/div>\n \n        <\/div>\n      <\/div>\n\n            \n<style>\n#banner-2092965460 {\n  padding-top: 250px;\n  background-color: rgba(255, 255, 255, 0);\n}\n#banner-2092965460 .banner-bg img {\n  object-position: 53% 60%;\n}\n@media (min-width:550px) {\n  #banner-2092965460 {\n    padding-top: 400px;\n  }\n}\n<\/style>\n  <\/div>\n\n\n\t\t<\/div>\n\t\t\t\t\t<\/div>\n\n\t\n\n\t<div id=\"col-446067588\" class=\"col medium-5 small-12 large-4\"  >\n\t\t\t\t<div class=\"col-inner text-center\"  >\n\t\t\t\n\t<div class=\"is-border\"\n\t\tstyle=\"border-color:rgb(39, 54, 71);border-width:2px 2px 2px 2px;\">\n\t<\/div>\n\t\t\t\n\t<div id=\"gap-135568622\" class=\"gap-element clearfix\" style=\"display:block; height:auto;\">\n\t\t\n<style>\n#gap-135568622 {\n  padding-top: 20px;\n}\n@media (min-width:550px) {\n  #gap-135568622 {\n    padding-top: 60px;\n  }\n}\n<\/style>\n\t<\/div>\n\t\n\t<div id=\"text-3206188264\" class=\"text\">\n\t\t\n<p>\u0410\u0440 \u0431\u0438\u0440 \u0434\u043e\u043b\u0431\u043e\u043e\u0440\u0443\u0431\u0443\u0437\u0434\u0430 <strong data-start=\"919\" data-end=\"935\">\u201c\u0431\u0438\u0440\u0438\u043d\u0447\u0438 \u043a\u0435\u0437\u0435\u043a\u0442\u0435 \u0430\u0434\u0430\u043c\u201d<\/strong> \u0442\u04af\u0448\u04af\u043d\u04af\u0433\u04af \u043c\u0435\u043d\u0435\u043d \u0438\u0448 \u0430\u043b\u044b\u043f \u0431\u0430\u0440\u044b\u043f, \u043a\u043e\u043e\u043f\u0441\u0443\u0437 \u0438\u0448 \u0448\u0430\u0440\u0442\u044b\u043d \u0442\u04af\u0437\u04af\u043f, \u043a\u044b\u0437\u043c\u0430\u0442\u043a\u0435\u0440\u043b\u0435\u0440\u0438\u0431\u0438\u0437\u0434\u0438\u043d \u0434\u0430, \u0438\u0448\u0442\u0438\u043d \u04af\u0437\u0433\u04af\u043b\u0442\u04af\u043a\u0441\u04af\u0437\u0434\u04af\u0433\u04af\u043d\u04af\u043d \u0434\u0430 \u043a\u0435\u043f\u0438\u043b\u0434\u0438\u0433\u0438\u043d \u043a\u0430\u043c\u0441\u044b\u0437 \u043a\u044b\u043b\u0430\u0431\u044b\u0437.<\/p>\n\t\t\n<style>\n#text-3206188264 {\n  font-size: 1rem;\n}\n<\/style>\n\t<\/div>\n\t\n\t\t<\/div>\n\t\t\t\t\n<style>\n#col-446067588 > .col-inner {\n  padding: 15% 15% 15% 15%;\n}\n<\/style>\n\t<\/div>\n\n\t\n<\/div>\n\t\t<\/div>\n\n\t\t\n<style>\n#section_294825108 {\n  padding-top: 30px;\n  padding-bottom: 30px;\n}\n<\/style>\n\t<\/section>\n\t\n","protected":false},"excerpt":{"rendered":"","protected":false},"author":1,"featured_media":0,"parent":0,"menu_order":0,"comment_status":"closed","ping_status":"closed","template":"page-blank.php","meta":{"pagelayer_contact_templates":[],"_pagelayer_content":"","footnotes":""},"class_list":["post-1207","page","type-page","status-publish","hentry"],"yoast_head":"<!-- This site is optimized with the Yoast SEO plugin v27.2 - https:\/\/yoast.com\/product\/yoast-seo-wordpress\/ -->\n<title>\u042d\u043c\u0433\u0435\u043a \u043a\u043e\u043e\u043f\u0441\u0443\u0437\u0434\u0443\u0433\u0443 \u0431\u043e\u044e\u043d\u0447\u0430 \u0441\u0430\u044f\u0441\u0430\u0442 - YURT KAYA \u0130N\u015eAAT<\/title>\n<meta name=\"robots\" content=\"index, follow, max-snippet:-1, max-image-preview:large, max-video-preview:-1\" \/>\n<link rel=\"canonical\" href=\"https:\/\/yurtkaya.com\/ky\/\u044d\u043c\u0433\u0435\u043a-\u043a\u043e\u043e\u043f\u0441\u0443\u0437\u0434\u0443\u0433\u0443-\u0431\u043e\u044e\u043d\u0447\u0430-\u0441\u0430\u044f\u0441\u0430\u0442\/\" \/>\n<meta property=\"og:locale\" content=\"ky_KG\" \/>\n<meta property=\"og:type\" content=\"article\" \/>\n<meta property=\"og:title\" content=\"\u042d\u043c\u0433\u0435\u043a \u043a\u043e\u043e\u043f\u0441\u0443\u0437\u0434\u0443\u0433\u0443 \u0431\u043e\u044e\u043d\u0447\u0430 \u0441\u0430\u044f\u0441\u0430\u0442 - YURT KAYA \u0130N\u015eAAT\" \/>\n<meta property=\"og:url\" content=\"https:\/\/yurtkaya.com\/ky\/\u044d\u043c\u0433\u0435\u043a-\u043a\u043e\u043e\u043f\u0441\u0443\u0437\u0434\u0443\u0433\u0443-\u0431\u043e\u044e\u043d\u0447\u0430-\u0441\u0430\u044f\u0441\u0430\u0442\/\" \/>\n<meta property=\"og:site_name\" content=\"YURT KAYA \u0130N\u015eAAT\" \/>\n<meta name=\"twitter:card\" content=\"summary_large_image\" \/>\n<meta name=\"twitter:label1\" content=\"Est. reading time\" \/>\n\t<meta name=\"twitter:data1\" content=\"1 minute\" \/>\n<script type=\"application\/ld+json\" class=\"yoast-schema-graph\">{\"@context\":\"https:\/\/schema.org\",\"@graph\":[{\"@type\":\"WebPage\",\"@id\":\"https:\/\/yurtkaya.com\/ky\/%d1%8d%d0%bc%d0%b3%d0%b5%d0%ba-%d0%ba%d0%be%d0%be%d0%bf%d1%81%d1%83%d0%b7%d0%b4%d1%83%d0%b3%d1%83-%d0%b1%d0%be%d1%8e%d0%bd%d1%87%d0%b0-%d1%81%d0%b0%d1%8f%d1%81%d0%b0%d1%82\/\",\"url\":\"https:\/\/yurtkaya.com\/ky\/%d1%8d%d0%bc%d0%b3%d0%b5%d0%ba-%d0%ba%d0%be%d0%be%d0%bf%d1%81%d1%83%d0%b7%d0%b4%d1%83%d0%b3%d1%83-%d0%b1%d0%be%d1%8e%d0%bd%d1%87%d0%b0-%d1%81%d0%b0%d1%8f%d1%81%d0%b0%d1%82\/\",\"name\":\"\u042d\u043c\u0433\u0435\u043a \u043a\u043e\u043e\u043f\u0441\u0443\u0437\u0434\u0443\u0433\u0443 \u0431\u043e\u044e\u043d\u0447\u0430 \u0441\u0430\u044f\u0441\u0430\u0442 - YURT KAYA \u0130N\u015eAAT\",\"isPartOf\":{\"@id\":\"https:\/\/yurtkaya.com\/#website\"},\"datePublished\":\"2025-08-14T17:25:29+00:00\",\"breadcrumb\":{\"@id\":\"https:\/\/yurtkaya.com\/ky\/%d1%8d%d0%bc%d0%b3%d0%b5%d0%ba-%d0%ba%d0%be%d0%be%d0%bf%d1%81%d1%83%d0%b7%d0%b4%d1%83%d0%b3%d1%83-%d0%b1%d0%be%d1%8e%d0%bd%d1%87%d0%b0-%d1%81%d0%b0%d1%8f%d1%81%d0%b0%d1%82\/#breadcrumb\"},\"inLanguage\":\"ky-KG\",\"potentialAction\":[{\"@type\":\"ReadAction\",\"target\":[\"https:\/\/yurtkaya.com\/ky\/%d1%8d%d0%bc%d0%b3%d0%b5%d0%ba-%d0%ba%d0%be%d0%be%d0%bf%d1%81%d1%83%d0%b7%d0%b4%d1%83%d0%b3%d1%83-%d0%b1%d0%be%d1%8e%d0%bd%d1%87%d0%b0-%d1%81%d0%b0%d1%8f%d1%81%d0%b0%d1%82\/\"]}]},{\"@type\":\"BreadcrumbList\",\"@id\":\"https:\/\/yurtkaya.com\/ky\/%d1%8d%d0%bc%d0%b3%d0%b5%d0%ba-%d0%ba%d0%be%d0%be%d0%bf%d1%81%d1%83%d0%b7%d0%b4%d1%83%d0%b3%d1%83-%d0%b1%d0%be%d1%8e%d0%bd%d1%87%d0%b0-%d1%81%d0%b0%d1%8f%d1%81%d0%b0%d1%82\/#breadcrumb\",\"itemListElement\":[{\"@type\":\"ListItem\",\"position\":1,\"name\":\"Anasayfa\",\"item\":\"https:\/\/yurtkaya.com\/ky\/\"},{\"@type\":\"ListItem\",\"position\":2,\"name\":\"\u042d\u043c\u0433\u0435\u043a \u043a\u043e\u043e\u043f\u0441\u0443\u0437\u0434\u0443\u0433\u0443 \u0431\u043e\u044e\u043d\u0447\u0430 \u0441\u0430\u044f\u0441\u0430\u0442\"}]},{\"@type\":\"WebSite\",\"@id\":\"https:\/\/yurtkaya.com\/#website\",\"url\":\"https:\/\/yurtkaya.com\/\",\"name\":\"YURTKAYA M\u00dcHEND\u0130SL\u0130K VE \u0130N\u015eAAT L\u0130M\u0130TED \u015e\u0130RKET\u0130\",\"description\":\"https:\/\/yurtkaya.com\/\",\"publisher\":{\"@id\":\"https:\/\/yurtkaya.com\/#organization\"},\"potentialAction\":[{\"@type\":\"SearchAction\",\"target\":{\"@type\":\"EntryPoint\",\"urlTemplate\":\"https:\/\/yurtkaya.com\/?s={search_term_string}\"},\"query-input\":{\"@type\":\"PropertyValueSpecification\",\"valueRequired\":true,\"valueName\":\"search_term_string\"}}],\"inLanguage\":\"ky-KG\"},{\"@type\":\"Organization\",\"@id\":\"https:\/\/yurtkaya.com\/#organization\",\"name\":\"YURTKAYA \u0130N\u015eAAT MUHEND\u0130SL\u0130K\",\"alternateName\":\"YURTKAYA \u0130N\u015eAAT\",\"url\":\"https:\/\/yurtkaya.com\/\",\"logo\":{\"@type\":\"ImageObject\",\"inLanguage\":\"ky-KG\",\"@id\":\"https:\/\/yurtkaya.com\/#\/schema\/logo\/image\/\",\"url\":\"https:\/\/yurtkaya.com\/wp-content\/uploads\/2025\/08\/cropped-3.png\",\"contentUrl\":\"https:\/\/yurtkaya.com\/wp-content\/uploads\/2025\/08\/cropped-3.png\",\"width\":512,\"height\":512,\"caption\":\"YURTKAYA \u0130N\u015eAAT MUHEND\u0130SL\u0130K\"},\"image\":{\"@id\":\"https:\/\/yurtkaya.com\/#\/schema\/logo\/image\/\"}}]}<\/script>\n<!-- \/ Yoast SEO plugin. -->","yoast_head_json":{"title":"\u042d\u043c\u0433\u0435\u043a \u043a\u043e\u043e\u043f\u0441\u0443\u0437\u0434\u0443\u0433\u0443 \u0431\u043e\u044e\u043d\u0447\u0430 \u0441\u0430\u044f\u0441\u0430\u0442 - YURT KAYA \u0130N\u015eAAT","robots":{"index":"index","follow":"follow","max-snippet":"max-snippet:-1","max-image-preview":"max-image-preview:large","max-video-preview":"max-video-preview:-1"},"canonical":"https:\/\/yurtkaya.com\/ky\/\u044d\u043c\u0433\u0435\u043a-\u043a\u043e\u043e\u043f\u0441\u0443\u0437\u0434\u0443\u0433\u0443-\u0431\u043e\u044e\u043d\u0447\u0430-\u0441\u0430\u044f\u0441\u0430\u0442\/","og_locale":"ky_KG","og_type":"article","og_title":"\u042d\u043c\u0433\u0435\u043a \u043a\u043e\u043e\u043f\u0441\u0443\u0437\u0434\u0443\u0433\u0443 \u0431\u043e\u044e\u043d\u0447\u0430 \u0441\u0430\u044f\u0441\u0430\u0442 - YURT KAYA \u0130N\u015eAAT","og_url":"https:\/\/yurtkaya.com\/ky\/\u044d\u043c\u0433\u0435\u043a-\u043a\u043e\u043e\u043f\u0441\u0443\u0437\u0434\u0443\u0433\u0443-\u0431\u043e\u044e\u043d\u0447\u0430-\u0441\u0430\u044f\u0441\u0430\u0442\/","og_site_name":"YURT KAYA \u0130N\u015eAAT","twitter_card":"summary_large_image","twitter_misc":{"Est. reading time":"1 minute"},"schema":{"@context":"https:\/\/schema.org","@graph":[{"@type":"WebPage","@id":"https:\/\/yurtkaya.com\/ky\/%d1%8d%d0%bc%d0%b3%d0%b5%d0%ba-%d0%ba%d0%be%d0%be%d0%bf%d1%81%d1%83%d0%b7%d0%b4%d1%83%d0%b3%d1%83-%d0%b1%d0%be%d1%8e%d0%bd%d1%87%d0%b0-%d1%81%d0%b0%d1%8f%d1%81%d0%b0%d1%82\/","url":"https:\/\/yurtkaya.com\/ky\/%d1%8d%d0%bc%d0%b3%d0%b5%d0%ba-%d0%ba%d0%be%d0%be%d0%bf%d1%81%d1%83%d0%b7%d0%b4%d1%83%d0%b3%d1%83-%d0%b1%d0%be%d1%8e%d0%bd%d1%87%d0%b0-%d1%81%d0%b0%d1%8f%d1%81%d0%b0%d1%82\/","name":"\u042d\u043c\u0433\u0435\u043a \u043a\u043e\u043e\u043f\u0441\u0443\u0437\u0434\u0443\u0433\u0443 \u0431\u043e\u044e\u043d\u0447\u0430 \u0441\u0430\u044f\u0441\u0430\u0442 - YURT KAYA \u0130N\u015eAAT","isPartOf":{"@id":"https:\/\/yurtkaya.com\/#website"},"datePublished":"2025-08-14T17:25:29+00:00","breadcrumb":{"@id":"https:\/\/yurtkaya.com\/ky\/%d1%8d%d0%bc%d0%b3%d0%b5%d0%ba-%d0%ba%d0%be%d0%be%d0%bf%d1%81%d1%83%d0%b7%d0%b4%d1%83%d0%b3%d1%83-%d0%b1%d0%be%d1%8e%d0%bd%d1%87%d0%b0-%d1%81%d0%b0%d1%8f%d1%81%d0%b0%d1%82\/#breadcrumb"},"inLanguage":"ky-KG","potentialAction":[{"@type":"ReadAction","target":["https:\/\/yurtkaya.com\/ky\/%d1%8d%d0%bc%d0%b3%d0%b5%d0%ba-%d0%ba%d0%be%d0%be%d0%bf%d1%81%d1%83%d0%b7%d0%b4%d1%83%d0%b3%d1%83-%d0%b1%d0%be%d1%8e%d0%bd%d1%87%d0%b0-%d1%81%d0%b0%d1%8f%d1%81%d0%b0%d1%82\/"]}]},{"@type":"BreadcrumbList","@id":"https:\/\/yurtkaya.com\/ky\/%d1%8d%d0%bc%d0%b3%d0%b5%d0%ba-%d0%ba%d0%be%d0%be%d0%bf%d1%81%d1%83%d0%b7%d0%b4%d1%83%d0%b3%d1%83-%d0%b1%d0%be%d1%8e%d0%bd%d1%87%d0%b0-%d1%81%d0%b0%d1%8f%d1%81%d0%b0%d1%82\/#breadcrumb","itemListElement":[{"@type":"ListItem","position":1,"name":"Anasayfa","item":"https:\/\/yurtkaya.com\/ky\/"},{"@type":"ListItem","position":2,"name":"\u042d\u043c\u0433\u0435\u043a \u043a\u043e\u043e\u043f\u0441\u0443\u0437\u0434\u0443\u0433\u0443 \u0431\u043e\u044e\u043d\u0447\u0430 \u0441\u0430\u044f\u0441\u0430\u0442"}]},{"@type":"WebSite","@id":"https:\/\/yurtkaya.com\/#website","url":"https:\/\/yurtkaya.com\/","name":"YURTKAYA M\u00dcHEND\u0130SL\u0130K VE \u0130N\u015eAAT L\u0130M\u0130TED \u015e\u0130RKET\u0130","description":"https:\/\/yurtkaya.com\/","publisher":{"@id":"https:\/\/yurtkaya.com\/#organization"},"potentialAction":[{"@type":"SearchAction","target":{"@type":"EntryPoint","urlTemplate":"https:\/\/yurtkaya.com\/?s={search_term_string}"},"query-input":{"@type":"PropertyValueSpecification","valueRequired":true,"valueName":"search_term_string"}}],"inLanguage":"ky-KG"},{"@type":"Organization","@id":"https:\/\/yurtkaya.com\/#organization","name":"YURTKAYA \u0130N\u015eAAT MUHEND\u0130SL\u0130K","alternateName":"YURTKAYA \u0130N\u015eAAT","url":"https:\/\/yurtkaya.com\/","logo":{"@type":"ImageObject","inLanguage":"ky-KG","@id":"https:\/\/yurtkaya.com\/#\/schema\/logo\/image\/","url":"https:\/\/yurtkaya.com\/wp-content\/uploads\/2025\/08\/cropped-3.png","contentUrl":"https:\/\/yurtkaya.com\/wp-content\/uploads\/2025\/08\/cropped-3.png","width":512,"height":512,"caption":"YURTKAYA \u0130N\u015eAAT MUHEND\u0130SL\u0130K"},"image":{"@id":"https:\/\/yurtkaya.com\/#\/schema\/logo\/image\/"}}]}},"_links":{"self":[{"href":"https:\/\/yurtkaya.com\/ky\/wp-json\/wp\/v2\/pages\/1207","targetHints":{"allow":["GET"]}}],"collection":[{"href":"https:\/\/yurtkaya.com\/ky\/wp-json\/wp\/v2\/pages"}],"about":[{"href":"https:\/\/yurtkaya.com\/ky\/wp-json\/wp\/v2\/types\/page"}],"author":[{"embeddable":true,"href":"https:\/\/yurtkaya.com\/ky\/wp-json\/wp\/v2\/users\/1"}],"replies":[{"embeddable":true,"href":"https:\/\/yurtkaya.com\/ky\/wp-json\/wp\/v2\/comments?post=1207"}],"version-history":[{"count":0,"href":"https:\/\/yurtkaya.com\/ky\/wp-json\/wp\/v2\/pages\/1207\/revisions"}],"wp:attachment":[{"href":"https:\/\/yurtkaya.com\/ky\/wp-json\/wp\/v2\/media?parent=1207"}],"curies":[{"name":"wp","href":"https:\/\/api.w.org\/{rel}","templated":true}]}}