{"id":1016,"date":"2016-03-31T14:08:39","date_gmt":"2016-03-31T14:08:39","guid":{"rendered":"https:\/\/yurtkaya.com\/%d0%be-%d0%bd%d0%b0%d1%81\/"},"modified":"2025-09-17T22:33:49","modified_gmt":"2025-09-17T22:33:49","slug":"%d0%be-%d0%bd%d0%b0%d1%81","status":"publish","type":"page","link":"https:\/\/yurtkaya.com\/ru\/%d0%be-%d0%bd%d0%b0%d1%81\/","title":{"rendered":"\u041e \u043d\u0430\u0441"},"content":{"rendered":"\n  <div class=\"banner has-hover\" id=\"banner-771331687\">\n          <div class=\"banner-inner fill\">\n        <div class=\"banner-bg fill\" >\n            <img loading=\"lazy\" decoding=\"async\" width=\"1020\" height=\"574\" src=\"https:\/\/yurtkaya.com\/wp-content\/uploads\/2025\/08\/1.jpg\" class=\"bg attachment-large size-large\" alt=\"\" \/>                        <div class=\"overlay\"><\/div>            \n                    <\/div>\n\t\t\n        <div class=\"banner-layers container\">\n            <div class=\"fill banner-link\"><\/div>            \n   <div id=\"text-box-1418701208\" class=\"text-box banner-layer x50 md-x50 lg-x50 y50 md-y50 lg-y50 res-text\">\n                                <div class=\"text-box-content text dark\">\n              \n              <div class=\"text-inner text-center\">\n                  \n<h3 class=\"uppercase\"><strong>\u041e \u043d\u0430\u0441<\/strong><\/h3>\n              <\/div>\n           <\/div>\n                            \n<style>\n#text-box-1418701208 {\n  width: 60%;\n}\n#text-box-1418701208 .text-box-content {\n  font-size: 100%;\n}\n<\/style>\n    <\/div>\n \n        <\/div>\n      <\/div>\n\n            \n<style>\n#banner-771331687 {\n  padding-top: 300px;\n}\n#banner-771331687 .overlay {\n  background-color: rgba(0,0,0,.5);\n}\n#banner-771331687 .banner-bg img {\n  object-position: 48% 56%;\n}\n<\/style>\n  <\/div>\n\n\n\n\t<section class=\"section\" id=\"section_1752232276\">\n\t\t<div class=\"section-bg fill\" >\n\t\t\t<img loading=\"lazy\" decoding=\"async\" width=\"1500\" height=\"1000\" src=\"https:\/\/yurtkaya.com\/wp-content\/uploads\/2025\/08\/luke-van-zyl-koH7IVuwRLw-unsplash.jpg\" class=\"bg attachment- size-\" alt=\"\" \/>\t\t\t\t\t\t\n\t\t\t\n\n\t\t<\/div>\n\n\t\t\n\n\t\t<div class=\"section-content relative\">\n\t\t\t\n\t\t<\/div>\n\n\t\t\n<style>\n#section_1752232276 {\n  padding-top: 30px;\n  padding-bottom: 30px;\n  min-height: 400px;\n}\n@media (min-width:550px) {\n  #section_1752232276 {\n    min-height: 600px;\n  }\n}\n<\/style>\n\t<\/section>\n\t\n\n\t<section class=\"section\" id=\"section_372901623\">\n\t\t<div class=\"section-bg fill\" >\n\t\t\t\t\t\t\t\t\t\n\t\t\t\n\n\t\t<\/div>\n\n\t\t\n\n\t\t<div class=\"section-content relative\">\n\t\t\t\n<div class=\"row row-collapse row-full-width\"  id=\"row-2101327099\">\n\n\t<div id=\"col-1808749892\" class=\"col medium-10 small-12 large-6\"  >\n\t\t\t\t<div class=\"col-inner\" style=\"background-color:rgb(240, 223, 162);\" >\n\t\t\t\n\t\t\t\n\t<div id=\"gap-1336207492\" class=\"gap-element clearfix\" style=\"display:block; height:auto;\">\n\t\t\n<style>\n#gap-1336207492 {\n  padding-top: 700px;\n}\n<\/style>\n\t<\/div>\n\t\n\t\t<\/div>\n\t\t\t\t\n<style>\n#col-1808749892 > .col-inner {\n  margin: -100px 0px 0px 0px;\n}\n@media (min-width:550px) {\n  #col-1808749892 > .col-inner {\n    margin: -260px 0px 0px 0px;\n  }\n}\n<\/style>\n\t<\/div>\n\n\t\n<\/div>\n<div class=\"row\" style=\"max-width:1300px\" id=\"row-1736056311\">\n\n\t<div id=\"col-1671850679\" class=\"col medium-8 small-12 large-5\"  >\n\t\t\t\t<div class=\"col-inner\"  >\n\t\t\t\n\t\t\t\n\t<div id=\"text-1516015429\" class=\"text\">\n\t\t\n<h1>\u0411\u0435\u0437\u043e\u043f\u0430\u0441\u043d\u044b\u0435 \u0438 \u044d\u0441\u0442\u0435\u0442\u0438\u0447\u043d\u044b\u0435 \u0436\u0438\u043b\u044b\u0435 \u043f\u0440\u043e\u0441\u0442\u0440\u0430\u043d\u0441\u0442\u0432\u0430<\/h1>\n\t\t\n<style>\n#text-1516015429 {\n  font-size: 1.75rem;\n}\n<\/style>\n\t<\/div>\n\t\n\t\t<\/div>\n\t\t\t\t\n<style>\n#col-1671850679 > .col-inner {\n  margin: -600px 0px 0px 0px;\n}\n<\/style>\n\t<\/div>\n\n\t\n\n\t<div id=\"col-1589623995\" class=\"col medium-9 small-12 large-6\"  >\n\t\t\t\t<div class=\"col-inner\"  >\n\t\t\t\n\t\t\t\n<h2>\u041d\u0430\u0448\u0430 \u0438\u0441\u0442\u043e\u0440\u0438\u044f \u043e\u0441\u043d\u043e\u0432\u0430\u043d\u0438\u044f..<\/h2>\n<div class=\"is-divider divider clearfix\" style=\"max-width:300px;background-color:rgb(0, 0, 0);\"><\/div>\n<p class=\"lead\">\u0421 1998 \u0433\u043e\u0434\u0430 \u043d\u0430\u0448\u0430 \u043a\u043e\u043c\u0430\u043d\u0434\u0430 \u0443\u043f\u0440\u0430\u0432\u043b\u0435\u043d\u0438\u044f \u0430\u043a\u0442\u0438\u0432\u043d\u043e \u0440\u0430\u0431\u043e\u0442\u0430\u0435\u0442 \u0432 \u0440\u0443\u043a\u043e\u0432\u043e\u0434\u044f\u0449\u0438\u0445 \u0441\u0442\u0440\u0443\u043a\u0442\u0443\u0440\u0430\u0445 \u043c\u0435\u0436\u0434\u0443\u043d\u0430\u0440\u043e\u0434\u043d\u044b\u0445 \u043a\u043e\u043c\u043f\u0430\u043d\u0438\u0439 \u0438 \u043d\u0430 \u043f\u0440\u043e\u0442\u044f\u0436\u0435\u043d\u0438\u0438 \u043c\u043d\u043e\u0433\u0438\u0445 \u043b\u0435\u0442 \u0440\u0430\u0437\u0440\u0430\u0431\u0430\u0442\u044b\u0432\u0430\u0435\u0442 \u043f\u0440\u043e\u0435\u043a\u0442\u044b \u0432 \u0441\u043e\u0442\u0440\u0443\u0434\u043d\u0438\u0447\u0435\u0441\u0442\u0432\u0435 \u0441 \u044d\u043a\u0441\u043f\u0435\u0440\u0442\u043d\u044b\u043c\u0438 \u043a\u043e\u043c\u0430\u043d\u0434\u0430\u043c\u0438 \u0438\u0437 \u0440\u0430\u0437\u043d\u044b\u0445 \u0434\u0438\u0441\u0446\u0438\u043f\u043b\u0438\u043d. \u0412 2025 \u0433\u043e\u0434\u0443, \u0441 \u0446\u0435\u043b\u044c\u044e \u043f\u0435\u0440\u0435\u043d\u0435\u0441\u0442\u0438 \u043d\u0430\u043a\u043e\u043f\u043b\u0435\u043d\u043d\u044b\u0439 \u043e\u043f\u044b\u0442 \u0438 \u0437\u043d\u0430\u043d\u0438\u044f \u0432 \u0431\u0443\u0434\u0443\u0449\u0435\u0435 \u0441 \u0431\u043e\u043b\u0435\u0435 \u0441\u0438\u043b\u044c\u043d\u044b\u043c \u0432\u0438\u0434\u0435\u043d\u0438\u0435\u043c, \u0431\u044b\u043b\u0430 \u043e\u0441\u043d\u043e\u0432\u0430\u043d\u0430 \u043a\u043e\u043c\u043f\u0430\u043d\u0438\u044f YURTKAYA M\u00dcHEND\u0130SL\u0130K VE \u0130N\u015eAAT L\u0130M\u0130TED \u015e\u0130RKET\u0130.<\/p>\n<p>\u00a0<\/p>\n\t\t<\/div>\n\t\t\t\t\n<style>\n#col-1589623995 > .col-inner {\n  margin: -400px 0px 0px 0px;\n}\n@media (min-width:850px) {\n  #col-1589623995 > .col-inner {\n    margin: -330px 0px 0px 0px;\n  }\n}\n<\/style>\n\t<\/div>\n\n\t\n<\/div>\n\t\t<\/div>\n\n\t\t\n<style>\n#section_372901623 {\n  padding-top: 30px;\n  padding-bottom: 30px;\n}\n<\/style>\n\t<\/section>\n\t\n\n\t<section class=\"section\" id=\"section_679747205\">\n\t\t<div class=\"section-bg fill\" >\n\t\t\t\t\t\t\t\t\t\n\t\t\t\n\n\t\t<\/div>\n\n\t\t\n\n\t\t<div class=\"section-content relative\">\n\t\t\t\n<div class=\"row row-collapse row-full-width\"  id=\"row-1680222036\">\n\n\t<div id=\"col-11312997\" class=\"col small-12 large-12\"  >\n\t\t\t\t<div class=\"col-inner\"  >\n\t\t\t\n\t\t\t\n\n  <div class=\"banner has-hover\" id=\"banner-2009955782\">\n          <div class=\"banner-inner fill\">\n        <div class=\"banner-bg fill\" >\n            <img loading=\"lazy\" decoding=\"async\" width=\"1020\" height=\"729\" src=\"https:\/\/yurtkaya.com\/wp-content\/uploads\/2025\/08\/florian-schmid-J479yftnNik-unsplash-1120x800.jpg\" class=\"bg attachment-large size-large\" alt=\"\" \/>                                    \n                    <\/div>\n\t\t\n        <div class=\"banner-layers container\">\n            <div class=\"fill banner-link\"><\/div>            \n   <div id=\"text-box-898781923\" class=\"text-box banner-layer x50 md-x50 lg-x50 y50 md-y50 lg-y50 res-text\">\n                                <div class=\"text-box-content text dark\">\n              \n              <div class=\"text-inner text-center\">\n                  \n              <\/div>\n           <\/div>\n                            \n<style>\n#text-box-898781923 {\n  width: 60%;\n}\n#text-box-898781923 .text-box-content {\n  font-size: 100%;\n}\n@media (min-width:550px) {\n  #text-box-898781923 {\n    width: 60%;\n  }\n}\n<\/style>\n    <\/div>\n \n        <\/div>\n      <\/div>\n\n            \n<style>\n#banner-2009955782 {\n  padding-top: 300px;\n  background-color: rgb(255, 255, 255);\n}\n@media (min-width:550px) {\n  #banner-2009955782 {\n    padding-top: 500px;\n  }\n}\n<\/style>\n  <\/div>\n\n\n\t\t<\/div>\n\t\t\t\t\n<style>\n#col-11312997 > .col-inner {\n  margin: -130px 0px 0px 0px;\n}\n@media (min-width:850px) {\n  #col-11312997 > .col-inner {\n    margin: -100px 0px 0px 0px;\n  }\n}\n<\/style>\n\t<\/div>\n\n\t\n<\/div>\n\t\t<\/div>\n\n\t\t\n<style>\n#section_679747205 {\n  padding-top: 30px;\n  padding-bottom: 30px;\n}\n<\/style>\n\t<\/section>\n\t\n\n\t<section class=\"section\" id=\"section_1216107483\">\n\t\t<div class=\"section-bg fill\" >\n\t\t\t\t\t\t\t\t\t\n\t\t\t\n\n\t\t<\/div>\n\n\t\t\n\n\t\t<div class=\"section-content relative\">\n\t\t\t\n<div class=\"row\" style=\"max-width:1300px\" id=\"row-62837169\">\n\n\t<div id=\"col-96990484\" class=\"col medium-11 small-12 large-7\"  >\n\t\t\t\t<div class=\"col-inner\" style=\"background-color:rgb(240, 223, 162);\" >\n\t\t\t\n\t\t\t\n\t<div id=\"gap-1165888613\" class=\"gap-element clearfix\" style=\"display:block; height:auto;\">\n\t\t\n<style>\n#gap-1165888613 {\n  padding-top: 600px;\n}\n<\/style>\n\t<\/div>\n\t\n\t\t<\/div>\n\t\t\t\t\n<style>\n#col-96990484 > .col-inner {\n  margin: -150px 0px 0px 0px;\n}\n<\/style>\n\t<\/div>\n\n\t\n<\/div>\n<div class=\"row align-right\" style=\"max-width:1300px\" id=\"row-1153519644\">\n\n\t<div id=\"col-1433184190\" class=\"col medium-11 small-12 large-4\"  >\n\t\t\t\t<div class=\"col-inner\"  >\n\t\t\t\n\t\t\t\n\t<div id=\"text-1377111092\" class=\"text\">\n\t\t\n<h2><strong>\u041d\u0430\u0448\u0430 \u043c\u0438\u0441\u0441\u0438\u044f \u0438 \u0432\u0438\u0434\u0435\u043d\u0438\u0435<\/strong><\/h2>\n\t\t\n<style>\n#text-1377111092 {\n  font-size: 2rem;\n}\n<\/style>\n\t<\/div>\n\t\n\t\t<\/div>\n\t\t\t\t\n<style>\n#col-1433184190 > .col-inner {\n  padding: 0px 0px 0px 30px;\n  margin: -580px 0px 0px 0px;\n}\n@media (min-width:550px) {\n  #col-1433184190 > .col-inner {\n    padding: 0px 90px 0px 0px;\n    margin: -500px 0px 0px 0px;\n  }\n}\n@media (min-width:850px) {\n  #col-1433184190 > .col-inner {\n    margin: -450px 0px 0px 0px;\n  }\n}\n<\/style>\n\t<\/div>\n\n\t\n\n\t<div id=\"col-1343241879\" class=\"col medium-11 small-12 large-7\"  >\n\t\t\t\t<div class=\"col-inner\"  >\n\t\t\t\n\t\t\t\n<div class=\"is-divider divider clearfix\" style=\"max-width:300px;background-color:rgb(0, 0, 0);\"><\/div>\n<p class=\"lead\">\u041d\u0430\u0448\u0430 \u043c\u0438\u0441\u0441\u0438\u044f \u2013 \u043f\u0440\u0435\u0434\u043e\u0441\u0442\u0430\u0432\u043b\u044f\u0442\u044c \u043a\u043b\u0438\u0435\u043d\u0442\u0430\u043c \u0431\u0435\u0437\u043e\u043f\u0430\u0441\u043d\u044b\u0435, \u044d\u0441\u0442\u0435\u0442\u0438\u0447\u043d\u044b\u0435 \u0438 \u044d\u043a\u043e\u043b\u043e\u0433\u0438\u0447\u043d\u044b\u0435 \u0441\u043e\u043e\u0440\u0443\u0436\u0435\u043d\u0438\u044f \u0432\u044b\u0441\u043e\u043a\u043e\u0433\u043e \u043a\u0430\u0447\u0435\u0441\u0442\u0432\u0430; \u043f\u043e\u0432\u044b\u0448\u0430\u0442\u044c \u043a\u0430\u0447\u0435\u0441\u0442\u0432\u043e \u0436\u0438\u0437\u043d\u0438 \u0441 \u043f\u043e\u043c\u043e\u0449\u044c\u044e \u0438\u043d\u043d\u043e\u0432\u0430\u0446\u0438\u043e\u043d\u043d\u044b\u0445 \u0440\u0435\u0448\u0435\u043d\u0438\u0439 \u0438 \u0441\u043e\u0437\u0434\u0430\u0432\u0430\u0442\u044c \u0446\u0435\u043d\u043d\u043e\u0441\u0442\u044c \u0432 \u043a\u0430\u0436\u0434\u043e\u043c \u0440\u0435\u0433\u0438\u043e\u043d\u0435, \u0433\u0434\u0435 \u043c\u044b \u0440\u0430\u0431\u043e\u0442\u0430\u0435\u043c.<\/p>\n<hr \/>\n<p class=\"lead\">\u041d\u0430\u0448\u0435 \u0432\u0438\u0434\u0435\u043d\u0438\u0435 \u2013 \u0441\u0442\u0430\u0442\u044c \u0432\u0435\u0434\u0443\u0449\u0438\u043c \u0431\u0440\u0435\u043d\u0434\u043e\u043c \u0432 \u0441\u0442\u0440\u043e\u0438\u0442\u0435\u043b\u044c\u043d\u043e\u0439 \u043e\u0442\u0440\u0430\u0441\u043b\u0438 \u0432 \u043e\u0431\u043b\u0430\u0441\u0442\u044f\u0445 \u0434\u043e\u0432\u0435\u0440\u0438\u044f, \u043a\u0430\u0447\u0435\u0441\u0442\u0432\u0430 \u0438 \u0443\u0441\u0442\u043e\u0439\u0447\u0438\u0432\u043e\u0441\u0442\u0438; \u0444\u043e\u0440\u043c\u0438\u0440\u043e\u0432\u0430\u0442\u044c \u0433\u043e\u0440\u043e\u0434\u0430 \u0431\u0443\u0434\u0443\u0449\u0435\u0433\u043e \u0441 \u043f\u043e\u043c\u043e\u0449\u044c\u044e \u0441\u043e\u0432\u0440\u0435\u043c\u0435\u043d\u043d\u044b\u0445, \u043f\u0440\u043e\u0447\u043d\u044b\u0445 \u0438 \u043a\u043e\u043c\u0444\u043e\u0440\u0442\u043d\u044b\u0445 \u0434\u043b\u044f \u0436\u0438\u0437\u043d\u0438 \u0441\u043e\u043e\u0440\u0443\u0436\u0435\u043d\u0438\u0439.<\/p>\n<a href=\"https:\/\/yurtkaya.com\/ru\/%d0%ba%d0%be%d0%bc%d0%bc%d1%83%d0%bd%d0%b8%d0%ba%d0%b0%d1%86%d0%b8%d1%8f\/\" class=\"button secondary is-shade\" >\n\t\t<span>\u0414\u0430\u0432\u0430\u0439\u0442\u0435 \u043d\u0430\u0447\u043d\u0451\u043c<\/span>\n\t<\/a>\n\n\t\t<\/div>\n\t\t\t\t\n<style>\n#col-1343241879 > .col-inner {\n  padding: 0px 0px 0px 30px;\n  margin: -490px 0px 0px 0px;\n}\n@media (min-width:550px) {\n  #col-1343241879 > .col-inner {\n    padding: 0px 150px 0px 0px;\n    margin: -450px 0px 0px 0px;\n  }\n}\n@media (min-width:850px) {\n  #col-1343241879 > .col-inner {\n    padding: 0 0px 0px 0px;\n    margin: -450px 0px 0px 0px;\n  }\n}\n<\/style>\n\t<\/div>\n\n\t\n<\/div>\n\t\t<\/div>\n\n\t\t\n<style>\n#section_1216107483 {\n  padding-top: 30px;\n  padding-bottom: 30px;\n}\n<\/style>\n\t<\/section>\n\t\n","protected":false},"excerpt":{"rendered":"","protected":false},"author":1,"featured_media":611,"parent":0,"menu_order":18,"comment_status":"closed","ping_status":"closed","template":"page-blank.php","meta":{"pagelayer_contact_templates":[],"_pagelayer_content":"","footnotes":""},"class_list":["post-1016","page","type-page","status-publish","has-post-thumbnail","hentry"],"yoast_head":"<!-- This site is optimized with the Yoast SEO plugin v27.2 - https:\/\/yoast.com\/product\/yoast-seo-wordpress\/ -->\n<title>\u041e \u043d\u0430\u0441 - YURT KAYA \u0130N\u015eAAT<\/title>\n<meta name=\"robots\" content=\"index, follow, max-snippet:-1, max-image-preview:large, max-video-preview:-1\" \/>\n<link rel=\"canonical\" href=\"https:\/\/yurtkaya.com\/ru\/\u043e-\u043d\u0430\u0441\/\" \/>\n<meta property=\"og:locale\" content=\"ru_RU\" \/>\n<meta property=\"og:type\" content=\"article\" \/>\n<meta property=\"og:title\" content=\"\u041e \u043d\u0430\u0441 - YURT KAYA \u0130N\u015eAAT\" \/>\n<meta property=\"og:url\" content=\"https:\/\/yurtkaya.com\/ru\/\u043e-\u043d\u0430\u0441\/\" \/>\n<meta property=\"og:site_name\" content=\"YURT KAYA \u0130N\u015eAAT\" \/>\n<meta property=\"article:modified_time\" content=\"2025-09-17T22:33:49+00:00\" \/>\n<meta property=\"og:image\" content=\"https:\/\/yurtkaya.com\/wp-content\/uploads\/2016\/08\/dummy-1.jpg\" \/>\n\t<meta property=\"og:image:width\" content=\"400\" \/>\n\t<meta property=\"og:image:height\" content=\"260\" \/>\n\t<meta property=\"og:image:type\" content=\"image\/jpeg\" \/>\n<meta name=\"twitter:card\" content=\"summary_large_image\" \/>\n<meta name=\"twitter:label1\" content=\"\u041f\u0440\u0438\u043c\u0435\u0440\u043d\u043e\u0435 \u0432\u0440\u0435\u043c\u044f \u0434\u043b\u044f \u0447\u0442\u0435\u043d\u0438\u044f\" \/>\n\t<meta name=\"twitter:data1\" content=\"2 \u043c\u0438\u043d\u0443\u0442\u044b\" \/>\n<script type=\"application\/ld+json\" class=\"yoast-schema-graph\">{\"@context\":\"https:\/\/schema.org\",\"@graph\":[{\"@type\":\"WebPage\",\"@id\":\"https:\/\/yurtkaya.com\/ru\/%d0%be-%d0%bd%d0%b0%d1%81\/\",\"url\":\"https:\/\/yurtkaya.com\/ru\/%d0%be-%d0%bd%d0%b0%d1%81\/\",\"name\":\"\u041e \u043d\u0430\u0441 - YURT KAYA \u0130N\u015eAAT\",\"isPartOf\":{\"@id\":\"https:\/\/yurtkaya.com\/#website\"},\"primaryImageOfPage\":{\"@id\":\"https:\/\/yurtkaya.com\/ru\/%d0%be-%d0%bd%d0%b0%d1%81\/#primaryimage\"},\"image\":{\"@id\":\"https:\/\/yurtkaya.com\/ru\/%d0%be-%d0%bd%d0%b0%d1%81\/#primaryimage\"},\"thumbnailUrl\":\"https:\/\/yurtkaya.com\/wp-content\/uploads\/2016\/08\/dummy-1.jpg\",\"datePublished\":\"2016-03-31T14:08:39+00:00\",\"dateModified\":\"2025-09-17T22:33:49+00:00\",\"breadcrumb\":{\"@id\":\"https:\/\/yurtkaya.com\/ru\/%d0%be-%d0%bd%d0%b0%d1%81\/#breadcrumb\"},\"inLanguage\":\"ru-RU\",\"potentialAction\":[{\"@type\":\"ReadAction\",\"target\":[\"https:\/\/yurtkaya.com\/ru\/%d0%be-%d0%bd%d0%b0%d1%81\/\"]}]},{\"@type\":\"ImageObject\",\"inLanguage\":\"ru-RU\",\"@id\":\"https:\/\/yurtkaya.com\/ru\/%d0%be-%d0%bd%d0%b0%d1%81\/#primaryimage\",\"url\":\"https:\/\/yurtkaya.com\/wp-content\/uploads\/2016\/08\/dummy-1.jpg\",\"contentUrl\":\"https:\/\/yurtkaya.com\/wp-content\/uploads\/2016\/08\/dummy-1.jpg\",\"width\":400,\"height\":260},{\"@type\":\"BreadcrumbList\",\"@id\":\"https:\/\/yurtkaya.com\/ru\/%d0%be-%d0%bd%d0%b0%d1%81\/#breadcrumb\",\"itemListElement\":[{\"@type\":\"ListItem\",\"position\":1,\"name\":\"Anasayfa\",\"item\":\"https:\/\/yurtkaya.com\/ru\/\"},{\"@type\":\"ListItem\",\"position\":2,\"name\":\"\u041e \u043d\u0430\u0441\"}]},{\"@type\":\"WebSite\",\"@id\":\"https:\/\/yurtkaya.com\/#website\",\"url\":\"https:\/\/yurtkaya.com\/\",\"name\":\"YURTKAYA M\u00dcHEND\u0130SL\u0130K VE \u0130N\u015eAAT L\u0130M\u0130TED \u015e\u0130RKET\u0130\",\"description\":\"https:\/\/yurtkaya.com\/\",\"publisher\":{\"@id\":\"https:\/\/yurtkaya.com\/#organization\"},\"potentialAction\":[{\"@type\":\"SearchAction\",\"target\":{\"@type\":\"EntryPoint\",\"urlTemplate\":\"https:\/\/yurtkaya.com\/?s={search_term_string}\"},\"query-input\":{\"@type\":\"PropertyValueSpecification\",\"valueRequired\":true,\"valueName\":\"search_term_string\"}}],\"inLanguage\":\"ru-RU\"},{\"@type\":\"Organization\",\"@id\":\"https:\/\/yurtkaya.com\/#organization\",\"name\":\"YURTKAYA \u0130N\u015eAAT MUHEND\u0130SL\u0130K\",\"alternateName\":\"YURTKAYA \u0130N\u015eAAT\",\"url\":\"https:\/\/yurtkaya.com\/\",\"logo\":{\"@type\":\"ImageObject\",\"inLanguage\":\"ru-RU\",\"@id\":\"https:\/\/yurtkaya.com\/#\/schema\/logo\/image\/\",\"url\":\"https:\/\/yurtkaya.com\/wp-content\/uploads\/2025\/08\/cropped-3.png\",\"contentUrl\":\"https:\/\/yurtkaya.com\/wp-content\/uploads\/2025\/08\/cropped-3.png\",\"width\":512,\"height\":512,\"caption\":\"YURTKAYA \u0130N\u015eAAT MUHEND\u0130SL\u0130K\"},\"image\":{\"@id\":\"https:\/\/yurtkaya.com\/#\/schema\/logo\/image\/\"}}]}<\/script>\n<!-- \/ Yoast SEO plugin. -->","yoast_head_json":{"title":"\u041e \u043d\u0430\u0441 - YURT KAYA \u0130N\u015eAAT","robots":{"index":"index","follow":"follow","max-snippet":"max-snippet:-1","max-image-preview":"max-image-preview:large","max-video-preview":"max-video-preview:-1"},"canonical":"https:\/\/yurtkaya.com\/ru\/\u043e-\u043d\u0430\u0441\/","og_locale":"ru_RU","og_type":"article","og_title":"\u041e \u043d\u0430\u0441 - YURT KAYA \u0130N\u015eAAT","og_url":"https:\/\/yurtkaya.com\/ru\/\u043e-\u043d\u0430\u0441\/","og_site_name":"YURT KAYA \u0130N\u015eAAT","article_modified_time":"2025-09-17T22:33:49+00:00","og_image":[{"width":400,"height":260,"url":"https:\/\/yurtkaya.com\/wp-content\/uploads\/2016\/08\/dummy-1.jpg","type":"image\/jpeg"}],"twitter_card":"summary_large_image","twitter_misc":{"\u041f\u0440\u0438\u043c\u0435\u0440\u043d\u043e\u0435 \u0432\u0440\u0435\u043c\u044f \u0434\u043b\u044f \u0447\u0442\u0435\u043d\u0438\u044f":"2 \u043c\u0438\u043d\u0443\u0442\u044b"},"schema":{"@context":"https:\/\/schema.org","@graph":[{"@type":"WebPage","@id":"https:\/\/yurtkaya.com\/ru\/%d0%be-%d0%bd%d0%b0%d1%81\/","url":"https:\/\/yurtkaya.com\/ru\/%d0%be-%d0%bd%d0%b0%d1%81\/","name":"\u041e \u043d\u0430\u0441 - YURT KAYA \u0130N\u015eAAT","isPartOf":{"@id":"https:\/\/yurtkaya.com\/#website"},"primaryImageOfPage":{"@id":"https:\/\/yurtkaya.com\/ru\/%d0%be-%d0%bd%d0%b0%d1%81\/#primaryimage"},"image":{"@id":"https:\/\/yurtkaya.com\/ru\/%d0%be-%d0%bd%d0%b0%d1%81\/#primaryimage"},"thumbnailUrl":"https:\/\/yurtkaya.com\/wp-content\/uploads\/2016\/08\/dummy-1.jpg","datePublished":"2016-03-31T14:08:39+00:00","dateModified":"2025-09-17T22:33:49+00:00","breadcrumb":{"@id":"https:\/\/yurtkaya.com\/ru\/%d0%be-%d0%bd%d0%b0%d1%81\/#breadcrumb"},"inLanguage":"ru-RU","potentialAction":[{"@type":"ReadAction","target":["https:\/\/yurtkaya.com\/ru\/%d0%be-%d0%bd%d0%b0%d1%81\/"]}]},{"@type":"ImageObject","inLanguage":"ru-RU","@id":"https:\/\/yurtkaya.com\/ru\/%d0%be-%d0%bd%d0%b0%d1%81\/#primaryimage","url":"https:\/\/yurtkaya.com\/wp-content\/uploads\/2016\/08\/dummy-1.jpg","contentUrl":"https:\/\/yurtkaya.com\/wp-content\/uploads\/2016\/08\/dummy-1.jpg","width":400,"height":260},{"@type":"BreadcrumbList","@id":"https:\/\/yurtkaya.com\/ru\/%d0%be-%d0%bd%d0%b0%d1%81\/#breadcrumb","itemListElement":[{"@type":"ListItem","position":1,"name":"Anasayfa","item":"https:\/\/yurtkaya.com\/ru\/"},{"@type":"ListItem","position":2,"name":"\u041e \u043d\u0430\u0441"}]},{"@type":"WebSite","@id":"https:\/\/yurtkaya.com\/#website","url":"https:\/\/yurtkaya.com\/","name":"YURTKAYA M\u00dcHEND\u0130SL\u0130K VE \u0130N\u015eAAT L\u0130M\u0130TED \u015e\u0130RKET\u0130","description":"https:\/\/yurtkaya.com\/","publisher":{"@id":"https:\/\/yurtkaya.com\/#organization"},"potentialAction":[{"@type":"SearchAction","target":{"@type":"EntryPoint","urlTemplate":"https:\/\/yurtkaya.com\/?s={search_term_string}"},"query-input":{"@type":"PropertyValueSpecification","valueRequired":true,"valueName":"search_term_string"}}],"inLanguage":"ru-RU"},{"@type":"Organization","@id":"https:\/\/yurtkaya.com\/#organization","name":"YURTKAYA \u0130N\u015eAAT MUHEND\u0130SL\u0130K","alternateName":"YURTKAYA \u0130N\u015eAAT","url":"https:\/\/yurtkaya.com\/","logo":{"@type":"ImageObject","inLanguage":"ru-RU","@id":"https:\/\/yurtkaya.com\/#\/schema\/logo\/image\/","url":"https:\/\/yurtkaya.com\/wp-content\/uploads\/2025\/08\/cropped-3.png","contentUrl":"https:\/\/yurtkaya.com\/wp-content\/uploads\/2025\/08\/cropped-3.png","width":512,"height":512,"caption":"YURTKAYA \u0130N\u015eAAT MUHEND\u0130SL\u0130K"},"image":{"@id":"https:\/\/yurtkaya.com\/#\/schema\/logo\/image\/"}}]}},"_links":{"self":[{"href":"https:\/\/yurtkaya.com\/ru\/wp-json\/wp\/v2\/pages\/1016","targetHints":{"allow":["GET"]}}],"collection":[{"href":"https:\/\/yurtkaya.com\/ru\/wp-json\/wp\/v2\/pages"}],"about":[{"href":"https:\/\/yurtkaya.com\/ru\/wp-json\/wp\/v2\/types\/page"}],"author":[{"embeddable":true,"href":"https:\/\/yurtkaya.com\/ru\/wp-json\/wp\/v2\/users\/1"}],"replies":[{"embeddable":true,"href":"https:\/\/yurtkaya.com\/ru\/wp-json\/wp\/v2\/comments?post=1016"}],"version-history":[{"count":4,"href":"https:\/\/yurtkaya.com\/ru\/wp-json\/wp\/v2\/pages\/1016\/revisions"}],"predecessor-version":[{"id":1368,"href":"https:\/\/yurtkaya.com\/ru\/wp-json\/wp\/v2\/pages\/1016\/revisions\/1368"}],"wp:featuredmedia":[{"embeddable":true,"href":"https:\/\/yurtkaya.com\/ru\/wp-json\/wp\/v2\/media\/611"}],"wp:attachment":[{"href":"https:\/\/yurtkaya.com\/ru\/wp-json\/wp\/v2\/media?parent=1016"}],"curies":[{"name":"wp","href":"https:\/\/api.w.org\/{rel}","templated":true}]}}