{"id":1025,"date":"2025-08-14T17:25:29","date_gmt":"2025-08-14T17:25:29","guid":{"rendered":"https:\/\/yurtkaya.com\/%d0%bd%d0%b0%d1%88%d0%b0-%d0%bf%d0%be%d0%bb%d0%b8%d1%82%d0%b8%d0%ba%d0%b0-%d0%b1%d0%b5%d0%b7%d0%b1%d0%b5%d0%b4%d0%bd%d0%be%d1%81%d1%82%d0%b8-%d0%bd%d0%b0-%d1%80%d0%b0%d0%b4%d1%83\/"},"modified":"2025-08-14T17:25:29","modified_gmt":"2025-08-14T17:25:29","slug":"%d0%bd%d0%b0%d1%88%d0%b0-%d0%bf%d0%be%d0%bb%d0%b8%d1%82%d0%b8%d0%ba%d0%b0-%d0%b1%d0%b5%d0%b7%d0%b1%d0%b5%d0%b4%d0%bd%d0%be%d1%81%d1%82%d0%b8-%d0%bd%d0%b0-%d1%80%d0%b0%d0%b4%d1%83","status":"publish","type":"page","link":"https:\/\/yurtkaya.com\/sr\/%d0%bd%d0%b0%d1%88%d0%b0-%d0%bf%d0%be%d0%bb%d0%b8%d1%82%d0%b8%d0%ba%d0%b0-%d0%b1%d0%b5%d0%b7%d0%b1%d0%b5%d0%b4%d0%bd%d0%be%d1%81%d1%82%d0%b8-%d0%bd%d0%b0-%d1%80%d0%b0%d0%b4%d1%83\/","title":{"rendered":"\u041d\u0430\u0448\u0430 \u043f\u043e\u043b\u0438\u0442\u0438\u043a\u0430 \u0431\u0435\u0437\u0431\u0435\u0434\u043d\u043e\u0441\u0442\u0438 \u043d\u0430 \u0440\u0430\u0434\u0443"},"content":{"rendered":"\n\t<section class=\"section\" id=\"section_1896600300\">\n\t\t<div class=\"section-bg fill\" >\n\t\t\t<img loading=\"lazy\" decoding=\"async\" width=\"1400\" height=\"875\" src=\"https:\/\/yurtkaya.com\/wp-content\/uploads\/2025\/08\/29.jpg\" class=\"bg attachment- size-\" alt=\"\" \/>\t\t\t\t\t\t\n\t\t\t\n\n\t\t<\/div>\n\n\t\t\n\n\t\t<div class=\"section-content relative\">\n\t\t\t\n\t\t<\/div>\n\n\t\t\n<style>\n#section_1896600300 {\n  padding-top: 30px;\n  padding-bottom: 30px;\n  min-height: 300px;\n}\n#section_1896600300 .section-bg img {\n  object-position: 64% 49%;\n}\n@media (min-width:550px) {\n  #section_1896600300 {\n    min-height: 400px;\n  }\n}\n@media (min-width:850px) {\n  #section_1896600300 {\n    min-height: 500px;\n  }\n}\n<\/style>\n\t<\/section>\n\t\n\n\t<section class=\"section\" id=\"section_1269896838\">\n\t\t<div class=\"section-bg fill\" >\n\t\t\t\t\t\t\t\t\t\n\t\t\t\n\n\t\t<\/div>\n\n\t\t\n\n\t\t<div class=\"section-content relative\">\n\t\t\t\n<div class=\"row align-center\"  id=\"row-1129331114\">\n\n\t<div id=\"col-1499165085\" class=\"col medium-12 small-12 large-6\"  >\n\t\t\t\t<div class=\"col-inner\"  >\n\t\t\t\n\t\t\t\n\t<div id=\"gap-1613225468\" class=\"gap-element clearfix\" style=\"display:block; height:auto;\">\n\t\t\n<style>\n#gap-1613225468 {\n  padding-top: 10px;\n}\n@media (min-width:550px) {\n  #gap-1613225468 {\n    padding-top: 20px;\n  }\n}\n@media (min-width:850px) {\n  #gap-1613225468 {\n    padding-top: 30px;\n  }\n}\n<\/style>\n\t<\/div>\n\t\n\t<div id=\"text-2425703483\" class=\"text\">\n\t\t\n<h2 data-start=\"107\" data-end=\"140\"><strong data-start=\"110\" data-end=\"138\">Na\u0161a Politika Bezbednosti na Radu<\/strong><\/h2>\n\t\t\n<style>\n#text-2425703483 {\n  font-size: 1.55rem;\n}\n<\/style>\n\t<\/div>\n\t\n<p data-start=\"142\" data-end=\"444\">Na\u0161a kompanija u svim projektima smatra osnovnim principom primenu pravila <strong data-start=\"177\" data-end=\"204\">zdravlja i bezbednosti na radu<\/strong> na najvi\u0161em nivou. Na\u0161 cilj je da obezbedimo sigurnost na\u0161ih zaposlenih, poslovnih partnera i svih osoba prisutnih na gradili\u0161tu, i da nastavimo sa radom sa ciljem nula povreda na radu.<\/p>\n\t\t<\/div>\n\t\t\t\t\n<style>\n#col-1499165085 > .col-inner {\n  padding: 0px 10% 0px 0px;\n}\n<\/style>\n\t<\/div>\n\n\t\n\n\t<div id=\"col-1025122496\" class=\"col medium-12 small-12 large-6\"  >\n\t\t\t\t<div class=\"col-inner\" style=\"background-color:rgb(241, 241, 241);\" >\n\t\t\t\n\t<div class=\"is-border\"\n\t\tstyle=\"border-color:rgb(73, 193, 147);border-width:10px 0px 0px 0px;\">\n\t<\/div>\n\t\t\t\n\t<div id=\"text-514220738\" class=\"text\">\n\t\t\n<h3>Na svim na\u0161im gradili\u0161tima, u skladu sa nacionalnim i me\u0111unarodnim standardima bezbednosti na radu;<\/h3>\n\t\t\n<style>\n#text-514220738 {\n  font-size: 1.25rem;\n}\n<\/style>\n\t<\/div>\n\t\n<ul>\n<li><strong data-start=\"537\" data-end=\"556\">Analize rizika<\/strong> se redovno sprovode.<\/li>\n<li>Zaposlenima se pru\u017eaju <strong data-start=\"597\" data-end=\"634\">periodi\u010dne obuke o bezbednosti na radu<\/strong>.<\/li>\n<li><strong data-start=\"648\" data-end=\"679\">Li\u010dna za\u0161titna oprema<\/strong> se u potpunosti obezbe\u0111uje i nadgleda njena upotreba.<\/li>\n<li>Pripremaju se planovi akcije za vanredne situacije i sprovode se kroz ve\u017ebe.<\/li>\n<li>Stvara se radna kultura koja je odgovorna prema \u017eivotnoj sredini i dru\u0161tvu.<\/li>\n<\/ul>\n\t\t<\/div>\n\t\t\t\t\n<style>\n#col-1025122496 > .col-inner {\n  padding: 15% 10% 5% 10%;\n  margin: 0 0px 0px 0px;\n}\n@media (min-width:550px) {\n  #col-1025122496 > .col-inner {\n    padding: 10% 10% 8% 10%;\n  }\n}\n@media (min-width:850px) {\n  #col-1025122496 > .col-inner {\n    padding: 15% 15% 10% 15%;\n    margin: -172px 0px 0px 0px;\n  }\n}\n<\/style>\n\t<\/div>\n\n\t\n<\/div>\n\t\t<\/div>\n\n\t\t\n<style>\n#section_1269896838 {\n  padding-top: 30px;\n  padding-bottom: 30px;\n}\n<\/style>\n\t<\/section>\n\t\n\n\t<section class=\"section\" id=\"section_511235149\">\n\t\t<div class=\"section-bg fill\" >\n\t\t\t\t\t\t\t\t\t\n\t\t\t\n\n\t\t<\/div>\n\n\t\t\n\n\t\t<div class=\"section-content relative\">\n\t\t\t\n\t<div id=\"gap-173954392\" class=\"gap-element clearfix\" style=\"display:block; height:auto;\">\n\t\t\n<style>\n#gap-173954392 {\n  padding-top: 30px;\n}\n<\/style>\n\t<\/div>\n\t\n<div class=\"row row-small align-equal\"  id=\"row-1704671923\">\n\n\t<div id=\"col-325023977\" class=\"col medium-7 small-12 large-8\"  >\n\t\t\t\t<div class=\"col-inner\"  >\n\t\t\t\n\t\t\t\n\n  <div class=\"banner has-hover\" id=\"banner-917395491\">\n          <div class=\"banner-inner fill\">\n        <div class=\"banner-bg fill\" >\n            <img loading=\"lazy\" decoding=\"async\" width=\"1020\" height=\"638\" src=\"https:\/\/yurtkaya.com\/wp-content\/uploads\/2025\/08\/26-1280x800.jpg\" class=\"bg attachment-large size-large\" alt=\"\" \/>                                    \n                    <\/div>\n\t\t\n        <div class=\"banner-layers container\">\n            <div class=\"fill banner-link\"><\/div>            \n   <div id=\"text-box-486633559\" class=\"text-box banner-layer x50 md-x50 lg-x50 y50 md-y50 lg-y50 res-text\">\n                                <div class=\"text-box-content text dark\">\n              \n              <div class=\"text-inner text-center\">\n                  \n              <\/div>\n           <\/div>\n                            \n<style>\n#text-box-486633559 {\n  width: 60%;\n}\n#text-box-486633559 .text-box-content {\n  font-size: 100%;\n}\n@media (min-width:550px) {\n  #text-box-486633559 {\n    width: 60%;\n  }\n}\n<\/style>\n    <\/div>\n \n        <\/div>\n      <\/div>\n\n            \n<style>\n#banner-917395491 {\n  padding-top: 250px;\n  background-color: rgba(255, 255, 255, 0);\n}\n#banner-917395491 .banner-bg img {\n  object-position: 53% 60%;\n}\n@media (min-width:550px) {\n  #banner-917395491 {\n    padding-top: 400px;\n  }\n}\n<\/style>\n  <\/div>\n\n\n\t\t<\/div>\n\t\t\t\t\t<\/div>\n\n\t\n\n\t<div id=\"col-786040485\" class=\"col medium-5 small-12 large-4\"  >\n\t\t\t\t<div class=\"col-inner text-center\"  >\n\t\t\t\n\t<div class=\"is-border\"\n\t\tstyle=\"border-color:rgb(39, 54, 71);border-width:2px 2px 2px 2px;\">\n\t<\/div>\n\t\t\t\n\t<div id=\"gap-1813606\" class=\"gap-element clearfix\" style=\"display:block; height:auto;\">\n\t\t\n<style>\n#gap-1813606 {\n  padding-top: 20px;\n}\n@media (min-width:550px) {\n  #gap-1813606 {\n    padding-top: 60px;\n  }\n}\n<\/style>\n\t<\/div>\n\t\n\t<div id=\"text-2293761856\" class=\"text\">\n\t\t\n<p>U svakom na\u0161em projektu postupamo sa razumevanjem <strong data-start=\"919\" data-end=\"935\">\u201epre svega \u010dovek\u201c<\/strong>, obezbe\u0111uju\u0107i bezbedno radno okru\u017eenje i time \u0161titimo i na\u0161e zaposlene i kontinuitet posla.<\/p>\n\t\t\n<style>\n#text-2293761856 {\n  font-size: 1rem;\n}\n<\/style>\n\t<\/div>\n\t\n\t\t<\/div>\n\t\t\t\t\n<style>\n#col-786040485 > .col-inner {\n  padding: 15% 15% 15% 15%;\n}\n<\/style>\n\t<\/div>\n\n\t\n<\/div>\n\t\t<\/div>\n\n\t\t\n<style>\n#section_511235149 {\n  padding-top: 30px;\n  padding-bottom: 30px;\n}\n<\/style>\n\t<\/section>\n\t\n","protected":false},"excerpt":{"rendered":"","protected":false},"author":1,"featured_media":0,"parent":0,"menu_order":0,"comment_status":"closed","ping_status":"closed","template":"page-blank.php","meta":{"pagelayer_contact_templates":[],"_pagelayer_content":"","footnotes":""},"class_list":["post-1025","page","type-page","status-publish","hentry"],"yoast_head":"<!-- This site is optimized with the Yoast SEO plugin v27.2 - https:\/\/yoast.com\/product\/yoast-seo-wordpress\/ -->\n<title>\u041d\u0430\u0448\u0430 \u043f\u043e\u043b\u0438\u0442\u0438\u043a\u0430 \u0431\u0435\u0437\u0431\u0435\u0434\u043d\u043e\u0441\u0442\u0438 \u043d\u0430 \u0440\u0430\u0434\u0443 - YURT KAYA \u0130N\u015eAAT<\/title>\n<meta name=\"robots\" content=\"index, follow, max-snippet:-1, max-image-preview:large, max-video-preview:-1\" \/>\n<link rel=\"canonical\" href=\"https:\/\/yurtkaya.com\/sr\/\u043d\u0430\u0448\u0430-\u043f\u043e\u043b\u0438\u0442\u0438\u043a\u0430-\u0431\u0435\u0437\u0431\u0435\u0434\u043d\u043e\u0441\u0442\u0438-\u043d\u0430-\u0440\u0430\u0434\u0443\/\" \/>\n<meta property=\"og:locale\" content=\"sr_RS\" \/>\n<meta property=\"og:type\" content=\"article\" \/>\n<meta property=\"og:title\" content=\"\u041d\u0430\u0448\u0430 \u043f\u043e\u043b\u0438\u0442\u0438\u043a\u0430 \u0431\u0435\u0437\u0431\u0435\u0434\u043d\u043e\u0441\u0442\u0438 \u043d\u0430 \u0440\u0430\u0434\u0443 - YURT KAYA \u0130N\u015eAAT\" \/>\n<meta property=\"og:url\" content=\"https:\/\/yurtkaya.com\/sr\/\u043d\u0430\u0448\u0430-\u043f\u043e\u043b\u0438\u0442\u0438\u043a\u0430-\u0431\u0435\u0437\u0431\u0435\u0434\u043d\u043e\u0441\u0442\u0438-\u043d\u0430-\u0440\u0430\u0434\u0443\/\" \/>\n<meta property=\"og:site_name\" content=\"YURT KAYA \u0130N\u015eAAT\" \/>\n<meta name=\"twitter:card\" content=\"summary_large_image\" \/>\n<meta name=\"twitter:label1\" content=\"\u041f\u0440\u043e\u0446\u0435\u045a\u0435\u043d\u043e \u0432\u0440\u0435\u043c\u0435 \u0447\u0438\u0442\u0430\u045a\u0430\" \/>\n\t<meta name=\"twitter:data1\" content=\"2 \u043c\u0438\u043d\u0443\u0442\u0430\" \/>\n<script type=\"application\/ld+json\" class=\"yoast-schema-graph\">{\"@context\":\"https:\/\/schema.org\",\"@graph\":[{\"@type\":\"WebPage\",\"@id\":\"https:\/\/yurtkaya.com\/sr\/%d0%bd%d0%b0%d1%88%d0%b0-%d0%bf%d0%be%d0%bb%d0%b8%d1%82%d0%b8%d0%ba%d0%b0-%d0%b1%d0%b5%d0%b7%d0%b1%d0%b5%d0%b4%d0%bd%d0%be%d1%81%d1%82%d0%b8-%d0%bd%d0%b0-%d1%80%d0%b0%d0%b4%d1%83\/\",\"url\":\"https:\/\/yurtkaya.com\/sr\/%d0%bd%d0%b0%d1%88%d0%b0-%d0%bf%d0%be%d0%bb%d0%b8%d1%82%d0%b8%d0%ba%d0%b0-%d0%b1%d0%b5%d0%b7%d0%b1%d0%b5%d0%b4%d0%bd%d0%be%d1%81%d1%82%d0%b8-%d0%bd%d0%b0-%d1%80%d0%b0%d0%b4%d1%83\/\",\"name\":\"\u041d\u0430\u0448\u0430 \u043f\u043e\u043b\u0438\u0442\u0438\u043a\u0430 \u0431\u0435\u0437\u0431\u0435\u0434\u043d\u043e\u0441\u0442\u0438 \u043d\u0430 \u0440\u0430\u0434\u0443 - YURT KAYA \u0130N\u015eAAT\",\"isPartOf\":{\"@id\":\"https:\/\/yurtkaya.com\/#website\"},\"datePublished\":\"2025-08-14T17:25:29+00:00\",\"breadcrumb\":{\"@id\":\"https:\/\/yurtkaya.com\/sr\/%d0%bd%d0%b0%d1%88%d0%b0-%d0%bf%d0%be%d0%bb%d0%b8%d1%82%d0%b8%d0%ba%d0%b0-%d0%b1%d0%b5%d0%b7%d0%b1%d0%b5%d0%b4%d0%bd%d0%be%d1%81%d1%82%d0%b8-%d0%bd%d0%b0-%d1%80%d0%b0%d0%b4%d1%83\/#breadcrumb\"},\"inLanguage\":\"sr-RS\",\"potentialAction\":[{\"@type\":\"ReadAction\",\"target\":[\"https:\/\/yurtkaya.com\/sr\/%d0%bd%d0%b0%d1%88%d0%b0-%d0%bf%d0%be%d0%bb%d0%b8%d1%82%d0%b8%d0%ba%d0%b0-%d0%b1%d0%b5%d0%b7%d0%b1%d0%b5%d0%b4%d0%bd%d0%be%d1%81%d1%82%d0%b8-%d0%bd%d0%b0-%d1%80%d0%b0%d0%b4%d1%83\/\"]}]},{\"@type\":\"BreadcrumbList\",\"@id\":\"https:\/\/yurtkaya.com\/sr\/%d0%bd%d0%b0%d1%88%d0%b0-%d0%bf%d0%be%d0%bb%d0%b8%d1%82%d0%b8%d0%ba%d0%b0-%d0%b1%d0%b5%d0%b7%d0%b1%d0%b5%d0%b4%d0%bd%d0%be%d1%81%d1%82%d0%b8-%d0%bd%d0%b0-%d1%80%d0%b0%d0%b4%d1%83\/#breadcrumb\",\"itemListElement\":[{\"@type\":\"ListItem\",\"position\":1,\"name\":\"Anasayfa\",\"item\":\"https:\/\/yurtkaya.com\/sr\/\"},{\"@type\":\"ListItem\",\"position\":2,\"name\":\"\u041d\u0430\u0448\u0430 \u043f\u043e\u043b\u0438\u0442\u0438\u043a\u0430 \u0431\u0435\u0437\u0431\u0435\u0434\u043d\u043e\u0441\u0442\u0438 \u043d\u0430 \u0440\u0430\u0434\u0443\"}]},{\"@type\":\"WebSite\",\"@id\":\"https:\/\/yurtkaya.com\/#website\",\"url\":\"https:\/\/yurtkaya.com\/\",\"name\":\"YURTKAYA M\u00dcHEND\u0130SL\u0130K VE \u0130N\u015eAAT L\u0130M\u0130TED \u015e\u0130RKET\u0130\",\"description\":\"https:\/\/yurtkaya.com\/\",\"publisher\":{\"@id\":\"https:\/\/yurtkaya.com\/#organization\"},\"potentialAction\":[{\"@type\":\"SearchAction\",\"target\":{\"@type\":\"EntryPoint\",\"urlTemplate\":\"https:\/\/yurtkaya.com\/?s={search_term_string}\"},\"query-input\":{\"@type\":\"PropertyValueSpecification\",\"valueRequired\":true,\"valueName\":\"search_term_string\"}}],\"inLanguage\":\"sr-RS\"},{\"@type\":\"Organization\",\"@id\":\"https:\/\/yurtkaya.com\/#organization\",\"name\":\"YURTKAYA \u0130N\u015eAAT MUHEND\u0130SL\u0130K\",\"alternateName\":\"YURTKAYA \u0130N\u015eAAT\",\"url\":\"https:\/\/yurtkaya.com\/\",\"logo\":{\"@type\":\"ImageObject\",\"inLanguage\":\"sr-RS\",\"@id\":\"https:\/\/yurtkaya.com\/#\/schema\/logo\/image\/\",\"url\":\"https:\/\/yurtkaya.com\/wp-content\/uploads\/2025\/08\/cropped-3.png\",\"contentUrl\":\"https:\/\/yurtkaya.com\/wp-content\/uploads\/2025\/08\/cropped-3.png\",\"width\":512,\"height\":512,\"caption\":\"YURTKAYA \u0130N\u015eAAT MUHEND\u0130SL\u0130K\"},\"image\":{\"@id\":\"https:\/\/yurtkaya.com\/#\/schema\/logo\/image\/\"}}]}<\/script>\n<!-- \/ Yoast SEO plugin. -->","yoast_head_json":{"title":"\u041d\u0430\u0448\u0430 \u043f\u043e\u043b\u0438\u0442\u0438\u043a\u0430 \u0431\u0435\u0437\u0431\u0435\u0434\u043d\u043e\u0441\u0442\u0438 \u043d\u0430 \u0440\u0430\u0434\u0443 - YURT KAYA \u0130N\u015eAAT","robots":{"index":"index","follow":"follow","max-snippet":"max-snippet:-1","max-image-preview":"max-image-preview:large","max-video-preview":"max-video-preview:-1"},"canonical":"https:\/\/yurtkaya.com\/sr\/\u043d\u0430\u0448\u0430-\u043f\u043e\u043b\u0438\u0442\u0438\u043a\u0430-\u0431\u0435\u0437\u0431\u0435\u0434\u043d\u043e\u0441\u0442\u0438-\u043d\u0430-\u0440\u0430\u0434\u0443\/","og_locale":"sr_RS","og_type":"article","og_title":"\u041d\u0430\u0448\u0430 \u043f\u043e\u043b\u0438\u0442\u0438\u043a\u0430 \u0431\u0435\u0437\u0431\u0435\u0434\u043d\u043e\u0441\u0442\u0438 \u043d\u0430 \u0440\u0430\u0434\u0443 - YURT KAYA \u0130N\u015eAAT","og_url":"https:\/\/yurtkaya.com\/sr\/\u043d\u0430\u0448\u0430-\u043f\u043e\u043b\u0438\u0442\u0438\u043a\u0430-\u0431\u0435\u0437\u0431\u0435\u0434\u043d\u043e\u0441\u0442\u0438-\u043d\u0430-\u0440\u0430\u0434\u0443\/","og_site_name":"YURT KAYA \u0130N\u015eAAT","twitter_card":"summary_large_image","twitter_misc":{"\u041f\u0440\u043e\u0446\u0435\u045a\u0435\u043d\u043e \u0432\u0440\u0435\u043c\u0435 \u0447\u0438\u0442\u0430\u045a\u0430":"2 \u043c\u0438\u043d\u0443\u0442\u0430"},"schema":{"@context":"https:\/\/schema.org","@graph":[{"@type":"WebPage","@id":"https:\/\/yurtkaya.com\/sr\/%d0%bd%d0%b0%d1%88%d0%b0-%d0%bf%d0%be%d0%bb%d0%b8%d1%82%d0%b8%d0%ba%d0%b0-%d0%b1%d0%b5%d0%b7%d0%b1%d0%b5%d0%b4%d0%bd%d0%be%d1%81%d1%82%d0%b8-%d0%bd%d0%b0-%d1%80%d0%b0%d0%b4%d1%83\/","url":"https:\/\/yurtkaya.com\/sr\/%d0%bd%d0%b0%d1%88%d0%b0-%d0%bf%d0%be%d0%bb%d0%b8%d1%82%d0%b8%d0%ba%d0%b0-%d0%b1%d0%b5%d0%b7%d0%b1%d0%b5%d0%b4%d0%bd%d0%be%d1%81%d1%82%d0%b8-%d0%bd%d0%b0-%d1%80%d0%b0%d0%b4%d1%83\/","name":"\u041d\u0430\u0448\u0430 \u043f\u043e\u043b\u0438\u0442\u0438\u043a\u0430 \u0431\u0435\u0437\u0431\u0435\u0434\u043d\u043e\u0441\u0442\u0438 \u043d\u0430 \u0440\u0430\u0434\u0443 - YURT KAYA \u0130N\u015eAAT","isPartOf":{"@id":"https:\/\/yurtkaya.com\/#website"},"datePublished":"2025-08-14T17:25:29+00:00","breadcrumb":{"@id":"https:\/\/yurtkaya.com\/sr\/%d0%bd%d0%b0%d1%88%d0%b0-%d0%bf%d0%be%d0%bb%d0%b8%d1%82%d0%b8%d0%ba%d0%b0-%d0%b1%d0%b5%d0%b7%d0%b1%d0%b5%d0%b4%d0%bd%d0%be%d1%81%d1%82%d0%b8-%d0%bd%d0%b0-%d1%80%d0%b0%d0%b4%d1%83\/#breadcrumb"},"inLanguage":"sr-RS","potentialAction":[{"@type":"ReadAction","target":["https:\/\/yurtkaya.com\/sr\/%d0%bd%d0%b0%d1%88%d0%b0-%d0%bf%d0%be%d0%bb%d0%b8%d1%82%d0%b8%d0%ba%d0%b0-%d0%b1%d0%b5%d0%b7%d0%b1%d0%b5%d0%b4%d0%bd%d0%be%d1%81%d1%82%d0%b8-%d0%bd%d0%b0-%d1%80%d0%b0%d0%b4%d1%83\/"]}]},{"@type":"BreadcrumbList","@id":"https:\/\/yurtkaya.com\/sr\/%d0%bd%d0%b0%d1%88%d0%b0-%d0%bf%d0%be%d0%bb%d0%b8%d1%82%d0%b8%d0%ba%d0%b0-%d0%b1%d0%b5%d0%b7%d0%b1%d0%b5%d0%b4%d0%bd%d0%be%d1%81%d1%82%d0%b8-%d0%bd%d0%b0-%d1%80%d0%b0%d0%b4%d1%83\/#breadcrumb","itemListElement":[{"@type":"ListItem","position":1,"name":"Anasayfa","item":"https:\/\/yurtkaya.com\/sr\/"},{"@type":"ListItem","position":2,"name":"\u041d\u0430\u0448\u0430 \u043f\u043e\u043b\u0438\u0442\u0438\u043a\u0430 \u0431\u0435\u0437\u0431\u0435\u0434\u043d\u043e\u0441\u0442\u0438 \u043d\u0430 \u0440\u0430\u0434\u0443"}]},{"@type":"WebSite","@id":"https:\/\/yurtkaya.com\/#website","url":"https:\/\/yurtkaya.com\/","name":"YURTKAYA M\u00dcHEND\u0130SL\u0130K VE \u0130N\u015eAAT L\u0130M\u0130TED \u015e\u0130RKET\u0130","description":"https:\/\/yurtkaya.com\/","publisher":{"@id":"https:\/\/yurtkaya.com\/#organization"},"potentialAction":[{"@type":"SearchAction","target":{"@type":"EntryPoint","urlTemplate":"https:\/\/yurtkaya.com\/?s={search_term_string}"},"query-input":{"@type":"PropertyValueSpecification","valueRequired":true,"valueName":"search_term_string"}}],"inLanguage":"sr-RS"},{"@type":"Organization","@id":"https:\/\/yurtkaya.com\/#organization","name":"YURTKAYA \u0130N\u015eAAT MUHEND\u0130SL\u0130K","alternateName":"YURTKAYA \u0130N\u015eAAT","url":"https:\/\/yurtkaya.com\/","logo":{"@type":"ImageObject","inLanguage":"sr-RS","@id":"https:\/\/yurtkaya.com\/#\/schema\/logo\/image\/","url":"https:\/\/yurtkaya.com\/wp-content\/uploads\/2025\/08\/cropped-3.png","contentUrl":"https:\/\/yurtkaya.com\/wp-content\/uploads\/2025\/08\/cropped-3.png","width":512,"height":512,"caption":"YURTKAYA \u0130N\u015eAAT MUHEND\u0130SL\u0130K"},"image":{"@id":"https:\/\/yurtkaya.com\/#\/schema\/logo\/image\/"}}]}},"_links":{"self":[{"href":"https:\/\/yurtkaya.com\/sr\/wp-json\/wp\/v2\/pages\/1025","targetHints":{"allow":["GET"]}}],"collection":[{"href":"https:\/\/yurtkaya.com\/sr\/wp-json\/wp\/v2\/pages"}],"about":[{"href":"https:\/\/yurtkaya.com\/sr\/wp-json\/wp\/v2\/types\/page"}],"author":[{"embeddable":true,"href":"https:\/\/yurtkaya.com\/sr\/wp-json\/wp\/v2\/users\/1"}],"replies":[{"embeddable":true,"href":"https:\/\/yurtkaya.com\/sr\/wp-json\/wp\/v2\/comments?post=1025"}],"version-history":[{"count":0,"href":"https:\/\/yurtkaya.com\/sr\/wp-json\/wp\/v2\/pages\/1025\/revisions"}],"wp:attachment":[{"href":"https:\/\/yurtkaya.com\/sr\/wp-json\/wp\/v2\/media?parent=1025"}],"curies":[{"name":"wp","href":"https:\/\/api.w.org\/{rel}","templated":true}]}}