{"id":1822,"date":"2025-08-14T17:25:29","date_gmt":"2025-08-14T17:25:29","guid":{"rendered":"https:\/\/yurtkaya.com\/%e5%ae%89%e5%81%a5%e7%8e%af\/"},"modified":"2025-08-14T17:25:29","modified_gmt":"2025-08-14T17:25:29","slug":"%e5%ae%89%e5%81%a5%e7%8e%af","status":"publish","type":"page","link":"https:\/\/yurtkaya.com\/zh-hant\/%e5%ae%89%e5%81%a5%e7%8e%af\/","title":{"rendered":"\u5b89\u5065\u73af"},"content":{"rendered":"\n\t<section class=\"section\" id=\"section_902119414\">\n\t\t<div class=\"section-bg fill\" >\n\t\t\t<img loading=\"lazy\" decoding=\"async\" width=\"1400\" height=\"875\" src=\"https:\/\/yurtkaya.com\/wp-content\/uploads\/2025\/08\/29.jpg\" class=\"bg attachment- size-\" alt=\"\" \/>\t\t\t\t\t\t\n\t\t\t\n\n\t\t<\/div>\n\n\t\t\n\n\t\t<div class=\"section-content relative\">\n\t\t\t\n\t\t<\/div>\n\n\t\t\n<style>\n#section_902119414 {\n  padding-top: 30px;\n  padding-bottom: 30px;\n  min-height: 300px;\n}\n#section_902119414 .section-bg img {\n  object-position: 64% 49%;\n}\n@media (min-width:550px) {\n  #section_902119414 {\n    min-height: 400px;\n  }\n}\n@media (min-width:850px) {\n  #section_902119414 {\n    min-height: 500px;\n  }\n}\n<\/style>\n\t<\/section>\n\t\n\n\t<section class=\"section\" id=\"section_1224327514\">\n\t\t<div class=\"section-bg fill\" >\n\t\t\t\t\t\t\t\t\t\n\t\t\t\n\n\t\t<\/div>\n\n\t\t\n\n\t\t<div class=\"section-content relative\">\n\t\t\t\n<div class=\"row align-center\"  id=\"row-484565169\">\n\n\t<div id=\"col-1073290256\" class=\"col medium-12 small-12 large-6\"  >\n\t\t\t\t<div class=\"col-inner\"  >\n\t\t\t\n\t\t\t\n\t<div id=\"gap-557659441\" class=\"gap-element clearfix\" style=\"display:block; height:auto;\">\n\t\t\n<style>\n#gap-557659441 {\n  padding-top: 10px;\n}\n@media (min-width:550px) {\n  #gap-557659441 {\n    padding-top: 20px;\n  }\n}\n@media (min-width:850px) {\n  #gap-557659441 {\n    padding-top: 30px;\n  }\n}\n<\/style>\n\t<\/div>\n\t\n\t<div id=\"text-13846428\" class=\"text\">\n\t\t\n<h2 data-start=\"107\" data-end=\"140\"><strong data-start=\"110\" data-end=\"138\">\u804c\u4e1a\u5b89\u5168\u653f\u7b56<\/strong><\/h2>\n\t\t\n<style>\n#text-13846428 {\n  font-size: 1.55rem;\n}\n<\/style>\n\t<\/div>\n\t\n<p data-start=\"142\" data-end=\"444\">\u672c\u516c\u53f8\u5728\u6240\u6709\u9879\u76ee\u4e2d\uff0c\u5c06\u6700\u9ad8\u6807\u51c6\u5b9e\u65bd<strong data-start=\"177\" data-end=\"204\">\u804c\u4e1a\u5065\u5eb7\u4e0e\u5b89\u5168<\/strong>\u89c4\u5219\u4f5c\u4e3a\u57fa\u672c\u539f\u5219\u3002\u6211\u4eec\u7684\u76ee\u6807\u662f\uff0c\u786e\u4fdd\u5458\u5de5\u3001\u4e1a\u52a1\u4f19\u4f34\u548c\u9879\u76ee\u533a\u57df\u5185\u6240\u6709\u4eba\u5458\u7684\u5b89\u5168\uff0c\u4ee5\u201c\u96f6\u4e8b\u6545\u201d\u4e3a\u76ee\u6807\u6301\u7eed\u5f00\u5c55\u6d3b\u52a8\u3002<\/p>\n\t\t<\/div>\n\t\t\t\t\n<style>\n#col-1073290256 > .col-inner {\n  padding: 0px 10% 0px 0px;\n}\n<\/style>\n\t<\/div>\n\n\t\n\n\t<div id=\"col-1432965194\" class=\"col medium-12 small-12 large-6\"  >\n\t\t\t\t<div class=\"col-inner\" style=\"background-color:rgb(241, 241, 241);\" >\n\t\t\t\n\t<div class=\"is-border\"\n\t\tstyle=\"border-color:rgb(73, 193, 147);border-width:10px 0px 0px 0px;\">\n\t<\/div>\n\t\t\t\n\t<div id=\"text-2620601243\" class=\"text\">\n\t\t\n<h3>\u5728\u6240\u6709\u65bd\u5de5\u73b0\u573a\uff0c\u6211\u4eec\u9075\u5b88\u56fd\u5bb6\u548c\u56fd\u9645\u804c\u4e1a\u5b89\u5168\u6807\u51c6\uff0c\u5e76\u91c7\u53d6\u4ee5\u4e0b\u63aa\u65bd\uff1a<\/h3>\n\t\t\n<style>\n#text-2620601243 {\n  font-size: 1.25rem;\n}\n<\/style>\n\t<\/div>\n\t\n<ul>\n\u00a0\t<\/p>\n<li>\u5b9a\u671f\u8fdb\u884c<strong data-start=\"537\" data-end=\"556\">\u98ce\u9669\u5206\u6790<\/strong>\u3002<\/li>\n<p>\u00a0\t<\/p>\n<li>\u5411\u5458\u5de5\u63d0\u4f9b<strong data-start=\"597\" data-end=\"634\">\u5b9a\u671f\u804c\u4e1a\u5b89\u5168\u57f9\u8bad<\/strong>\u3002<\/li>\n<p>\u00a0\t<\/p>\n<li>\u8db3\u989d\u63d0\u4f9b\u5e76\u76d1\u7763\u4f7f\u7528<strong data-start=\"648\" data-end=\"679\">\u4e2a\u4eba\u9632\u62a4\u8bbe\u5907<\/strong>\u3002<\/li>\n<p>\u00a0\t<\/p>\n<li>\u5236\u5b9a\u5e76\u4ee5\u6f14\u4e60\u65b9\u5f0f\u5b9e\u65bd\u5e94\u6025\u884c\u52a8\u8ba1\u5212\u3002<\/li>\n<p>\u00a0\t<\/p>\n<li>\u5efa\u7acb\u5bf9\u73af\u5883\u548c\u793e\u533a\u8d1f\u8d23\u7684\u5de5\u4f5c\u6587\u5316\u3002<\/li>\n<\/ul>\n\t\t<\/div>\n\t\t\t\t\n<style>\n#col-1432965194 > .col-inner {\n  padding: 15% 10% 5% 10%;\n  margin: 0 0px 0px 0px;\n}\n@media (min-width:550px) {\n  #col-1432965194 > .col-inner {\n    padding: 10% 10% 8% 10%;\n  }\n}\n@media (min-width:850px) {\n  #col-1432965194 > .col-inner {\n    padding: 15% 15% 10% 15%;\n    margin: -172px 0px 0px 0px;\n  }\n}\n<\/style>\n\t<\/div>\n\n\t\n<\/div>\n\t\t<\/div>\n\n\t\t\n<style>\n#section_1224327514 {\n  padding-top: 30px;\n  padding-bottom: 30px;\n}\n<\/style>\n\t<\/section>\n\t\n\n\t<section class=\"section\" id=\"section_1560707741\">\n\t\t<div class=\"section-bg fill\" >\n\t\t\t\t\t\t\t\t\t\n\t\t\t\n\n\t\t<\/div>\n\n\t\t\n\n\t\t<div class=\"section-content relative\">\n\t\t\t\n\t<div id=\"gap-602585397\" class=\"gap-element clearfix\" style=\"display:block; height:auto;\">\n\t\t\n<style>\n#gap-602585397 {\n  padding-top: 30px;\n}\n<\/style>\n\t<\/div>\n\t\n<div class=\"row row-small align-equal\"  id=\"row-887520553\">\n\n\t<div id=\"col-952825059\" class=\"col medium-7 small-12 large-8\"  >\n\t\t\t\t<div class=\"col-inner\"  >\n\t\t\t\n\t\t\t\n\n  <div class=\"banner has-hover\" id=\"banner-704551602\">\n          <div class=\"banner-inner fill\">\n        <div class=\"banner-bg fill\" >\n            <img loading=\"lazy\" decoding=\"async\" width=\"1020\" height=\"638\" src=\"https:\/\/yurtkaya.com\/wp-content\/uploads\/2025\/08\/26-1280x800.jpg\" class=\"bg attachment-large size-large\" alt=\"\" \/>                                    \n                    <\/div>\n\t\t\n        <div class=\"banner-layers container\">\n            <div class=\"fill banner-link\"><\/div>            \n   <div id=\"text-box-347189247\" class=\"text-box banner-layer x50 md-x50 lg-x50 y50 md-y50 lg-y50 res-text\">\n                                <div class=\"text-box-content text dark\">\n              \n              <div class=\"text-inner text-center\">\n                  \n              <\/div>\n           <\/div>\n                            \n<style>\n#text-box-347189247 {\n  width: 60%;\n}\n#text-box-347189247 .text-box-content {\n  font-size: 100%;\n}\n@media (min-width:550px) {\n  #text-box-347189247 {\n    width: 60%;\n  }\n}\n<\/style>\n    <\/div>\n \n        <\/div>\n      <\/div>\n\n            \n<style>\n#banner-704551602 {\n  padding-top: 250px;\n  background-color: rgba(255, 255, 255, 0);\n}\n#banner-704551602 .banner-bg img {\n  object-position: 53% 60%;\n}\n@media (min-width:550px) {\n  #banner-704551602 {\n    padding-top: 400px;\n  }\n}\n<\/style>\n  <\/div>\n\n\n\t\t<\/div>\n\t\t\t\t\t<\/div>\n\n\t\n\n\t<div id=\"col-542296751\" class=\"col medium-5 small-12 large-4\"  >\n\t\t\t\t<div class=\"col-inner text-center\"  >\n\t\t\t\n\t<div class=\"is-border\"\n\t\tstyle=\"border-color:rgb(39, 54, 71);border-width:2px 2px 2px 2px;\">\n\t<\/div>\n\t\t\t\n\t<div id=\"gap-839384414\" class=\"gap-element clearfix\" style=\"display:block; height:auto;\">\n\t\t\n<style>\n#gap-839384414 {\n  padding-top: 20px;\n}\n@media (min-width:550px) {\n  #gap-839384414 {\n    padding-top: 60px;\n  }\n}\n<\/style>\n\t<\/div>\n\t\n\t<div id=\"text-3402734996\" class=\"text\">\n\t\t\n<p>\u5728\u6211\u4eec\u7684\u6bcf\u4e00\u4e2a\u9879\u76ee\u4e2d\uff0c\u6211\u4eec\u90fd\u79c9\u627f<strong data-start=\"919\" data-end=\"935\">\u201c\u4ee5\u4eba\u4e3a\u672c\u201d<\/strong>\u7684\u7406\u5ff5\uff0c\u901a\u8fc7\u63d0\u4f9b\u5b89\u5168\u7684\u5de5\u4f5c\u73af\u5883\uff0c\u4fdd\u969c\u5458\u5de5\u7684\u5b89\u5168\u548c\u5de5\u4f5c\u7684\u8fde\u7eed\u6027\u3002<\/p>\n\t\t\n<style>\n#text-3402734996 {\n  font-size: 1rem;\n}\n<\/style>\n\t<\/div>\n\t\n\t\t<\/div>\n\t\t\t\t\n<style>\n#col-542296751 > .col-inner {\n  padding: 15% 15% 15% 15%;\n}\n<\/style>\n\t<\/div>\n\n\t\n<\/div>\n\t\t<\/div>\n\n\t\t\n<style>\n#section_1560707741 {\n  padding-top: 30px;\n  padding-bottom: 30px;\n}\n<\/style>\n\t<\/section>\n\t\n","protected":false},"excerpt":{"rendered":"","protected":false},"author":1,"featured_media":0,"parent":0,"menu_order":0,"comment_status":"closed","ping_status":"closed","template":"page-blank.php","meta":{"pagelayer_contact_templates":[],"_pagelayer_content":"","footnotes":""},"class_list":["post-1822","page","type-page","status-publish","hentry"],"yoast_head":"<!-- This site is optimized with the Yoast SEO plugin v27.2 - https:\/\/yoast.com\/product\/yoast-seo-wordpress\/ -->\n<title>\u5b89\u5065\u73af - YURT KAYA \u0130N\u015eAAT<\/title>\n<meta name=\"robots\" content=\"index, follow, max-snippet:-1, max-image-preview:large, max-video-preview:-1\" \/>\n<link rel=\"canonical\" href=\"https:\/\/yurtkaya.com\/zh-hant\/\u5b89\u5065\u73af\/\" \/>\n<meta property=\"og:locale\" content=\"zh_TW\" \/>\n<meta property=\"og:type\" content=\"article\" \/>\n<meta property=\"og:title\" content=\"\u5b89\u5065\u73af - YURT KAYA \u0130N\u015eAAT\" \/>\n<meta property=\"og:url\" content=\"https:\/\/yurtkaya.com\/zh-hant\/\u5b89\u5065\u73af\/\" \/>\n<meta property=\"og:site_name\" content=\"YURT KAYA \u0130N\u015eAAT\" \/>\n<meta name=\"twitter:card\" content=\"summary_large_image\" \/>\n<meta name=\"twitter:label1\" content=\"\u9810\u4f30\u95b1\u8b80\u6642\u9593\" \/>\n\t<meta name=\"twitter:data1\" content=\"1 \u5206\u9418\" \/>\n<script type=\"application\/ld+json\" class=\"yoast-schema-graph\">{\"@context\":\"https:\/\/schema.org\",\"@graph\":[{\"@type\":\"WebPage\",\"@id\":\"https:\/\/yurtkaya.com\/zh-hant\/%e5%ae%89%e5%81%a5%e7%8e%af\/\",\"url\":\"https:\/\/yurtkaya.com\/zh-hant\/%e5%ae%89%e5%81%a5%e7%8e%af\/\",\"name\":\"\u5b89\u5065\u73af - YURT KAYA \u0130N\u015eAAT\",\"isPartOf\":{\"@id\":\"https:\/\/yurtkaya.com\/#website\"},\"datePublished\":\"2025-08-14T17:25:29+00:00\",\"breadcrumb\":{\"@id\":\"https:\/\/yurtkaya.com\/zh-hant\/%e5%ae%89%e5%81%a5%e7%8e%af\/#breadcrumb\"},\"inLanguage\":\"zh-TW\",\"potentialAction\":[{\"@type\":\"ReadAction\",\"target\":[\"https:\/\/yurtkaya.com\/zh-hant\/%e5%ae%89%e5%81%a5%e7%8e%af\/\"]}]},{\"@type\":\"BreadcrumbList\",\"@id\":\"https:\/\/yurtkaya.com\/zh-hant\/%e5%ae%89%e5%81%a5%e7%8e%af\/#breadcrumb\",\"itemListElement\":[{\"@type\":\"ListItem\",\"position\":1,\"name\":\"Anasayfa\",\"item\":\"https:\/\/yurtkaya.com\/zh-hant\/\"},{\"@type\":\"ListItem\",\"position\":2,\"name\":\"\u5b89\u5065\u73af\"}]},{\"@type\":\"WebSite\",\"@id\":\"https:\/\/yurtkaya.com\/#website\",\"url\":\"https:\/\/yurtkaya.com\/\",\"name\":\"YURTKAYA M\u00dcHEND\u0130SL\u0130K VE \u0130N\u015eAAT L\u0130M\u0130TED \u015e\u0130RKET\u0130\",\"description\":\"https:\/\/yurtkaya.com\/\",\"publisher\":{\"@id\":\"https:\/\/yurtkaya.com\/#organization\"},\"potentialAction\":[{\"@type\":\"SearchAction\",\"target\":{\"@type\":\"EntryPoint\",\"urlTemplate\":\"https:\/\/yurtkaya.com\/?s={search_term_string}\"},\"query-input\":{\"@type\":\"PropertyValueSpecification\",\"valueRequired\":true,\"valueName\":\"search_term_string\"}}],\"inLanguage\":\"zh-TW\"},{\"@type\":\"Organization\",\"@id\":\"https:\/\/yurtkaya.com\/#organization\",\"name\":\"YURTKAYA \u0130N\u015eAAT MUHEND\u0130SL\u0130K\",\"alternateName\":\"YURTKAYA \u0130N\u015eAAT\",\"url\":\"https:\/\/yurtkaya.com\/\",\"logo\":{\"@type\":\"ImageObject\",\"inLanguage\":\"zh-TW\",\"@id\":\"https:\/\/yurtkaya.com\/#\/schema\/logo\/image\/\",\"url\":\"https:\/\/yurtkaya.com\/wp-content\/uploads\/2025\/08\/cropped-3.png\",\"contentUrl\":\"https:\/\/yurtkaya.com\/wp-content\/uploads\/2025\/08\/cropped-3.png\",\"width\":512,\"height\":512,\"caption\":\"YURTKAYA \u0130N\u015eAAT MUHEND\u0130SL\u0130K\"},\"image\":{\"@id\":\"https:\/\/yurtkaya.com\/#\/schema\/logo\/image\/\"}}]}<\/script>\n<!-- \/ Yoast SEO plugin. -->","yoast_head_json":{"title":"\u5b89\u5065\u73af - YURT KAYA \u0130N\u015eAAT","robots":{"index":"index","follow":"follow","max-snippet":"max-snippet:-1","max-image-preview":"max-image-preview:large","max-video-preview":"max-video-preview:-1"},"canonical":"https:\/\/yurtkaya.com\/zh-hant\/\u5b89\u5065\u73af\/","og_locale":"zh_TW","og_type":"article","og_title":"\u5b89\u5065\u73af - YURT KAYA \u0130N\u015eAAT","og_url":"https:\/\/yurtkaya.com\/zh-hant\/\u5b89\u5065\u73af\/","og_site_name":"YURT KAYA \u0130N\u015eAAT","twitter_card":"summary_large_image","twitter_misc":{"\u9810\u4f30\u95b1\u8b80\u6642\u9593":"1 \u5206\u9418"},"schema":{"@context":"https:\/\/schema.org","@graph":[{"@type":"WebPage","@id":"https:\/\/yurtkaya.com\/zh-hant\/%e5%ae%89%e5%81%a5%e7%8e%af\/","url":"https:\/\/yurtkaya.com\/zh-hant\/%e5%ae%89%e5%81%a5%e7%8e%af\/","name":"\u5b89\u5065\u73af - YURT KAYA \u0130N\u015eAAT","isPartOf":{"@id":"https:\/\/yurtkaya.com\/#website"},"datePublished":"2025-08-14T17:25:29+00:00","breadcrumb":{"@id":"https:\/\/yurtkaya.com\/zh-hant\/%e5%ae%89%e5%81%a5%e7%8e%af\/#breadcrumb"},"inLanguage":"zh-TW","potentialAction":[{"@type":"ReadAction","target":["https:\/\/yurtkaya.com\/zh-hant\/%e5%ae%89%e5%81%a5%e7%8e%af\/"]}]},{"@type":"BreadcrumbList","@id":"https:\/\/yurtkaya.com\/zh-hant\/%e5%ae%89%e5%81%a5%e7%8e%af\/#breadcrumb","itemListElement":[{"@type":"ListItem","position":1,"name":"Anasayfa","item":"https:\/\/yurtkaya.com\/zh-hant\/"},{"@type":"ListItem","position":2,"name":"\u5b89\u5065\u73af"}]},{"@type":"WebSite","@id":"https:\/\/yurtkaya.com\/#website","url":"https:\/\/yurtkaya.com\/","name":"YURTKAYA M\u00dcHEND\u0130SL\u0130K VE \u0130N\u015eAAT L\u0130M\u0130TED \u015e\u0130RKET\u0130","description":"https:\/\/yurtkaya.com\/","publisher":{"@id":"https:\/\/yurtkaya.com\/#organization"},"potentialAction":[{"@type":"SearchAction","target":{"@type":"EntryPoint","urlTemplate":"https:\/\/yurtkaya.com\/?s={search_term_string}"},"query-input":{"@type":"PropertyValueSpecification","valueRequired":true,"valueName":"search_term_string"}}],"inLanguage":"zh-TW"},{"@type":"Organization","@id":"https:\/\/yurtkaya.com\/#organization","name":"YURTKAYA \u0130N\u015eAAT MUHEND\u0130SL\u0130K","alternateName":"YURTKAYA \u0130N\u015eAAT","url":"https:\/\/yurtkaya.com\/","logo":{"@type":"ImageObject","inLanguage":"zh-TW","@id":"https:\/\/yurtkaya.com\/#\/schema\/logo\/image\/","url":"https:\/\/yurtkaya.com\/wp-content\/uploads\/2025\/08\/cropped-3.png","contentUrl":"https:\/\/yurtkaya.com\/wp-content\/uploads\/2025\/08\/cropped-3.png","width":512,"height":512,"caption":"YURTKAYA \u0130N\u015eAAT MUHEND\u0130SL\u0130K"},"image":{"@id":"https:\/\/yurtkaya.com\/#\/schema\/logo\/image\/"}}]}},"_links":{"self":[{"href":"https:\/\/yurtkaya.com\/zh-hant\/wp-json\/wp\/v2\/pages\/1822","targetHints":{"allow":["GET"]}}],"collection":[{"href":"https:\/\/yurtkaya.com\/zh-hant\/wp-json\/wp\/v2\/pages"}],"about":[{"href":"https:\/\/yurtkaya.com\/zh-hant\/wp-json\/wp\/v2\/types\/page"}],"author":[{"embeddable":true,"href":"https:\/\/yurtkaya.com\/zh-hant\/wp-json\/wp\/v2\/users\/1"}],"replies":[{"embeddable":true,"href":"https:\/\/yurtkaya.com\/zh-hant\/wp-json\/wp\/v2\/comments?post=1822"}],"version-history":[{"count":0,"href":"https:\/\/yurtkaya.com\/zh-hant\/wp-json\/wp\/v2\/pages\/1822\/revisions"}],"wp:attachment":[{"href":"https:\/\/yurtkaya.com\/zh-hant\/wp-json\/wp\/v2\/media?parent=1822"}],"curies":[{"name":"wp","href":"https:\/\/api.w.org\/{rel}","templated":true}]}}